{"id":1483,"date":"2022-06-08T12:12:56","date_gmt":"2022-06-08T12:12:56","guid":{"rendered":"https:\/\/onlinecasino360.net\/artikkelit\/"},"modified":"2026-04-20T13:26:14","modified_gmt":"2026-04-20T13:26:14","slug":"artikel","status":"publish","type":"page","link":"https:\/\/onlinecasino360.net\/de\/artikel\/","title":{"rendered":"Artikel"},"content":{"rendered":"\n<h1 class=\"wp-block-heading\">Artikel<\/h1>\n\n\n\n<p>Unsere Website noregistrationcasino.io wurde entwickelt, um den Wissensdurst und die Bed\u00fcrfnisse aller am Casinospielbereich Interessierten zu erf\u00fcllen. Unser Ziel ist es, Ihnen eine F\u00fclle an Informationen \u00fcber s\u00e4mtliche m\u00f6glichen Entwicklungen und Neuigkeiten in der Branche bereitzustellen.<\/p>\n\n\n\n<p>Auf dieser Seite finden Sie alle unsere neuesten Artikel sowie Informationen dar\u00fcber, was Sie in Zukunft erwarten k\u00f6nnen.<\/p>\n\n\n<div class=\"news-wrapper\"><div class=\"news-item stretch\">\n    <div class=\"news-item-image-wrapper\" style=\"background-image:url('https:\/\/onlinecasino360.net\/wp-content\/uploads\/2026\/04\/niek-doup-eMifpRdFOQU-unsplash-scaled.jpg');\"><\/div>\n    <div class=\"news-item-text-wrapper\">\n        <div class=\"news-title-wrapper\">\n            <div class=\"date\">2026-04-20<\/div>\n            <div class=\"title\">Kleine UX-Details, die den Unterschied machen: Entscheidende Mikro-Reibungen \u2013 ob Casinospieler bleiben oder gehen<\/div>\n        <\/div>\n        <div class=\"excerpt\">Kleine UX-Details, die den Unterschied machen: Entscheidende Mikro-Reibungen \u2013 ob Casinospieler bleiben oder gehen W\u00e4hrend viele Trends im iGaming darauf...<\/div>\n    <\/div>\n\n    <div class=\"news-item-cta-wrapper\">\n        <a href=\"https:\/\/onlinecasino360.net\/de\/artikel\/kleine-ux-details-die-den-unterschied-machen-entscheidende-mikro-reibungen-ob-casinospieler-bleiben-oder-gehen\/\" class=\"button outline\">Weiter lesen <\/a>\n    <\/div>\n<\/div><\/div>\n\n\n\n<p><\/p>\n","protected":false},"excerpt":{"rendered":"<p>Artikel Unsere Website noregistrationcasino.io wurde entwickelt, um den Wissensdurst und die Bed\u00fcrfnisse aller am Casinospielbereich Interessierten zu erf\u00fcllen. Unser Ziel&#8230;<\/p>\n","protected":false},"author":8,"featured_media":0,"parent":0,"menu_order":0,"comment_status":"closed","ping_status":"closed","template":"","meta":{"_acf_changed":false,"footnotes":""},"class_list":["post-1483","page","type-page","status-publish","hentry"],"acf":[],"yoast_head":"<!-- This site is optimized with the Yoast SEO plugin v27.0 - https:\/\/yoast.com\/product\/yoast-seo-wordpress\/ -->\n<title>Artikkelit | Katsaus kirjoittamiimme tietopaketteihin<\/title>\n<meta name=\"description\" content=\"Artikkelit sivumme valaisee sinulla pelialan saloja ja v\u00e4litt\u00e4\u00e4 sinulle t\u00e4m\u00e4n hetken t\u00e4rkeimm\u00e4t uutiset ja kiinnostavimmat tapahtumat. Antoisia lukuhetki\u00e4!\" \/>\n<meta name=\"robots\" content=\"index, follow, max-snippet:-1, max-image-preview:large, max-video-preview:-1\" \/>\n<link rel=\"canonical\" href=\"https:\/\/onlinecasino360.net\/de\/artikel\/\" \/>\n<meta property=\"og:locale\" content=\"de_DE\" \/>\n<meta property=\"og:type\" content=\"article\" \/>\n<meta property=\"og:title\" content=\"Artikkelit | Katsaus kirjoittamiimme tietopaketteihin\" \/>\n<meta property=\"og:description\" content=\"Artikkelit sivumme valaisee sinulla pelialan saloja ja v\u00e4litt\u00e4\u00e4 sinulle t\u00e4m\u00e4n hetken t\u00e4rkeimm\u00e4t uutiset ja kiinnostavimmat tapahtumat. Antoisia lukuhetki\u00e4!\" \/>\n<meta property=\"og:url\" content=\"https:\/\/onlinecasino360.net\/de\/artikel\/\" \/>\n<meta property=\"og:site_name\" content=\"Online Casino 360\" \/>\n<meta property=\"article:modified_time\" content=\"2026-04-20T13:26:14+00:00\" \/>\n<meta name=\"twitter:card\" content=\"summary_large_image\" \/>\n<meta name=\"twitter:label1\" content=\"Gesch\u00e4tzte Lesezeit\" \/>\n\t<meta name=\"twitter:data1\" content=\"1\u00a0Minute\" \/>\n<script type=\"application\/ld+json\" class=\"yoast-schema-graph\">{\"@context\":\"https:\/\/schema.org\",\"@graph\":[{\"@type\":\"WebPage\",\"@id\":\"https:\/\/onlinecasino360.net\/de\/artikel\/\",\"url\":\"https:\/\/onlinecasino360.net\/de\/artikel\/\",\"name\":\"Artikkelit | Katsaus kirjoittamiimme tietopaketteihin\",\"isPartOf\":{\"@id\":\"https:\/\/onlinecasino360.net\/de\/#website\"},\"datePublished\":\"2022-06-08T12:12:56+00:00\",\"dateModified\":\"2026-04-20T13:26:14+00:00\",\"description\":\"Artikkelit sivumme valaisee sinulla pelialan saloja ja v\u00e4litt\u00e4\u00e4 sinulle t\u00e4m\u00e4n hetken t\u00e4rkeimm\u00e4t uutiset ja kiinnostavimmat tapahtumat. Antoisia lukuhetki\u00e4!\",\"breadcrumb\":{\"@id\":\"https:\/\/onlinecasino360.net\/de\/artikel\/#breadcrumb\"},\"inLanguage\":\"de\",\"potentialAction\":[{\"@type\":\"ReadAction\",\"target\":[\"https:\/\/onlinecasino360.net\/de\/artikel\/\"]}]},{\"@type\":\"BreadcrumbList\",\"@id\":\"https:\/\/onlinecasino360.net\/de\/artikel\/#breadcrumb\",\"itemListElement\":[{\"@type\":\"ListItem\",\"position\":1,\"name\":\"Svenska Casinon\",\"item\":\"https:\/\/onlinecasino360.net\/de\/\"},{\"@type\":\"ListItem\",\"position\":2,\"name\":\"Artikel\"}]},{\"@type\":\"WebSite\",\"@id\":\"https:\/\/onlinecasino360.net\/de\/#website\",\"url\":\"https:\/\/onlinecasino360.net\/de\/\",\"name\":\"Online Casino 360\",\"description\":\"Your online casino portal\",\"publisher\":{\"@id\":\"https:\/\/onlinecasino360.net\/de\/#organization\"},\"potentialAction\":[{\"@type\":\"SearchAction\",\"target\":{\"@type\":\"EntryPoint\",\"urlTemplate\":\"https:\/\/onlinecasino360.net\/de\/?s={search_term_string}\"},\"query-input\":{\"@type\":\"PropertyValueSpecification\",\"valueRequired\":true,\"valueName\":\"search_term_string\"}}],\"inLanguage\":\"de\"},{\"@type\":\"Organization\",\"@id\":\"https:\/\/onlinecasino360.net\/de\/#organization\",\"name\":\"Evoula AB\",\"url\":\"https:\/\/onlinecasino360.net\/de\/\",\"logo\":{\"@type\":\"ImageObject\",\"inLanguage\":\"de\",\"@id\":\"https:\/\/onlinecasino360.net\/de\/#\/schema\/logo\/image\/\",\"url\":\"https:\/\/onlinecasino360.net\/wp-content\/uploads\/2022\/06\/onlinecasino360.svg\",\"contentUrl\":\"https:\/\/onlinecasino360.net\/wp-content\/uploads\/2022\/06\/onlinecasino360.svg\",\"caption\":\"Evoula AB\"},\"image\":{\"@id\":\"https:\/\/onlinecasino360.net\/de\/#\/schema\/logo\/image\/\"}}]}<\/script>\n<!-- \/ Yoast SEO plugin. -->","yoast_head_json":{"title":"Artikkelit | Katsaus kirjoittamiimme tietopaketteihin","description":"Artikkelit sivumme valaisee sinulla pelialan saloja ja v\u00e4litt\u00e4\u00e4 sinulle t\u00e4m\u00e4n hetken t\u00e4rkeimm\u00e4t uutiset ja kiinnostavimmat tapahtumat. Antoisia lukuhetki\u00e4!","robots":{"index":"index","follow":"follow","max-snippet":"max-snippet:-1","max-image-preview":"max-image-preview:large","max-video-preview":"max-video-preview:-1"},"canonical":"https:\/\/onlinecasino360.net\/de\/artikel\/","og_locale":"de_DE","og_type":"article","og_title":"Artikkelit | Katsaus kirjoittamiimme tietopaketteihin","og_description":"Artikkelit sivumme valaisee sinulla pelialan saloja ja v\u00e4litt\u00e4\u00e4 sinulle t\u00e4m\u00e4n hetken t\u00e4rkeimm\u00e4t uutiset ja kiinnostavimmat tapahtumat. Antoisia lukuhetki\u00e4!","og_url":"https:\/\/onlinecasino360.net\/de\/artikel\/","og_site_name":"Online Casino 360","article_modified_time":"2026-04-20T13:26:14+00:00","twitter_card":"summary_large_image","twitter_misc":{"Gesch\u00e4tzte Lesezeit":"1\u00a0Minute"},"schema":{"@context":"https:\/\/schema.org","@graph":[{"@type":"WebPage","@id":"https:\/\/onlinecasino360.net\/de\/artikel\/","url":"https:\/\/onlinecasino360.net\/de\/artikel\/","name":"Artikkelit | Katsaus kirjoittamiimme tietopaketteihin","isPartOf":{"@id":"https:\/\/onlinecasino360.net\/de\/#website"},"datePublished":"2022-06-08T12:12:56+00:00","dateModified":"2026-04-20T13:26:14+00:00","description":"Artikkelit sivumme valaisee sinulla pelialan saloja ja v\u00e4litt\u00e4\u00e4 sinulle t\u00e4m\u00e4n hetken t\u00e4rkeimm\u00e4t uutiset ja kiinnostavimmat tapahtumat. Antoisia lukuhetki\u00e4!","breadcrumb":{"@id":"https:\/\/onlinecasino360.net\/de\/artikel\/#breadcrumb"},"inLanguage":"de","potentialAction":[{"@type":"ReadAction","target":["https:\/\/onlinecasino360.net\/de\/artikel\/"]}]},{"@type":"BreadcrumbList","@id":"https:\/\/onlinecasino360.net\/de\/artikel\/#breadcrumb","itemListElement":[{"@type":"ListItem","position":1,"name":"Svenska Casinon","item":"https:\/\/onlinecasino360.net\/de\/"},{"@type":"ListItem","position":2,"name":"Artikel"}]},{"@type":"WebSite","@id":"https:\/\/onlinecasino360.net\/de\/#website","url":"https:\/\/onlinecasino360.net\/de\/","name":"Online Casino 360","description":"Your online casino portal","publisher":{"@id":"https:\/\/onlinecasino360.net\/de\/#organization"},"potentialAction":[{"@type":"SearchAction","target":{"@type":"EntryPoint","urlTemplate":"https:\/\/onlinecasino360.net\/de\/?s={search_term_string}"},"query-input":{"@type":"PropertyValueSpecification","valueRequired":true,"valueName":"search_term_string"}}],"inLanguage":"de"},{"@type":"Organization","@id":"https:\/\/onlinecasino360.net\/de\/#organization","name":"Evoula AB","url":"https:\/\/onlinecasino360.net\/de\/","logo":{"@type":"ImageObject","inLanguage":"de","@id":"https:\/\/onlinecasino360.net\/de\/#\/schema\/logo\/image\/","url":"https:\/\/onlinecasino360.net\/wp-content\/uploads\/2022\/06\/onlinecasino360.svg","contentUrl":"https:\/\/onlinecasino360.net\/wp-content\/uploads\/2022\/06\/onlinecasino360.svg","caption":"Evoula AB"},"image":{"@id":"https:\/\/onlinecasino360.net\/de\/#\/schema\/logo\/image\/"}}]}},"_links":{"self":[{"href":"https:\/\/onlinecasino360.net\/de\/wp-json\/wp\/v2\/pages\/1483","targetHints":{"allow":["GET"]}}],"collection":[{"href":"https:\/\/onlinecasino360.net\/de\/wp-json\/wp\/v2\/pages"}],"about":[{"href":"https:\/\/onlinecasino360.net\/de\/wp-json\/wp\/v2\/types\/page"}],"author":[{"embeddable":true,"href":"https:\/\/onlinecasino360.net\/de\/wp-json\/wp\/v2\/users\/8"}],"replies":[{"embeddable":true,"href":"https:\/\/onlinecasino360.net\/de\/wp-json\/wp\/v2\/comments?post=1483"}],"version-history":[{"count":2,"href":"https:\/\/onlinecasino360.net\/de\/wp-json\/wp\/v2\/pages\/1483\/revisions"}],"predecessor-version":[{"id":1486,"href":"https:\/\/onlinecasino360.net\/de\/wp-json\/wp\/v2\/pages\/1483\/revisions\/1486"}],"wp:attachment":[{"href":"https:\/\/onlinecasino360.net\/de\/wp-json\/wp\/v2\/media?parent=1483"}],"curies":[{"name":"wp","href":"https:\/\/api.w.org\/{rel}","templated":true}]}}