{"id":225,"date":"2022-06-14T09:29:31","date_gmt":"2022-06-14T09:29:31","guid":{"rendered":"https:\/\/onlinecasino360.net\/?page_id=225"},"modified":"2022-06-14T09:29:32","modified_gmt":"2022-06-14T09:29:32","slug":"evasteet-sivustolla","status":"publish","type":"page","link":"https:\/\/onlinecasino360.net\/fi\/evasteet-sivustolla\/","title":{"rendered":"Ev\u00e4steet sivustolla"},"content":{"rendered":"\n<h1 class=\"wp-block-heading\"><strong>Ev\u00e4steet sivustolla onlinecasino360.net<\/strong><\/h1>\n\n\n\n<p>T\u00e4ll\u00e4 sivulla p\u00e4\u00e4set lukemaan tarkasti onlinecasino360.net -sivuston ev\u00e4steist\u00e4.<\/p>\n\n\n\n<h2 class=\"wp-block-heading\"><strong>Mitk\u00e4 ihmeen ev\u00e4steet<\/strong><\/h2>\n\n\n\n<p>Ev\u00e4steet \u2013 englanninkieliselt\u00e4 nimelt\u00e4\u00e4n cookiet (cookies) \u2013 her\u00e4tt\u00e4v\u00e4t ihmisiss\u00e4 monenlaisia ajatuksia. Vuoden 2018 uuden EU-asetuksen j\u00e4lkeen k\u00e4yt\u00e4nn\u00f6ss\u00e4 jokainen meik\u00e4l\u00e4isille palveluitaan tarjoava sivusto on pakotettu pyyt\u00e4m\u00e4\u00e4n k\u00e4ytt\u00e4jilt\u00e4\u00e4n lupaa ev\u00e4steiden ker\u00e4\u00e4miseen. Teknisesti ottaen ev\u00e4steet ovat ik\u00e4\u00e4n kuin er\u00e4\u00e4nlaisia pienikokoisia tiedostoja, joita nettisivun palveluntarjoaja tallentaa vierailijoidensa k\u00e4ytt\u00f6kokemusta parantaakseen.<\/p>\n\n\n\n<p>T\u00e4ll\u00e4 alasivulla l\u00f6yd\u00e4t vastaukset varmasti suurimpaan osaan mielt\u00e4si askarruttavista kysymyksist\u00e4. K\u00e4ymme l\u00e4pi muun muassa sit\u00e4, miksi ev\u00e4steit\u00e4 k\u00e4ytet\u00e4\u00e4n ja millaisia tietoja niiden avulla ker\u00e4t\u00e4\u00e4n. Samalla k\u00e4ymme l\u00e4pi omaa ev\u00e4stek\u00e4yt\u00e4nt\u00f6\u00e4mme ja sit\u00e4, kuinka kauan ev\u00e4steit\u00e4 s\u00e4ilytet\u00e4\u00e4n sivustollamme.<\/p>\n\n\n\n<p>Lyhyk\u00e4isyydess\u00e4\u00e4n voit huokaista helpotuksesta, sill\u00e4 emme koskaan pakota sinua hyv\u00e4ksym\u00e4\u00e4n sivujemme ev\u00e4steit\u00e4. Mik\u00e4li kuitenkin kielt\u00e4ydyt niist\u00e4, saatat huomata k\u00e4ytt\u00f6kokemuksessasi paikoin pieni\u00e4 katkoksia. Emme v\u00e4ltt\u00e4m\u00e4tt\u00e4 pysty valjastamaan sivustomme parasta potentiaalia k\u00e4ytt\u00f6\u00f6si, jos emme saa lupaa ev\u00e4steiden k\u00e4ytt\u00f6\u00f6n.<\/p>\n\n\n\n<h2 class=\"wp-block-heading\"><strong>Miksi sivustomme tarvitsee ev\u00e4steit\u00e4<\/strong><\/h2>\n\n\n\n<p>Kuten sanottua, suurin syy siihen, miksi k\u00e4yt\u00e4mme ev\u00e4steit\u00e4, on mutkattoman k\u00e4ytt\u00f6kokemuksen takaaminen. Jos emme saa tunnistaa sinua ev\u00e4steidesi perusteella, ei sivustollamme k\u00e4yt\u00e4nn\u00f6ss\u00e4 ole sinun kohdallasi lainkaan muistia. Jos sivustomme ei voi muistaa sinua, ei se voi my\u00f6sk\u00e4\u00e4n painaa mieleen k\u00e4ytt\u00f6kokemuksesi kannalta t\u00e4rkeit\u00e4 asioita sinun tarpeistasi. On siis ennen kaikkea oman etusi mukaista, ett\u00e4 hyv\u00e4ksyt ev\u00e4steiden k\u00e4yt\u00f6n.<\/p>\n\n\n\n<h2 class=\"wp-block-heading\"><strong>Onlinecasino360.net -sivuston k\u00e4ytt\u00e4m\u00e4t ev\u00e4steet<\/strong><\/h2>\n\n\n\n<p>Millaisia siis ovat sivustollamme k\u00e4yt\u00f6ss\u00e4 olevat ev\u00e4steet? Niit\u00e4 on kolmenlaisia, ja jokaista alalajia k\u00e4sittelemme seuraavaksi.<\/p>\n\n\n\n<h2 class=\"wp-block-heading\"><strong>K\u00e4ytt\u00e4j\u00e4n muistamiseen liittyv\u00e4t ev\u00e4steet<\/strong><\/h2>\n\n\n\n<p>Kun k\u00e4yt\u00e4t mit\u00e4 tahansa laajamittaista nettisivustoa, p\u00e4\u00e4dyt todenn\u00e4k\u00f6isesti hyppelem\u00e4\u00e4n alasivulta toiselle. My\u00f6s meid\u00e4n sivustollamme on valtavasti sis\u00e4lt\u00f6\u00e4, mink\u00e4 my\u00f6t\u00e4 saatat&nbsp; viett\u00e4\u00e4 artikkeliemme ja tekstiemme parissa tovin jos toisenkin. On my\u00f6s hyvin mahdollista, ett\u00e4 saatat palata takaisin aina vain uudelleen ja uudelleen. T\u00e4llaisissa tilanteissa on k\u00e4ytt\u00f6mukavuutesi kannalta olennaista, ett\u00e4 annat sivustollemme teknisen luvan muistaa toimesi ja mieltymyksesi. N\u00e4iden ev\u00e4steiden avulla sujuvoitamme sivustollamme vierailuasi niin paljon kuin vain suinkin mahdollista.<\/p>\n\n\n\n<h2 class=\"wp-block-heading\"><strong>Lomakkeisiin liittyv\u00e4t ev\u00e4steet<\/strong><\/h2>\n\n\n\n<p>Oletko koskaan l\u00e4hett\u00e4nyt lomakkeen avulla viestin jonkin nettisivuston yll\u00e4pit\u00e4jille? Kenties olet joskus kirjoittanut pitk\u00e4t p\u00e4tk\u00e4t ja sen j\u00e4lkeen p\u00e4\u00e4tynytkin vahingossa ennen viestin l\u00e4hett\u00e4mist\u00e4 klikkaamaan itsesi pois sivustolta. T\u00e4ss\u00e4 vaiheessa olet saattanut palata takaisin niin pian kuin vain suinkin ja kauhuksesi huomannut, ett\u00e4 l\u00e4hett\u00e4m\u00e4t\u00f6n viestisi onkin jo ehtinyt kadota bittiavaruuteen. K\u00e4ytt\u00e4miemme ev\u00e4steiden ansioista n\u00e4in ei yleens\u00e4 p\u00e4\u00e4se k\u00e4ym\u00e4\u00e4n, sill\u00e4 t\u00e4ytt\u00e4m\u00e4si lomakkeet muistavat sinut kuin vanhan tutun.<\/p>\n\n\n\n<h2 class=\"wp-block-heading\"><strong>Kolmannen osapuolen ev\u00e4steet<\/strong><\/h2>\n\n\n\n<p>Niin sanotut kolmannen osapuolen ev\u00e4steet ovat kaikkein monimutkaisin ja varmastikin k\u00e4ytt\u00e4j\u00e4n kannalta j\u00e4nnitt\u00e4vin ev\u00e4stetyyppi. Jotkut yksityisyyden kannalta erityisen tarkat ihmiset saattavat pel\u00e4t\u00e4 t\u00e4m\u00e4n tyyppisi\u00e4 ev\u00e4steit\u00e4, vaikkei niiss\u00e4 mit\u00e4\u00e4n tietoturvan kannalta huolestuttavaa olisikaan.<\/p>\n\n\n\n<p>Yksi k\u00e4ytt\u00e4m\u00e4mme kolmas osapuoli on Google Analytics. T\u00e4m\u00e4n palvelun avulla pystymme tarkkailemaan k\u00e4ytt\u00e4jiemme toimia sivustollamme ja kartoittamaan, millainen sis\u00e4lt\u00f6 k\u00e4ytt\u00e4j\u00e4kuntaamme kiinnostaa kaikkein eniten. N\u00e4m\u00e4 ev\u00e4steet auttavat meit\u00e4 esimerkiksi pit\u00e4m\u00e4\u00e4n silm\u00e4ll\u00e4 sit\u00e4, mit\u00e4 alasivujamme k\u00e4yt\u00e4t ja kuinka pitk\u00e4n aikaa kerrallaan.<\/p>\n\n\n\n<p>Kolmannen osapuolen ev\u00e4steet ovat t\u00e4rke\u00e4 osa sivustomme kehitysprosessia. Niiden avulla saamme analytiikkaa ja dataa siit\u00e4, millaiselle sis\u00e4ll\u00f6lle on kysynt\u00e4\u00e4 ja millaista sis\u00e4lt\u00f6\u00e4 meid\u00e4n olisi hyv\u00e4 tuottaa lis\u00e4\u00e4.<\/p>\n\n\n\n<p>Jos Google Analyticsin ev\u00e4steet kiinnostavat enemm\u00e4nkin, kannattaa vierailla virallisella sivustolla lukemassa siit\u00e4 lis\u00e4\u00e4.<\/p>\n\n\n\n<h2 class=\"wp-block-heading\"><strong>Lopuksi<\/strong><\/h2>\n\n\n\n<p>On viime k\u00e4dess\u00e4 aina sinun itsesi valittavissa, haluatko antaa meille luvan ev\u00e4steiden k\u00e4ytt\u00f6\u00f6n. Muistathan kuitenkin, ett\u00e4 ev\u00e4steet on kehitetty yht\u00e4 lailla niin netti\u00e4 k\u00e4ytt\u00e4vien vierailijoiden kuin palveluntarjoajienkin tarpeita varten. Sallimalla ev\u00e4steet annat meille luvan auttaa sinua.<\/p>\n\n\n\n<p>Jos haluat viel\u00e4 lis\u00e4\u00e4 tietoa k\u00e4ytt\u00e4mist\u00e4mme ev\u00e4steist\u00e4 tai haluat muuten vain keskustella kannassamme, eth\u00e4n arkaile l\u00e4hett\u00e4\u00e4 meille s\u00e4hk\u00f6postia!<\/p>\n\n\n\n<p>&#8212;<\/p>\n","protected":false},"excerpt":{"rendered":"<p>Ev\u00e4steet sivustolla onlinecasino360.net T\u00e4ll\u00e4 sivulla p\u00e4\u00e4set lukemaan tarkasti onlinecasino360.net -sivuston ev\u00e4steist\u00e4. Mitk\u00e4 ihmeen ev\u00e4steet Ev\u00e4steet \u2013 englanninkieliselt\u00e4 nimelt\u00e4\u00e4n cookiet (cookies)&#8230;<\/p>\n","protected":false},"author":2,"featured_media":0,"parent":0,"menu_order":0,"comment_status":"closed","ping_status":"closed","template":"","meta":{"_acf_changed":false,"footnotes":""},"class_list":["post-225","page","type-page","status-publish","hentry"],"acf":[],"yoast_head":"<!-- This site is optimized with the Yoast SEO plugin v27.0 - https:\/\/yoast.com\/product\/yoast-seo-wordpress\/ -->\n<title>Ev\u00e4steet sivustolla - Online Casino 360<\/title>\n<meta name=\"robots\" content=\"index, follow, max-snippet:-1, max-image-preview:large, max-video-preview:-1\" \/>\n<link rel=\"canonical\" href=\"https:\/\/onlinecasino360.net\/fi\/evasteet-sivustolla\/\" \/>\n<meta property=\"og:locale\" content=\"fi_FI\" \/>\n<meta property=\"og:type\" content=\"article\" \/>\n<meta property=\"og:title\" content=\"Ev\u00e4steet sivustolla - Online Casino 360\" \/>\n<meta property=\"og:description\" content=\"Ev\u00e4steet sivustolla onlinecasino360.net T\u00e4ll\u00e4 sivulla p\u00e4\u00e4set lukemaan tarkasti onlinecasino360.net -sivuston ev\u00e4steist\u00e4. Mitk\u00e4 ihmeen ev\u00e4steet Ev\u00e4steet \u2013 englanninkieliselt\u00e4 nimelt\u00e4\u00e4n cookiet (cookies)...\" \/>\n<meta property=\"og:url\" content=\"https:\/\/onlinecasino360.net\/fi\/evasteet-sivustolla\/\" \/>\n<meta property=\"og:site_name\" content=\"Online Casino 360\" \/>\n<meta property=\"article:modified_time\" content=\"2022-06-14T09:29:32+00:00\" \/>\n<meta name=\"twitter:card\" content=\"summary_large_image\" \/>\n<meta name=\"twitter:label1\" content=\"Arvioitu lukuaika\" \/>\n\t<meta name=\"twitter:data1\" content=\"3 minuuttia\" \/>\n<script type=\"application\/ld+json\" class=\"yoast-schema-graph\">{\"@context\":\"https:\/\/schema.org\",\"@graph\":[{\"@type\":\"WebPage\",\"@id\":\"https:\/\/onlinecasino360.net\/fi\/evasteet-sivustolla\/\",\"url\":\"https:\/\/onlinecasino360.net\/fi\/evasteet-sivustolla\/\",\"name\":\"Ev\u00e4steet sivustolla - Online Casino 360\",\"isPartOf\":{\"@id\":\"https:\/\/onlinecasino360.net\/fi\/#website\"},\"datePublished\":\"2022-06-14T09:29:31+00:00\",\"dateModified\":\"2022-06-14T09:29:32+00:00\",\"breadcrumb\":{\"@id\":\"https:\/\/onlinecasino360.net\/fi\/evasteet-sivustolla\/#breadcrumb\"},\"inLanguage\":\"fi\",\"potentialAction\":[{\"@type\":\"ReadAction\",\"target\":[\"https:\/\/onlinecasino360.net\/fi\/evasteet-sivustolla\/\"]}]},{\"@type\":\"BreadcrumbList\",\"@id\":\"https:\/\/onlinecasino360.net\/fi\/evasteet-sivustolla\/#breadcrumb\",\"itemListElement\":[{\"@type\":\"ListItem\",\"position\":1,\"name\":\"Nettikasinot\",\"item\":\"https:\/\/onlinecasino360.net\/fi\/\"},{\"@type\":\"ListItem\",\"position\":2,\"name\":\"Ev\u00e4steet sivustolla\"}]},{\"@type\":\"WebSite\",\"@id\":\"https:\/\/onlinecasino360.net\/fi\/#website\",\"url\":\"https:\/\/onlinecasino360.net\/fi\/\",\"name\":\"Online Casino 360\",\"description\":\"Your online casino portal\",\"publisher\":{\"@id\":\"https:\/\/onlinecasino360.net\/fi\/#organization\"},\"potentialAction\":[{\"@type\":\"SearchAction\",\"target\":{\"@type\":\"EntryPoint\",\"urlTemplate\":\"https:\/\/onlinecasino360.net\/fi\/?s={search_term_string}\"},\"query-input\":{\"@type\":\"PropertyValueSpecification\",\"valueRequired\":true,\"valueName\":\"search_term_string\"}}],\"inLanguage\":\"fi\"},{\"@type\":\"Organization\",\"@id\":\"https:\/\/onlinecasino360.net\/fi\/#organization\",\"name\":\"Evoula AB\",\"url\":\"https:\/\/onlinecasino360.net\/fi\/\",\"logo\":{\"@type\":\"ImageObject\",\"inLanguage\":\"fi\",\"@id\":\"https:\/\/onlinecasino360.net\/fi\/#\/schema\/logo\/image\/\",\"url\":\"https:\/\/onlinecasino360.net\/wp-content\/uploads\/2022\/06\/onlinecasino360.svg\",\"contentUrl\":\"https:\/\/onlinecasino360.net\/wp-content\/uploads\/2022\/06\/onlinecasino360.svg\",\"caption\":\"Evoula AB\"},\"image\":{\"@id\":\"https:\/\/onlinecasino360.net\/fi\/#\/schema\/logo\/image\/\"}}]}<\/script>\n<!-- \/ Yoast SEO plugin. -->","yoast_head_json":{"title":"Ev\u00e4steet sivustolla - Online Casino 360","robots":{"index":"index","follow":"follow","max-snippet":"max-snippet:-1","max-image-preview":"max-image-preview:large","max-video-preview":"max-video-preview:-1"},"canonical":"https:\/\/onlinecasino360.net\/fi\/evasteet-sivustolla\/","og_locale":"fi_FI","og_type":"article","og_title":"Ev\u00e4steet sivustolla - Online Casino 360","og_description":"Ev\u00e4steet sivustolla onlinecasino360.net T\u00e4ll\u00e4 sivulla p\u00e4\u00e4set lukemaan tarkasti onlinecasino360.net -sivuston ev\u00e4steist\u00e4. Mitk\u00e4 ihmeen ev\u00e4steet Ev\u00e4steet \u2013 englanninkieliselt\u00e4 nimelt\u00e4\u00e4n cookiet (cookies)...","og_url":"https:\/\/onlinecasino360.net\/fi\/evasteet-sivustolla\/","og_site_name":"Online Casino 360","article_modified_time":"2022-06-14T09:29:32+00:00","twitter_card":"summary_large_image","twitter_misc":{"Arvioitu lukuaika":"3 minuuttia"},"schema":{"@context":"https:\/\/schema.org","@graph":[{"@type":"WebPage","@id":"https:\/\/onlinecasino360.net\/fi\/evasteet-sivustolla\/","url":"https:\/\/onlinecasino360.net\/fi\/evasteet-sivustolla\/","name":"Ev\u00e4steet sivustolla - Online Casino 360","isPartOf":{"@id":"https:\/\/onlinecasino360.net\/fi\/#website"},"datePublished":"2022-06-14T09:29:31+00:00","dateModified":"2022-06-14T09:29:32+00:00","breadcrumb":{"@id":"https:\/\/onlinecasino360.net\/fi\/evasteet-sivustolla\/#breadcrumb"},"inLanguage":"fi","potentialAction":[{"@type":"ReadAction","target":["https:\/\/onlinecasino360.net\/fi\/evasteet-sivustolla\/"]}]},{"@type":"BreadcrumbList","@id":"https:\/\/onlinecasino360.net\/fi\/evasteet-sivustolla\/#breadcrumb","itemListElement":[{"@type":"ListItem","position":1,"name":"Nettikasinot","item":"https:\/\/onlinecasino360.net\/fi\/"},{"@type":"ListItem","position":2,"name":"Ev\u00e4steet sivustolla"}]},{"@type":"WebSite","@id":"https:\/\/onlinecasino360.net\/fi\/#website","url":"https:\/\/onlinecasino360.net\/fi\/","name":"Online Casino 360","description":"Your online casino portal","publisher":{"@id":"https:\/\/onlinecasino360.net\/fi\/#organization"},"potentialAction":[{"@type":"SearchAction","target":{"@type":"EntryPoint","urlTemplate":"https:\/\/onlinecasino360.net\/fi\/?s={search_term_string}"},"query-input":{"@type":"PropertyValueSpecification","valueRequired":true,"valueName":"search_term_string"}}],"inLanguage":"fi"},{"@type":"Organization","@id":"https:\/\/onlinecasino360.net\/fi\/#organization","name":"Evoula AB","url":"https:\/\/onlinecasino360.net\/fi\/","logo":{"@type":"ImageObject","inLanguage":"fi","@id":"https:\/\/onlinecasino360.net\/fi\/#\/schema\/logo\/image\/","url":"https:\/\/onlinecasino360.net\/wp-content\/uploads\/2022\/06\/onlinecasino360.svg","contentUrl":"https:\/\/onlinecasino360.net\/wp-content\/uploads\/2022\/06\/onlinecasino360.svg","caption":"Evoula AB"},"image":{"@id":"https:\/\/onlinecasino360.net\/fi\/#\/schema\/logo\/image\/"}}]}},"_links":{"self":[{"href":"https:\/\/onlinecasino360.net\/fi\/wp-json\/wp\/v2\/pages\/225","targetHints":{"allow":["GET"]}}],"collection":[{"href":"https:\/\/onlinecasino360.net\/fi\/wp-json\/wp\/v2\/pages"}],"about":[{"href":"https:\/\/onlinecasino360.net\/fi\/wp-json\/wp\/v2\/types\/page"}],"author":[{"embeddable":true,"href":"https:\/\/onlinecasino360.net\/fi\/wp-json\/wp\/v2\/users\/2"}],"replies":[{"embeddable":true,"href":"https:\/\/onlinecasino360.net\/fi\/wp-json\/wp\/v2\/comments?post=225"}],"version-history":[{"count":1,"href":"https:\/\/onlinecasino360.net\/fi\/wp-json\/wp\/v2\/pages\/225\/revisions"}],"predecessor-version":[{"id":226,"href":"https:\/\/onlinecasino360.net\/fi\/wp-json\/wp\/v2\/pages\/225\/revisions\/226"}],"wp:attachment":[{"href":"https:\/\/onlinecasino360.net\/fi\/wp-json\/wp\/v2\/media?parent=225"}],"curies":[{"name":"wp","href":"https:\/\/api.w.org\/{rel}","templated":true}]}}