{"id":801,"date":"2023-03-10T06:49:55","date_gmt":"2023-03-10T06:49:55","guid":{"rendered":"https:\/\/onlinecasino360.net\/?page_id=801"},"modified":"2023-03-10T06:50:50","modified_gmt":"2023-03-10T06:50:50","slug":"vedonlyonti-sivut","status":"publish","type":"page","link":"https:\/\/onlinecasino360.net\/fi\/vedonlyonti-sivut\/","title":{"rendered":"Vedonly\u00f6nti sivut"},"content":{"rendered":"\n<h1 class=\"wp-block-heading\"><strong>Vedonly\u00f6nti tarjoaa voittoja ja j\u00e4nnityst\u00e4<\/strong><\/h1>\n\n\n\n<p>Jos etsit hauskaa ja j\u00e4nnitt\u00e4v\u00e4\u00e4 tapaa ly\u00f6d\u00e4 vetoa suosikkijoukkueistasi, olet tullut oikeaan paikkaan. Sivustomme tarjoaa laajan valikoiman vaihtoehtoja kaikenlaisille urheilun harrastajille. Jalkapallosta koripalloon ja kaikkeen silt\u00e4 v\u00e4lilt\u00e4. K\u00e4ytt\u00e4j\u00e4yst\u00e4v\u00e4llinen alustamme tekee navigoinnista helppoa, ja asiantuntijatiimimme on aina valmiina auttamaan kaikissa kysymyksiss\u00e4 tai huolenaiheissa.<\/p>\n\n\n\n<h2 class=\"wp-block-heading\"><strong>Pelaaminen on osa ihmiskunnan historiaa<\/strong><\/h2>\n\n\n\n<p>Urheilu on ollut t\u00e4rke\u00e4 osa ihmisten v\u00e4list\u00e4 viihdett\u00e4 tuhansia vuosia. Muinaisista Kreikan olympialaisista nykyp\u00e4iv\u00e4n Super Bowliin urheilu on tarjonnut rohkeille ja kovakuntoisille alustan, jossa he voivat esitell\u00e4 taitojaan ja katsojat voivat todistaa uskomattomia urheilullisia saavutuksia. Tekniikan suosion kasvun my\u00f6t\u00e4 urheiluvedonly\u00f6ntisivustoista on tullut faneille suosittu tapa harrastaa suosikkiurheiluaan entist\u00e4 syvemmin. Vedonly\u00f6j\u00e4t voivat ly\u00f6d\u00e4 vetoa kotoa k\u00e4sin tai liikkeell\u00e4 ollessaan, mik\u00e4 tekee koko prosessista paljon helpompaa verrattuna perinteiseen vedonly\u00f6ntiin.<\/p>\n\n\n\n<p>Yksi j\u00e4nnitt\u00e4vimmist\u00e4 elementeist\u00e4 urheiluvedonly\u00f6nniss\u00e4 on mahdollisuus voittaa suuria voittoja. Vedonly\u00f6nti esimerkiksi altavastaajajoukkueesta voi tuottaa valtavan voiton, jos he p\u00e4\u00e4tyv\u00e4t yll\u00e4tysvoittoon. On kuitenkin t\u00e4rke\u00e4\u00e4 muistaa, ett\u00e4 suuriin mahdollisiin voittoihin liittyy suuri riski, ja on ratkaisevan t\u00e4rke\u00e4\u00e4 pelata vastuullisesti. T\u00e4st\u00e4 syyst\u00e4 on hyv\u00e4 hallita useita tapoja minimoida riskej\u00e4, jotka suojaavat k\u00e4ytt\u00e4ji\u00e4 liialliselta rahank\u00e4yt\u00f6lt\u00e4 tai ep\u00e4terveilt\u00e4 pelitavoilta.<\/p>\n\n\n\n<h2 class=\"wp-block-heading\"><strong>Vedonly\u00f6jill\u00e4 on globaali pelikentt\u00e4 pelattavanaan<\/strong><\/h2>\n\n\n\n<p>Vedonly\u00f6ntimaailma on viime vuosina kokenut merkitt\u00e4vi\u00e4 muutoksia. Online-uhkapelien kasvun my\u00f6t\u00e4 yh\u00e4 useammat ihmiset p\u00e4\u00e4sev\u00e4t k\u00e4ytt\u00e4m\u00e4\u00e4n n\u00e4it\u00e4 palveluita, ja sen seurauksena ala on houkuttelevampi kaikenlaisille vedonly\u00f6jille. Vedonly\u00f6ntisivustot kehitt\u00e4v\u00e4t jatkuvasti uusia ja innovatiivisia ominaisuuksia houkutellakseen k\u00e4ytt\u00e4ji\u00e4 ja tarjotakseen heille parhaan mahdollisen vedonly\u00f6ntikokemuksen.&nbsp;<\/p>\n\n\n\n<p>Urheiluvedonly\u00f6nnin suosion kasvaessa se on tullut my\u00f6s satunnaisten vedonly\u00f6jien ulottuville. Live-vedonly\u00f6ntiominaisuuden avulla voi asettaa panoksia pelin edetess\u00e4 ja muokata strategiaa ssen mukaisesti. Lis\u00e4ksi on hyv\u00e4 hy\u00f6dynt\u00e4\u00e4 runsaasti tilastoja ja analyyseja jokaisesta joukkueesta, joiden avulla voit tehd\u00e4 tietoon perustuvia p\u00e4\u00e4t\u00f6ksi\u00e4 vedoistasi.<\/p>\n\n\n\n<h2 class=\"wp-block-heading\"><strong>Urheilussa pyrit\u00e4\u00e4n reiluun peliin<\/strong><\/h2>\n\n\n\n<p>Kun urheiluvedonly\u00f6nnin suosio jatkaa kasvuaan, on t\u00e4rke\u00e4\u00e4 muistaa, miten se voi vaikuttaa urheilualaan kokonaisuudessaan. Vedonly\u00f6nti voi lis\u00e4t\u00e4 katsojam\u00e4\u00e4r\u00e4\u00e4 ja kiinnostusta tiettyyn lajiin, mik\u00e4 johtaa suurempiin tuloihin mukana oleville joukkueille. Se voi kuitenkin johtaa my\u00f6s eettisiin ongelmiin, kuten sopupeliin ja huijaamiseen. Sellaisenaan monet liigat ja joukkueet ovat ottaneet k\u00e4ytt\u00f6\u00f6n tiukkoja s\u00e4\u00e4nt\u00f6j\u00e4 ja kumppanuuksia vedonly\u00f6ntisivustojen kanssa reilun pelin varmistamiseksi.<\/p>\n\n\n\n<h2 class=\"wp-block-heading\"><strong>Vedonly\u00f6ntisivustot kulkevat mukana taskussa<\/strong><\/h2>\n\n\n\n<p>Urheiluvedonly\u00f6nti on jatkuvasti kehittyv\u00e4 ala, jossa uusia trendej\u00e4 ilmaantuu joka vuosi. Yksi t\u00e4llainen trendi on mobiilivedonly\u00f6nti, jonka avulla k\u00e4ytt\u00e4j\u00e4t voivat ly\u00f6d\u00e4 vetoa \u00e4lypuhelimissaan tai tableteissaan. T\u00e4m\u00e4ntyyppinen vedonly\u00f6nti on saamassa suosiota sen mukavuuden ja saavutettavuuden ansiosta. Sen avulla urheilun harrastajat voivat pysy\u00e4 yhteydess\u00e4 suosikkijoukkueisiinsa ja kertoimiin miss\u00e4 tahansa.<\/p>\n\n\n\n<p>Urheiluvedonly\u00f6ntialan kasvaessa ja kehittyess\u00e4 on selv\u00e4\u00e4, ett\u00e4 teknologialla tulee olemaan t\u00e4rke\u00e4 rooli my\u00f6s tulevaisuudessa. Teko\u00e4lyn ja koneoppimisen lis\u00e4\u00e4ntyess\u00e4 vedonly\u00f6ntisivustot voivat tarjota k\u00e4ytt\u00e4jille entist\u00e4 yksil\u00f6llisempi\u00e4 kokemuksia. T\u00e4m\u00e4 voi vaihdella kunkin k\u00e4ytt\u00e4j\u00e4n vedonly\u00f6ntihistoriaan ja -asetuksiin perustuvista r\u00e4\u00e4t\u00e4l\u00f6idyist\u00e4 suosituksista reaaliaikaisiin kertoimiin ja todenn\u00e4k\u00f6isyyksiin, jotka muuttuvat pelin edetess\u00e4. Lis\u00e4ksi virtuaalitodellisuusteknologian laajeneminen voi mullistaa ihmisten tavan kokea pelej\u00e4, mik\u00e4 mahdollistaa entist\u00e4 mukaansatempaavammat ja j\u00e4nnitt\u00e4v\u00e4mm\u00e4t vedonly\u00f6ntikokemukset.<\/p>\n\n\n\n<p>Yhteenvetona voidaan todeta, ett\u00e4 vedonly\u00f6ntisivustot ovat mullistaneet urheilun harrastajien tavan pelata suosikkipelej\u00e4\u00e4n. Vedonly\u00f6nti-alustat tarjoavat todella mukaansatempaavan kokemuksen online-vedonly\u00f6nnist\u00e4 aina ja live-ottelujen j\u00e4nnitykseen. Suurten voittojen mets\u00e4st\u00e4misen lis\u00e4ksi on olennaista pelata vastuullisesti. Liian huolettamalla pelaamisella voi polttaa pelikassansa alta aikayksik\u00f6n.<\/p>\n\n\n\n<h2 class=\"wp-block-heading\"><strong>Riskienhallinta on osa voittavaa strategiaa<\/strong><\/h2>\n\n\n\n<p>Urheiluvedonly\u00f6nti on aina ollut riskialtista peli\u00e4, ja riskienhallinnasta on tullut yh\u00e4 t\u00e4rke\u00e4mp\u00e4\u00e4 niille, jotka osallistuvat pelaamiseen s\u00e4\u00e4nn\u00f6llisesti. Menestyvi\u00e4 pelaajia eiv\u00e4t ole ne, jotka yritt\u00e4v\u00e4t voittaa jokaisen tekem\u00e4ns\u00e4 vedon, vaan ne, jotka pystyv\u00e4t jatkuvasti tekem\u00e4\u00e4n kannattavampia p\u00e4\u00e4t\u00f6ksi\u00e4 kuin kannattamattomia. Vaikka monet ihmiset yritt\u00e4v\u00e4t voittaa todenn\u00e4k\u00f6isyydet yksinkertaisesti arvaamalla tai noudattamalla intuitiota, ammattipelaajat tiet\u00e4v\u00e4t, ett\u00e4 hyvin harkittu riskinhallintaj\u00e4rjestelm\u00e4 on v\u00e4ltt\u00e4m\u00e4t\u00f6n. K\u00e4ymme l\u00e4pi joitain urheiluvedonly\u00f6nnin tehokkaan riskinhallintastrategian keskeisi\u00e4 osia, mukaan lukien pelikassan hallinta, kirjaaminen ja vedonly\u00f6ntikuri.<\/p>\n\n\n\n<p>Urheiluvedonly\u00f6ntiin liittyy tietty riski, joka voi h\u00e4irit\u00e4 voiton ja tappion tasapainoa. Sellaisenaan riskienhallinnalla on ratkaiseva rooli vedonly\u00f6ntitoiminnan onnistumisessa. Mit\u00e4 tulee riskien v\u00e4hent\u00e4miseen, vedonly\u00f6jien on ter\u00e4v\u00f6itett\u00e4v\u00e4 analyyttisi\u00e4 taitojaan, opittava tunnistamaan arvovedot ja omaksuttava kurinalainen vedonly\u00f6ntitapa. T\u00e4m\u00e4n lis\u00e4ksi on t\u00e4rke\u00e4\u00e4 pit\u00e4\u00e4 kirjaa aiemmista vedoista ja analysoida niist\u00e4 kuvioita ja trendej\u00e4 tulevan p\u00e4\u00e4t\u00f6ksenteon parantamiseksi.<\/p>\n\n\n\n<h2 class=\"wp-block-heading\"><strong>Vedonly\u00f6nniss\u00e4 voi h\u00e4vit\u00e4 ja voittaa miljoonia<\/strong><\/h2>\n\n\n\n<p>Urheiluvedonly\u00f6nnist\u00e4 on tullut yh\u00e4 suositumpi harrastus ymp\u00e4ri maailmaa, ja miljoonia dollareita panostetaan erilaisissa urheilutapahtumissa ymp\u00e4ri vuoden. Huomattavien taloudellisten hy\u00f6tyjen mahdollisuuteen liittyy kuitenkin suuri riski. Oikea riskienhallinta on v\u00e4ltt\u00e4m\u00e4t\u00f6nt\u00e4 urheiluvedonly\u00f6nti\u00e4 harjoittaville, sill\u00e4 sen laiminly\u00f6nti voi johtaa taloudelliseen tuhoon. Tehokkaisiin riskinhallintastrategioihin kuuluu joukkueiden ja pelaajien tietojen huolellinen tutkiminen ja analysointi, selkeiden rajojen asettaminen panostettavalle raham\u00e4\u00e4r\u00e4lle ja emotionaalisen p\u00e4\u00e4t\u00f6ksenteon v\u00e4ltt\u00e4minen vedonly\u00f6nnin yhteydess\u00e4.<\/p>\n\n\n\n<p>Urheiluvedonly\u00f6nti on luonnostaan riskialtista, ja t\u00e4st\u00e4 syyst\u00e4 riskienhallinta on ratkaisevan t\u00e4rke\u00e4\u00e4 t\u00e4ll\u00e4 alalla. Pelaajien on tasapainotettava mahdolliset voittonsa mahdollisten tappioiden kanssa, ja erilaisten menetelmien k\u00e4ytt\u00f6 voi auttaa v\u00e4hent\u00e4m\u00e4\u00e4n joitakin n\u00e4ist\u00e4 riskeist\u00e4. Yksi t\u00e4llainen l\u00e4hestymistapa on analysoida tietoja ja tilastoja huolellisesti, jotta voidaan kehitt\u00e4\u00e4 valistuneita ennusteita, joiden varaan panostusp\u00e4\u00e4t\u00f6kset voidaan tehd\u00e4. T\u00e4m\u00e4 k\u00e4yt\u00e4nt\u00f6 ei koske vain yksitt\u00e4isi\u00e4 pelej\u00e4, vaan my\u00f6s yleisi\u00e4 vedonly\u00f6ntitrendej\u00e4, joten se on v\u00e4ltt\u00e4m\u00e4t\u00f6nt\u00e4 sek\u00e4 aloitteleville ett\u00e4 kokeneille vedonly\u00f6jille.<\/p>\n\n\n\n<p>Urheiluvedonly\u00f6nti on suosittu ajanviete kaikkialla maailmassa, ja miljoonat ihmiset asettavat panoksia erilaisiin urheilutapahtumiin p\u00e4ivitt\u00e4in. Kuitenkin, kun panokset ovat niin korkeat, pelaajien ja vedonly\u00f6jien on t\u00e4rke\u00e4\u00e4 ymm\u00e4rt\u00e4\u00e4, ett\u00e4 niihin liittyy riskej\u00e4 ja ett\u00e4 menesty\u00e4kseen on k\u00e4ytett\u00e4v\u00e4 huolellisia riskinhallintastrategioita. Riskin ja palkkion k\u00e4sitteiden ymm\u00e4rt\u00e4minen, vakaan pelisuunnitelman kehitt\u00e4minen sek\u00e4 jatkuva uudelleenarviointi ja muuttuviin olosuhteisiin sopeutuminen ovat keskeisi\u00e4 n\u00e4k\u00f6kohtia riskienhallinnassa urheiluvedonly\u00f6nniss\u00e4. Ottamalla aikaa n\u00e4iden taitojen aidosti hallitsemiseen, vedonly\u00f6j\u00e4t voivat parantaa huomattavasti mahdollisuuksiaan menesty\u00e4 korkean panoksen urheiluvedonly\u00f6nnin maailmassa.<\/p>\n\n\n\n<h2 class=\"wp-block-heading\"><strong>Vedonly\u00f6ntiammattilaisten suosikki ampumahiihto on t\u00e4ynn\u00e4 j\u00e4nnityst\u00e4 &#8211; ja erinomaisia pelikohteita<\/strong><\/h2>\n\n\n\n<p>Ampumahiihto on talviurheilulaji, jossa yhdistyv\u00e4t murtomaahiihto ja ammunta. Se on yksi suosituimmista talviurheilulajeista Euroopassa, ja se on kasvattanut suosiotaan ymp\u00e4ri maailman viime vuosina. Laji sai alkunsa Norjasta 1800-luvun lopulla, ja se on ollut olympialaji vuodesta 1924.<\/p>\n\n\n\n<p>Ampumahiihdon kilpailuissa urheilijat hiiht\u00e4v\u00e4t radan ymp\u00e4ri ja pys\u00e4htyv\u00e4t m\u00e4\u00e4r\u00e4tyill\u00e4 ampumaradoilla ampumaan maalitauluja. Urheilijoiden tulee osua viisi maalia viidell\u00e4 laukauksella ennen kuin jatkavat radalla. Kilpailusta riippuen urheilijat saattavat joutua hiiht\u00e4m\u00e4\u00e4n useita sakkokierroksia radalla.<\/p>\n\n\n\n<p>Ampumahiihdon s\u00e4\u00e4nn\u00f6t ovat melko yksinkertaiset, mutta kilpailuja on useita erilaisia. Yleisin tyyppi on yksil\u00f6kilpailu, jossa jokainen urheilija kilpailee kelloa vastaan \u200b\u200bsuorittaakseen radan mahdollisimman nopeasti ja osumalla kaikkiin tavoitteisiinsa.<\/p>\n\n\n\n<p>Tarjolla on my\u00f6s viestikilpailuja, joissa nelj\u00e4n urheilijan joukkueet vuorotellen hiiht\u00e4v\u00e4t ja ampuvat, sek\u00e4 joukkol\u00e4ht\u00f6kilpailuja, joissa kaikki kilpailijat l\u00e4htev\u00e4t kerralla ja kilpailevat maaliin.<\/p>\n\n\n\n<p>Ampumahiihdon vedonly\u00f6nti on tulossa yh\u00e4 suositummaksi urheilun yst\u00e4vien keskuudessa. Vedonly\u00f6j\u00e4t voivat ly\u00f6d\u00e4 vetoa siit\u00e4, kumpi urheilija voittaa henkil\u00f6kohtaisen kilpailun tai kumpi joukkue voittaa viestin. He voivat my\u00f6s ly\u00f6d\u00e4 vetoa siit\u00e4, mill\u00e4 urheilijalla on nopein aikaero seuraavaan. Ampumahiihdon makea kohta on volatiliteetti. Joukkue, jonka voi odottaa voittavan, voi olla viimeinen ensimm\u00e4isen ampumisen j\u00e4lkeen ja silti voittaa kilpailun. <a href=\"https:\/\/xn--uudetvedonlyntisivut-fbc.com\/\">Uudet vedonly\u00f6ntisivut<\/a> tarjoavat hyvi\u00e4 bonuksia, jotka kannattaa hy\u00f6dynt\u00e4\u00e4.<\/p>\n\n\n\n<h2 class=\"wp-block-heading\"><strong>99 % urheiluvedonly\u00f6jist\u00e4 h\u00e4vi\u00e4\u00e4 rahaa &#8211; liity voittavaan prosenttijengiin ly\u00f6m\u00e4ll\u00e4 vetoa ampumahiihdosta<\/strong><\/h2>\n\n\n\n<p>Ampumahiihdossa on ainutlaatuinen yhdistelm\u00e4 vaihtelua ja taitoa, mik\u00e4 erottaa sen muista suosituista urheilulajeista, kuten jalkapallosta. Lajin arvaamaton luonne tarkoittaa, ett\u00e4 kaksi samanlaista kilpailua ei ole koskaan, ja parhaillakin urheilijoilla voi olla huono p\u00e4iv\u00e4. T\u00e4m\u00e4 tekee ampumahiihdosta ihanteellisen urheilulajin niille, jotka haluavat ansaita rahaa vedonly\u00f6nnill\u00e4.<\/p>\n\n\n\n<p>Toisin kuin jalkapallo, jossa joukkueet voivat usein olla melko ennakoitavissa suorituskyvyss\u00e4\u00e4n, ampumahiihto on t\u00e4ynn\u00e4 yll\u00e4tyksi\u00e4. T\u00e4m\u00e4 tarkoittaa, ett\u00e4 vedonly\u00f6j\u00e4t voivat hy\u00f6dynt\u00e4\u00e4 arvaamattomuutta ja k\u00e4ytt\u00e4\u00e4 sit\u00e4 hyv\u00e4kseen. Tutkimalla urheilijoiden kuntoa ja analysoimalla kilpailun olosuhteita vedonly\u00f6j\u00e4t voivat saada etuly\u00f6ntiaseman verrattuna vedonly\u00f6ntiyrityksiin.<\/p>\n\n\n\n<p>Kaiken kaikkiaan ampumahiihto on erinomainen valinta niille, jotka haluavat p\u00e4\u00e4st\u00e4 mukaan voittavaan urheiluvedonly\u00f6ntiin. Kilpailun sis\u00e4inen volatiliteetti tekee siit\u00e4 ihanteellisen valinnan sek\u00e4 kokeneille ett\u00e4 aloitteleville vedonly\u00f6jille. Ainutlaatuisella taidon ja arvaamattomuuden yhdistelm\u00e4ll\u00e4 ampumahiihto tarjoaa runsaasti mahdollisuuksia niille, jotka haluavat ansaita rahaa vedoillaan.<\/p>\n\n\n\n<h2 class=\"wp-block-heading\"><strong>Minimoi riskit &#8211; maksimoi voitot<\/strong><\/h2>\n\n\n\n<p>Riskienhallinta on olennainen osa urheiluvedonly\u00f6nti\u00e4, ja on t\u00e4rke\u00e4\u00e4 ymm\u00e4rt\u00e4\u00e4 miksi. Ensinn\u00e4kin se auttaa sinua minimoimaan tappiosi ja maksimoimaan voittosi. Hallitsemalla riskej\u00e4si huolellisesti voit v\u00e4ltt\u00e4\u00e4 impulsiivisia p\u00e4\u00e4t\u00f6ksi\u00e4, jotka voivat johtaa merkitt\u00e4viin taloudellisiin menetyksiin.<\/p>\n\n\n\n<p>Riskienhallinta voi auttaa sinua pysym\u00e4\u00e4n kurinalaisena ja keskittyneen\u00e4 panostaessasi rahaa. On helppo tarttua pelin tai ottelun j\u00e4nnitykseen mukaan ja tehd\u00e4 p\u00e4\u00e4t\u00f6ksi\u00e4 tunteiden eik\u00e4 j\u00e4rjen perusteella. Ottamalla k\u00e4ytt\u00f6\u00f6n vankan riskinhallintastrategian voit kuitenkin maltillistaa tappioita ja tehd\u00e4 tietoisempia p\u00e4\u00e4t\u00f6ksi\u00e4.<\/p>\n\n\n\n<p>Lopuksi riskienhallinta on t\u00e4rke\u00e4\u00e4, koska se auttaa suojaamaan pelikassaasi pitk\u00e4ll\u00e4 aikav\u00e4lill\u00e4. Jos otat jatkuvasti tarpeettomia riskej\u00e4 ja menet\u00e4t rahaa, on vain ajan kysymys, milloin varat loppuvat. Hallitsemalla riskej\u00e4si huolellisesti voit varmistaa, ett\u00e4 pelikassasi kest\u00e4\u00e4 mahdollisimman pitk\u00e4\u00e4n.<\/p>\n\n\n\n<p>Valitse pelej\u00e4 joissa voittomahdollisuus on suurempi kuin muissa lajeissa. Hanki lajikohtaista tietoa valmentajilta ja muilta lajiin kuuluvilta henkil\u00f6ilt\u00e4. Ota haltuun itsellesi kilpailuetu. N\u00e4in voit voittaa vedonly\u00f6ntiyritykset. Ja mik\u00e4li kaikki menisikin pieleen, riskienhallinnalla varmistat pelikassan ja pelaamisen jatkuvuuden. \u00c4l\u00e4 panosta yhteen pelikohteeseen prosenttia tai kahta enemp\u00e4\u00e4 pelikassastasi. Vedonly\u00f6nti ja urheilu on t\u00e4ynn\u00e4 yll\u00e4tt\u00e4vi\u00e4 elementtej\u00e4. Hy\u00f6dynn\u00e4 ne mutta \u00e4l\u00e4 ylipelaa.<\/p>\n","protected":false},"excerpt":{"rendered":"<p>Vedonly\u00f6nti tarjoaa voittoja ja j\u00e4nnityst\u00e4 Jos etsit hauskaa ja j\u00e4nnitt\u00e4v\u00e4\u00e4 tapaa ly\u00f6d\u00e4 vetoa suosikkijoukkueistasi, olet tullut oikeaan paikkaan. Sivustomme tarjoaa&#8230;<\/p>\n","protected":false},"author":5,"featured_media":0,"parent":0,"menu_order":0,"comment_status":"closed","ping_status":"closed","template":"","meta":{"_acf_changed":false,"footnotes":""},"class_list":["post-801","page","type-page","status-publish","hentry"],"acf":[],"yoast_head":"<!-- This site is optimized with the Yoast SEO plugin v27.0 - https:\/\/yoast.com\/product\/yoast-seo-wordpress\/ -->\n<title>Ota haltuun vedonly\u00f6nti sivut ja voittavat pelistrategiat<\/title>\n<meta name=\"description\" content=\"Voittava vedonly\u00f6nti tarkoittaa etua muihin n\u00e4hden ja riskienhallintaa. Uudet vedonly\u00f6nti sivut tarjoavat voittajille mehevi\u00e4 bonuksia.\" \/>\n<meta name=\"robots\" content=\"index, follow, max-snippet:-1, max-image-preview:large, max-video-preview:-1\" \/>\n<link rel=\"canonical\" href=\"https:\/\/onlinecasino360.net\/fi\/vedonlyonti-sivut\/\" \/>\n<meta property=\"og:locale\" content=\"fi_FI\" \/>\n<meta property=\"og:type\" content=\"article\" \/>\n<meta property=\"og:title\" content=\"Ota haltuun vedonly\u00f6nti sivut ja voittavat pelistrategiat\" \/>\n<meta property=\"og:description\" content=\"Voittava vedonly\u00f6nti tarkoittaa etua muihin n\u00e4hden ja riskienhallintaa. Uudet vedonly\u00f6nti sivut tarjoavat voittajille mehevi\u00e4 bonuksia.\" \/>\n<meta property=\"og:url\" content=\"https:\/\/onlinecasino360.net\/fi\/vedonlyonti-sivut\/\" \/>\n<meta property=\"og:site_name\" content=\"Online Casino 360\" \/>\n<meta property=\"article:modified_time\" content=\"2023-03-10T06:50:50+00:00\" \/>\n<meta name=\"twitter:card\" content=\"summary_large_image\" \/>\n<meta name=\"twitter:label1\" content=\"Arvioitu lukuaika\" \/>\n\t<meta name=\"twitter:data1\" content=\"7 minuuttia\" \/>\n<script type=\"application\/ld+json\" class=\"yoast-schema-graph\">{\"@context\":\"https:\/\/schema.org\",\"@graph\":[{\"@type\":\"WebPage\",\"@id\":\"https:\/\/onlinecasino360.net\/fi\/vedonlyonti-sivut\/\",\"url\":\"https:\/\/onlinecasino360.net\/fi\/vedonlyonti-sivut\/\",\"name\":\"Ota haltuun vedonly\u00f6nti sivut ja voittavat pelistrategiat\",\"isPartOf\":{\"@id\":\"https:\/\/onlinecasino360.net\/fi\/#website\"},\"datePublished\":\"2023-03-10T06:49:55+00:00\",\"dateModified\":\"2023-03-10T06:50:50+00:00\",\"description\":\"Voittava vedonly\u00f6nti tarkoittaa etua muihin n\u00e4hden ja riskienhallintaa. Uudet vedonly\u00f6nti sivut tarjoavat voittajille mehevi\u00e4 bonuksia.\",\"breadcrumb\":{\"@id\":\"https:\/\/onlinecasino360.net\/fi\/vedonlyonti-sivut\/#breadcrumb\"},\"inLanguage\":\"fi\",\"potentialAction\":[{\"@type\":\"ReadAction\",\"target\":[\"https:\/\/onlinecasino360.net\/fi\/vedonlyonti-sivut\/\"]}]},{\"@type\":\"BreadcrumbList\",\"@id\":\"https:\/\/onlinecasino360.net\/fi\/vedonlyonti-sivut\/#breadcrumb\",\"itemListElement\":[{\"@type\":\"ListItem\",\"position\":1,\"name\":\"Nettikasinot\",\"item\":\"https:\/\/onlinecasino360.net\/fi\/\"},{\"@type\":\"ListItem\",\"position\":2,\"name\":\"Vedonly\u00f6nti sivut\"}]},{\"@type\":\"WebSite\",\"@id\":\"https:\/\/onlinecasino360.net\/fi\/#website\",\"url\":\"https:\/\/onlinecasino360.net\/fi\/\",\"name\":\"Online Casino 360\",\"description\":\"Your online casino portal\",\"publisher\":{\"@id\":\"https:\/\/onlinecasino360.net\/fi\/#organization\"},\"potentialAction\":[{\"@type\":\"SearchAction\",\"target\":{\"@type\":\"EntryPoint\",\"urlTemplate\":\"https:\/\/onlinecasino360.net\/fi\/?s={search_term_string}\"},\"query-input\":{\"@type\":\"PropertyValueSpecification\",\"valueRequired\":true,\"valueName\":\"search_term_string\"}}],\"inLanguage\":\"fi\"},{\"@type\":\"Organization\",\"@id\":\"https:\/\/onlinecasino360.net\/fi\/#organization\",\"name\":\"Evoula AB\",\"url\":\"https:\/\/onlinecasino360.net\/fi\/\",\"logo\":{\"@type\":\"ImageObject\",\"inLanguage\":\"fi\",\"@id\":\"https:\/\/onlinecasino360.net\/fi\/#\/schema\/logo\/image\/\",\"url\":\"https:\/\/onlinecasino360.net\/wp-content\/uploads\/2022\/06\/onlinecasino360.svg\",\"contentUrl\":\"https:\/\/onlinecasino360.net\/wp-content\/uploads\/2022\/06\/onlinecasino360.svg\",\"caption\":\"Evoula AB\"},\"image\":{\"@id\":\"https:\/\/onlinecasino360.net\/fi\/#\/schema\/logo\/image\/\"}}]}<\/script>\n<!-- \/ Yoast SEO plugin. -->","yoast_head_json":{"title":"Ota haltuun vedonly\u00f6nti sivut ja voittavat pelistrategiat","description":"Voittava vedonly\u00f6nti tarkoittaa etua muihin n\u00e4hden ja riskienhallintaa. Uudet vedonly\u00f6nti sivut tarjoavat voittajille mehevi\u00e4 bonuksia.","robots":{"index":"index","follow":"follow","max-snippet":"max-snippet:-1","max-image-preview":"max-image-preview:large","max-video-preview":"max-video-preview:-1"},"canonical":"https:\/\/onlinecasino360.net\/fi\/vedonlyonti-sivut\/","og_locale":"fi_FI","og_type":"article","og_title":"Ota haltuun vedonly\u00f6nti sivut ja voittavat pelistrategiat","og_description":"Voittava vedonly\u00f6nti tarkoittaa etua muihin n\u00e4hden ja riskienhallintaa. Uudet vedonly\u00f6nti sivut tarjoavat voittajille mehevi\u00e4 bonuksia.","og_url":"https:\/\/onlinecasino360.net\/fi\/vedonlyonti-sivut\/","og_site_name":"Online Casino 360","article_modified_time":"2023-03-10T06:50:50+00:00","twitter_card":"summary_large_image","twitter_misc":{"Arvioitu lukuaika":"7 minuuttia"},"schema":{"@context":"https:\/\/schema.org","@graph":[{"@type":"WebPage","@id":"https:\/\/onlinecasino360.net\/fi\/vedonlyonti-sivut\/","url":"https:\/\/onlinecasino360.net\/fi\/vedonlyonti-sivut\/","name":"Ota haltuun vedonly\u00f6nti sivut ja voittavat pelistrategiat","isPartOf":{"@id":"https:\/\/onlinecasino360.net\/fi\/#website"},"datePublished":"2023-03-10T06:49:55+00:00","dateModified":"2023-03-10T06:50:50+00:00","description":"Voittava vedonly\u00f6nti tarkoittaa etua muihin n\u00e4hden ja riskienhallintaa. Uudet vedonly\u00f6nti sivut tarjoavat voittajille mehevi\u00e4 bonuksia.","breadcrumb":{"@id":"https:\/\/onlinecasino360.net\/fi\/vedonlyonti-sivut\/#breadcrumb"},"inLanguage":"fi","potentialAction":[{"@type":"ReadAction","target":["https:\/\/onlinecasino360.net\/fi\/vedonlyonti-sivut\/"]}]},{"@type":"BreadcrumbList","@id":"https:\/\/onlinecasino360.net\/fi\/vedonlyonti-sivut\/#breadcrumb","itemListElement":[{"@type":"ListItem","position":1,"name":"Nettikasinot","item":"https:\/\/onlinecasino360.net\/fi\/"},{"@type":"ListItem","position":2,"name":"Vedonly\u00f6nti sivut"}]},{"@type":"WebSite","@id":"https:\/\/onlinecasino360.net\/fi\/#website","url":"https:\/\/onlinecasino360.net\/fi\/","name":"Online Casino 360","description":"Your online casino portal","publisher":{"@id":"https:\/\/onlinecasino360.net\/fi\/#organization"},"potentialAction":[{"@type":"SearchAction","target":{"@type":"EntryPoint","urlTemplate":"https:\/\/onlinecasino360.net\/fi\/?s={search_term_string}"},"query-input":{"@type":"PropertyValueSpecification","valueRequired":true,"valueName":"search_term_string"}}],"inLanguage":"fi"},{"@type":"Organization","@id":"https:\/\/onlinecasino360.net\/fi\/#organization","name":"Evoula AB","url":"https:\/\/onlinecasino360.net\/fi\/","logo":{"@type":"ImageObject","inLanguage":"fi","@id":"https:\/\/onlinecasino360.net\/fi\/#\/schema\/logo\/image\/","url":"https:\/\/onlinecasino360.net\/wp-content\/uploads\/2022\/06\/onlinecasino360.svg","contentUrl":"https:\/\/onlinecasino360.net\/wp-content\/uploads\/2022\/06\/onlinecasino360.svg","caption":"Evoula AB"},"image":{"@id":"https:\/\/onlinecasino360.net\/fi\/#\/schema\/logo\/image\/"}}]}},"_links":{"self":[{"href":"https:\/\/onlinecasino360.net\/fi\/wp-json\/wp\/v2\/pages\/801","targetHints":{"allow":["GET"]}}],"collection":[{"href":"https:\/\/onlinecasino360.net\/fi\/wp-json\/wp\/v2\/pages"}],"about":[{"href":"https:\/\/onlinecasino360.net\/fi\/wp-json\/wp\/v2\/types\/page"}],"author":[{"embeddable":true,"href":"https:\/\/onlinecasino360.net\/fi\/wp-json\/wp\/v2\/users\/5"}],"replies":[{"embeddable":true,"href":"https:\/\/onlinecasino360.net\/fi\/wp-json\/wp\/v2\/comments?post=801"}],"version-history":[{"count":2,"href":"https:\/\/onlinecasino360.net\/fi\/wp-json\/wp\/v2\/pages\/801\/revisions"}],"predecessor-version":[{"id":804,"href":"https:\/\/onlinecasino360.net\/fi\/wp-json\/wp\/v2\/pages\/801\/revisions\/804"}],"wp:attachment":[{"href":"https:\/\/onlinecasino360.net\/fi\/wp-json\/wp\/v2\/media?parent=801"}],"curies":[{"name":"wp","href":"https:\/\/api.w.org\/{rel}","templated":true}]}}