{"id":86,"date":"2022-06-08T12:24:47","date_gmt":"2022-06-08T12:24:47","guid":{"rendered":"https:\/\/onlinecasino360.net\/?page_id=86"},"modified":"2023-05-10T10:36:04","modified_gmt":"2023-05-10T10:36:04","slug":"tietoa-meiste","status":"publish","type":"page","link":"https:\/\/onlinecasino360.net\/fi\/tietoa-meiste\/","title":{"rendered":"Tietoa meist\u00e4"},"content":{"rendered":"\n<h1 class=\"wp-block-heading\"><strong>Meist\u00e4<\/strong><\/h1>\n\n\n\n<p>Olet saapunut alasivulle, jolta l\u00f6yd\u00e4t tietoa meist\u00e4 \u2013 henkil\u00f6ist\u00e4 br\u00e4ndin onlinecasino360.net -sivuston takana.<\/p>\n\n\n\n<h2 class=\"wp-block-heading\"><strong>Keit\u00e4 me olemme?<\/strong><\/h2>\n\n\n\n<p>Me olemme kolme rahapelaamisen tai rumemmin ilmaistuna uhkapelaamisen suurkuluttajaa. Muistamme pelata vastuullisesti, mutta kaadamme toisinaan melko ison osan niin sanotusta viihdebudjetistamme my\u00f6s nettikasinoiden kolikkopeleihin. Muulla vapaa-ajallamme harrastamme videopelej\u00e4 sek\u00e4 rentoa ajanviettoa yst\u00e4vien ja perheidemme kanssa. Mit\u00e4\u00e4n erityisen poikkeuksellista ei meiss\u00e4 ole, emmek\u00e4 ole mink\u00e4\u00e4nlaisia julkisuuden henkil\u00f6it\u00e4 tai muutenkaan silm\u00e4\u00e4tekevi\u00e4. Olemme kaksi ruotsalaista ja yksi suomalainen mies.<\/p>\n\n\n\n<p>Meit\u00e4 yhdist\u00e4\u00e4 tosiaan rakkaus lajiin. Olemme kaikki harrastaneet rahapelaamista jo vuosikymmeni\u00e4. Ensimm\u00e4iset vuodet kuluivat luonnollisestikin ruotsalaisten peliautomaattien sek\u00e4 kotimaisen Raha-automaattiyhdistyksen eli RAY:n pelien parissa, kunnes viimein ensimm\u00e4iset <a href=\"https:\/\/onlinecasino360.net\/fi\/\">nettikasinot<\/a> rantautuivat nettiin. Siit\u00e4 asti veri on vet\u00e4nyt ulkomaisille kasinoille bonusten ja ylivertaisen laajojen pelivalikoimien per\u00e4ss\u00e4.<\/p>\n\n\n\n<p>Meill\u00e4 kaikilla on omat suosikkipelimme, mutta useimmilta l\u00f6ytyy syd\u00e4mest\u00e4 tilaa niin kolikkopeleille ja livekasinolle kuin vedonly\u00f6nnillekin. Kaikenlainen onnen koettaminen kiinnostaa ja tuo sopivassa suhteessa lis\u00e4j\u00e4nnityst\u00e4 el\u00e4m\u00e4\u00e4n.<\/p>\n\n\n\n<div class=\"wp-block-columns is-layout-flex wp-container-core-columns-is-layout-9d6595d7 wp-block-columns-is-layout-flex\"><\/div>\n\n\n\n<h2 class=\"wp-block-heading\"><strong>Mist\u00e4 idea sivustoon l\u00e4hti<\/strong><\/h2>\n\n\n\n<p>Ilmiselv\u00e4n taloudellisen motiivin lis\u00e4ksi kiinnostuksemme t\u00e4llaisen kasinosivustosivuston luomiseen l\u00e4hti aidosta halusta auttaa kaltaisiamme pelaajia saamaan kaikki irti hauskasta harrastuksestaan. Tied\u00e4mme kokemuksesta, ett\u00e4 aina kasinolla pelaamisen aloittaminen ei ole helppoa. Sudenkuoppia l\u00f6ytyy sielt\u00e4 t\u00e4\u00e4lt\u00e4. Ylip\u00e4\u00e4t\u00e4\u00e4n t\u00e4t\u00e4 kiehtovaa alaa tulisi l\u00e4hesty\u00e4 oikeasta kulmasta, jota ei v\u00e4ltt\u00e4m\u00e4tt\u00e4 ole untuvikkona helppo l\u00f6yt\u00e4\u00e4.<\/p>\n\n\n\n<p>Olemme aikanaan nettikasinoihin tutustumisen vaiheessa tehneet lukuisia virheit\u00e4. Olemme muun muassa pelanneet heikosti lisensoiduilla kasinoilla ja lukeneet toisinaan bonuss\u00e4\u00e4nn\u00f6t liian nopeasti l\u00e4vitse. Joskus olemme jopa joutuneet v\u00e4\u00e4nt\u00e4m\u00e4\u00e4n k\u00e4tt\u00e4 nettikasinoiden kanssa meille kuuluvista kotiutusrahoista useiden vuorokausien ajan. Kaikenlaista hullunkurista ja harmittavaakin on mahtunut mukaan, ja n\u00e4ist\u00e4 virheist\u00e4mme viisastuneina haluamme auttaa lukijoitamme. Emme tahdo, ett\u00e4 annat sentti\u00e4k\u00e4\u00e4n v\u00e4\u00e4r\u00e4nlaisten toimijoiden k\u00e4siin, vaan pelaat vain aidosti sit\u00e4 ansaitsevilla kasinoilla.<\/p>\n\n\n\n<h2 class=\"wp-block-heading\"><strong>Vastuullisuus kirkkaana t\u00e4ht\u00e4imess\u00e4<\/strong><\/h2>\n\n\n\n<p>Hiljalleen olemme oppineet tuntemaan rahapelialan kuin omat taskumme. Olemme hyvin perill\u00e4 siit\u00e4, ett\u00e4 alaan liittyy omanlaistaan ongelmallisuutta ja my\u00f6s ep\u00e4rehellisi\u00e4 toimijoita. Meid\u00e4n tavoitteenamme onkin olla er\u00e4\u00e4nlainen kirkas valo pime\u00e4ss\u00e4. Me emme esimerkiksi sy\u00f6t\u00e4 sinulle pajunk\u00f6ytt\u00e4 saadaksemme sinut liittym\u00e4\u00e4n kasinoille, jotka vain viev\u00e4t rahasi. P\u00e4invastoin haluamme kanavoida v\u00e4ke\u00e4 luotettaville pelisivuille ja toimia er\u00e4\u00e4nlaisena j\u00e4rjen \u00e4\u00e4nen\u00e4.<\/p>\n\n\n\n<p>My\u00f6nn\u00e4mme, ett\u00e4 suhtaudumme kolikkopeleihin ja nettikasinoihin intohimolla, mutta v\u00e4lt\u00e4mme silti hehkuttamasta uhkapelaamista mink\u00e4\u00e4nlaisena taivaan lahjana. T\u00e4m\u00e4 on viime k\u00e4dess\u00e4 raakaa bisnest\u00e4, jossa talo voittaa aina. Talon lis\u00e4ksi voittoa p\u00e4\u00e4sev\u00e4t jakamaan harvat ja valitut onnekkaat, kun taas suurilta osin lystin kustantavat tavalliset huono-onniset kuolevaiset.<\/p>\n\n\n\n<p>Haluamme toitottaa vastuullisuuden torvea, emmek\u00e4 v\u00e4itt\u00e4\u00e4, ett\u00e4 kasinolla voittaminen olisi jotenkin helppoa ja t\u00e4htiin kirjoitettua. T\u00e4m\u00e4 rehtiys ja rehellisyys mielest\u00e4mme erottaa meid\u00e4t monista muista alan imurikauppiaista ja humpuukihessuista.<\/p>\n\n\n\n<p>Olkoon onni sinulle armollinen ja vastuullisuus aina matkassa!<\/p>\n","protected":false},"excerpt":{"rendered":"<p>Meist\u00e4 Olet saapunut alasivulle, jolta l\u00f6yd\u00e4t tietoa meist\u00e4 \u2013 henkil\u00f6ist\u00e4 br\u00e4ndin onlinecasino360.net -sivuston takana. Keit\u00e4 me olemme? Me olemme kolme&#8230;<\/p>\n","protected":false},"author":3,"featured_media":0,"parent":0,"menu_order":0,"comment_status":"closed","ping_status":"closed","template":"","meta":{"_acf_changed":false,"footnotes":""},"class_list":["post-86","page","type-page","status-publish","hentry"],"acf":[],"yoast_head":"<!-- This site is optimized with the Yoast SEO plugin v27.0 - https:\/\/yoast.com\/product\/yoast-seo-wordpress\/ -->\n<title>Tietoa meist\u00e4 | Tutustu tiimiimme sivustomme takana<\/title>\n<meta name=\"description\" content=\"Onlinecasino360 on uusien pikakasinoiden mekka. Meid\u00e4n tiimimme koostuu piinkovista veteraaneista, jotka kaikki rakastavat slotteja ja nettikasinoita!\" \/>\n<meta name=\"robots\" content=\"index, follow, max-snippet:-1, max-image-preview:large, max-video-preview:-1\" \/>\n<link rel=\"canonical\" href=\"https:\/\/onlinecasino360.net\/fi\/tietoa-meiste\/\" \/>\n<meta property=\"og:locale\" content=\"fi_FI\" \/>\n<meta property=\"og:type\" content=\"article\" \/>\n<meta property=\"og:title\" content=\"Tietoa meist\u00e4 | Tutustu tiimiimme sivustomme takana\" \/>\n<meta property=\"og:description\" content=\"Onlinecasino360 on uusien pikakasinoiden mekka. Meid\u00e4n tiimimme koostuu piinkovista veteraaneista, jotka kaikki rakastavat slotteja ja nettikasinoita!\" \/>\n<meta property=\"og:url\" content=\"https:\/\/onlinecasino360.net\/fi\/tietoa-meiste\/\" \/>\n<meta property=\"og:site_name\" content=\"Online Casino 360\" \/>\n<meta property=\"article:modified_time\" content=\"2023-05-10T10:36:04+00:00\" \/>\n<meta name=\"twitter:card\" content=\"summary_large_image\" \/>\n<meta name=\"twitter:label1\" content=\"Arvioitu lukuaika\" \/>\n\t<meta name=\"twitter:data1\" content=\"3 minuuttia\" \/>\n<script type=\"application\/ld+json\" class=\"yoast-schema-graph\">{\"@context\":\"https:\/\/schema.org\",\"@graph\":[{\"@type\":\"WebPage\",\"@id\":\"https:\/\/onlinecasino360.net\/fi\/tietoa-meiste\/\",\"url\":\"https:\/\/onlinecasino360.net\/fi\/tietoa-meiste\/\",\"name\":\"Tietoa meist\u00e4 | Tutustu tiimiimme sivustomme takana\",\"isPartOf\":{\"@id\":\"https:\/\/onlinecasino360.net\/fi\/#website\"},\"datePublished\":\"2022-06-08T12:24:47+00:00\",\"dateModified\":\"2023-05-10T10:36:04+00:00\",\"description\":\"Onlinecasino360 on uusien pikakasinoiden mekka. Meid\u00e4n tiimimme koostuu piinkovista veteraaneista, jotka kaikki rakastavat slotteja ja nettikasinoita!\",\"breadcrumb\":{\"@id\":\"https:\/\/onlinecasino360.net\/fi\/tietoa-meiste\/#breadcrumb\"},\"inLanguage\":\"fi\",\"potentialAction\":[{\"@type\":\"ReadAction\",\"target\":[\"https:\/\/onlinecasino360.net\/fi\/tietoa-meiste\/\"]}]},{\"@type\":\"BreadcrumbList\",\"@id\":\"https:\/\/onlinecasino360.net\/fi\/tietoa-meiste\/#breadcrumb\",\"itemListElement\":[{\"@type\":\"ListItem\",\"position\":1,\"name\":\"Nettikasinot\",\"item\":\"https:\/\/onlinecasino360.net\/fi\/\"},{\"@type\":\"ListItem\",\"position\":2,\"name\":\"Tietoa meist\u00e4\"}]},{\"@type\":\"WebSite\",\"@id\":\"https:\/\/onlinecasino360.net\/fi\/#website\",\"url\":\"https:\/\/onlinecasino360.net\/fi\/\",\"name\":\"Online Casino 360\",\"description\":\"Your online casino portal\",\"publisher\":{\"@id\":\"https:\/\/onlinecasino360.net\/fi\/#organization\"},\"potentialAction\":[{\"@type\":\"SearchAction\",\"target\":{\"@type\":\"EntryPoint\",\"urlTemplate\":\"https:\/\/onlinecasino360.net\/fi\/?s={search_term_string}\"},\"query-input\":{\"@type\":\"PropertyValueSpecification\",\"valueRequired\":true,\"valueName\":\"search_term_string\"}}],\"inLanguage\":\"fi\"},{\"@type\":\"Organization\",\"@id\":\"https:\/\/onlinecasino360.net\/fi\/#organization\",\"name\":\"Evoula AB\",\"url\":\"https:\/\/onlinecasino360.net\/fi\/\",\"logo\":{\"@type\":\"ImageObject\",\"inLanguage\":\"fi\",\"@id\":\"https:\/\/onlinecasino360.net\/fi\/#\/schema\/logo\/image\/\",\"url\":\"https:\/\/onlinecasino360.net\/wp-content\/uploads\/2022\/06\/onlinecasino360.svg\",\"contentUrl\":\"https:\/\/onlinecasino360.net\/wp-content\/uploads\/2022\/06\/onlinecasino360.svg\",\"caption\":\"Evoula AB\"},\"image\":{\"@id\":\"https:\/\/onlinecasino360.net\/fi\/#\/schema\/logo\/image\/\"}}]}<\/script>\n<!-- \/ Yoast SEO plugin. -->","yoast_head_json":{"title":"Tietoa meist\u00e4 | Tutustu tiimiimme sivustomme takana","description":"Onlinecasino360 on uusien pikakasinoiden mekka. Meid\u00e4n tiimimme koostuu piinkovista veteraaneista, jotka kaikki rakastavat slotteja ja nettikasinoita!","robots":{"index":"index","follow":"follow","max-snippet":"max-snippet:-1","max-image-preview":"max-image-preview:large","max-video-preview":"max-video-preview:-1"},"canonical":"https:\/\/onlinecasino360.net\/fi\/tietoa-meiste\/","og_locale":"fi_FI","og_type":"article","og_title":"Tietoa meist\u00e4 | Tutustu tiimiimme sivustomme takana","og_description":"Onlinecasino360 on uusien pikakasinoiden mekka. Meid\u00e4n tiimimme koostuu piinkovista veteraaneista, jotka kaikki rakastavat slotteja ja nettikasinoita!","og_url":"https:\/\/onlinecasino360.net\/fi\/tietoa-meiste\/","og_site_name":"Online Casino 360","article_modified_time":"2023-05-10T10:36:04+00:00","twitter_card":"summary_large_image","twitter_misc":{"Arvioitu lukuaika":"3 minuuttia"},"schema":{"@context":"https:\/\/schema.org","@graph":[{"@type":"WebPage","@id":"https:\/\/onlinecasino360.net\/fi\/tietoa-meiste\/","url":"https:\/\/onlinecasino360.net\/fi\/tietoa-meiste\/","name":"Tietoa meist\u00e4 | Tutustu tiimiimme sivustomme takana","isPartOf":{"@id":"https:\/\/onlinecasino360.net\/fi\/#website"},"datePublished":"2022-06-08T12:24:47+00:00","dateModified":"2023-05-10T10:36:04+00:00","description":"Onlinecasino360 on uusien pikakasinoiden mekka. Meid\u00e4n tiimimme koostuu piinkovista veteraaneista, jotka kaikki rakastavat slotteja ja nettikasinoita!","breadcrumb":{"@id":"https:\/\/onlinecasino360.net\/fi\/tietoa-meiste\/#breadcrumb"},"inLanguage":"fi","potentialAction":[{"@type":"ReadAction","target":["https:\/\/onlinecasino360.net\/fi\/tietoa-meiste\/"]}]},{"@type":"BreadcrumbList","@id":"https:\/\/onlinecasino360.net\/fi\/tietoa-meiste\/#breadcrumb","itemListElement":[{"@type":"ListItem","position":1,"name":"Nettikasinot","item":"https:\/\/onlinecasino360.net\/fi\/"},{"@type":"ListItem","position":2,"name":"Tietoa meist\u00e4"}]},{"@type":"WebSite","@id":"https:\/\/onlinecasino360.net\/fi\/#website","url":"https:\/\/onlinecasino360.net\/fi\/","name":"Online Casino 360","description":"Your online casino portal","publisher":{"@id":"https:\/\/onlinecasino360.net\/fi\/#organization"},"potentialAction":[{"@type":"SearchAction","target":{"@type":"EntryPoint","urlTemplate":"https:\/\/onlinecasino360.net\/fi\/?s={search_term_string}"},"query-input":{"@type":"PropertyValueSpecification","valueRequired":true,"valueName":"search_term_string"}}],"inLanguage":"fi"},{"@type":"Organization","@id":"https:\/\/onlinecasino360.net\/fi\/#organization","name":"Evoula AB","url":"https:\/\/onlinecasino360.net\/fi\/","logo":{"@type":"ImageObject","inLanguage":"fi","@id":"https:\/\/onlinecasino360.net\/fi\/#\/schema\/logo\/image\/","url":"https:\/\/onlinecasino360.net\/wp-content\/uploads\/2022\/06\/onlinecasino360.svg","contentUrl":"https:\/\/onlinecasino360.net\/wp-content\/uploads\/2022\/06\/onlinecasino360.svg","caption":"Evoula AB"},"image":{"@id":"https:\/\/onlinecasino360.net\/fi\/#\/schema\/logo\/image\/"}}]}},"_links":{"self":[{"href":"https:\/\/onlinecasino360.net\/fi\/wp-json\/wp\/v2\/pages\/86","targetHints":{"allow":["GET"]}}],"collection":[{"href":"https:\/\/onlinecasino360.net\/fi\/wp-json\/wp\/v2\/pages"}],"about":[{"href":"https:\/\/onlinecasino360.net\/fi\/wp-json\/wp\/v2\/types\/page"}],"author":[{"embeddable":true,"href":"https:\/\/onlinecasino360.net\/fi\/wp-json\/wp\/v2\/users\/3"}],"replies":[{"embeddable":true,"href":"https:\/\/onlinecasino360.net\/fi\/wp-json\/wp\/v2\/comments?post=86"}],"version-history":[{"count":16,"href":"https:\/\/onlinecasino360.net\/fi\/wp-json\/wp\/v2\/pages\/86\/revisions"}],"predecessor-version":[{"id":852,"href":"https:\/\/onlinecasino360.net\/fi\/wp-json\/wp\/v2\/pages\/86\/revisions\/852"}],"wp:attachment":[{"href":"https:\/\/onlinecasino360.net\/fi\/wp-json\/wp\/v2\/media?parent=86"}],"curies":[{"name":"wp","href":"https:\/\/api.w.org\/{rel}","templated":true}]}}