{"id":89,"date":"2022-06-09T08:58:25","date_gmt":"2022-06-09T08:58:25","guid":{"rendered":"https:\/\/onlinecasino360.net\/?page_id=89"},"modified":"2022-06-16T10:54:11","modified_gmt":"2022-06-16T10:54:11","slug":"kasinoarvostelut","status":"publish","type":"page","link":"https:\/\/onlinecasino360.net\/fi\/kasinoarvostelut\/","title":{"rendered":"Kasinoarvostelut"},"content":{"rendered":"\n<h1 class=\"wp-block-heading\">Kasinoarvostelut<\/h1>\n\n\n\n<p>Nettikasinot eiv\u00e4t maailmasta lopu, ja t\u00e4st\u00e4 syyst\u00e4 kasinoarvostelut ovat nousseet todella t\u00e4rke\u00e4\u00e4n rooliin. Lukemalla kirjoittamiamme ammattimaisia kasinoarvosteluita p\u00e4\u00e4set k\u00e4rryille siit\u00e4, mitk\u00e4 kasinot ovat vaivasi arvoisia.<\/p>\n\n\n\n<p>T\u00e4ll\u00e4 alasivulla kerromme sinulle, mill\u00e4 perusteella ja mit\u00e4 asioita nettikasinoissa arvostelemme. Meilt\u00e4 l\u00f6yd\u00e4t aina parhaat, kattavimmat ja luotettavimmat kasinoarvostelut, mit\u00e4 t\u00e4ll\u00e4 hullunkurisella alalla on koskaan kirjoitettu!<\/p>\n\n\n<div class=\"card-review\">\n    <div class=\"image\">\n        <img decoding=\"async\" src=\"https:\/\/onlinecasino360.net\/wp-content\/uploads\/2023\/08\/mahti-kasino.webp\" alt=\"Mahti kasino\"\/>\n    <\/div>\n    <div class=\"title\">\n        Mahti kasino\n    <\/div>\n    <div class=\"link\">\n        <a href=\"https:\/\/onlinecasino360.net\/fi\/kasinoarvostelut\/mahti-kasino\/\" class=\"button outline full-width\">Mahti kasino<\/a>\n    <\/div>\n<\/div>\n<div class=\"card-review\">\n    <div class=\"image\">\n        <img decoding=\"async\" src=\"https:\/\/onlinecasino360.net\/wp-content\/uploads\/2023\/07\/ultra-casino.png\" alt=\"Ultra Kasino\"\/>\n    <\/div>\n    <div class=\"title\">\n        Ultra Kasino\n    <\/div>\n    <div class=\"link\">\n        <a href=\"https:\/\/onlinecasino360.net\/fi\/kasinoarvostelut\/ultra-kasino\/\" class=\"button outline full-width\">Ultra Kasino<\/a>\n    <\/div>\n<\/div>\n<div class=\"card-review\">\n    <div class=\"image\">\n        <img decoding=\"async\" src=\"https:\/\/onlinecasino360.net\/wp-content\/uploads\/2023\/06\/neon-vegas.png\" alt=\"Neonvegas\"\/>\n    <\/div>\n    <div class=\"title\">\n        Neonvegas\n    <\/div>\n    <div class=\"link\">\n        <a href=\"https:\/\/onlinecasino360.net\/fi\/kasinoarvostelut\/neonvegas\/\" class=\"button outline full-width\">Neonvegas<\/a>\n    <\/div>\n<\/div>\n<div class=\"card-review\">\n    <div class=\"image\">\n        <img decoding=\"async\" src=\"https:\/\/onlinecasino360.net\/wp-content\/uploads\/2023\/05\/samosa-casino.png\" alt=\"Samosa Casino\"\/>\n    <\/div>\n    <div class=\"title\">\n        Samosa Casino\n    <\/div>\n    <div class=\"link\">\n        <a href=\"https:\/\/onlinecasino360.net\/fi\/kasinoarvostelut\/samosa-casino\/\" class=\"button outline full-width\">Samosa Casino<\/a>\n    <\/div>\n<\/div>\n<div class=\"card-review\">\n    <div class=\"image\">\n        <img decoding=\"async\" src=\"https:\/\/onlinecasino360.net\/wp-content\/uploads\/2023\/04\/uberlucky.webp\" alt=\"Uberlucky\u00a0Casino\"\/>\n    <\/div>\n    <div class=\"title\">\n        Uberlucky\u00a0Casino\n    <\/div>\n    <div class=\"link\">\n        <a href=\"https:\/\/onlinecasino360.net\/fi\/kasinoarvostelut\/uberlucky-casino\/\" class=\"button outline full-width\">Uberlucky\u00a0Casino<\/a>\n    <\/div>\n<\/div>\n<div class=\"card-review\">\n    <div class=\"image\">\n        <img decoding=\"async\" src=\"https:\/\/onlinecasino360.net\/wp-content\/uploads\/2022\/06\/frumzi-casino.png\" alt=\"Frumzi Casino\"\/>\n    <\/div>\n    <div class=\"title\">\n        Frumzi Casino\n    <\/div>\n    <div class=\"link\">\n        <a href=\"https:\/\/onlinecasino360.net\/fi\/kasinoarvostelut\/frumzi-casino\/\" class=\"button outline full-width\">Frumzi Casino<\/a>\n    <\/div>\n<\/div>\n<div class=\"card-review\">\n    <div class=\"image\">\n        <img decoding=\"async\" src=\"https:\/\/onlinecasino360.net\/wp-content\/uploads\/2022\/06\/kazoom-casino.png\" alt=\"Kazoom Casino\"\/>\n    <\/div>\n    <div class=\"title\">\n        Kazoom Casino\n    <\/div>\n    <div class=\"link\">\n        <a href=\"https:\/\/onlinecasino360.net\/fi\/kasinoarvostelut\/kazoom-casino\/\" class=\"button outline full-width\">Kazoom Casino<\/a>\n    <\/div>\n<\/div>\n<div class=\"card-review\">\n    <div class=\"image\">\n        <img decoding=\"async\" src=\"https:\/\/onlinecasino360.net\/wp-content\/uploads\/2022\/06\/live-casino.png\" alt=\"Live Casino\"\/>\n    <\/div>\n    <div class=\"title\">\n        Live Casino\n    <\/div>\n    <div class=\"link\">\n        <a href=\"https:\/\/onlinecasino360.net\/fi\/kasinoarvostelut\/live-casino\/\" class=\"button outline full-width\">Live Casino<\/a>\n    <\/div>\n<\/div>\n<div class=\"card-review\">\n    <div class=\"image\">\n        <img decoding=\"async\" src=\"https:\/\/onlinecasino360.net\/wp-content\/uploads\/2022\/06\/boom-casino.png\" alt=\"Boom Casino\"\/>\n    <\/div>\n    <div class=\"title\">\n        Boom Casino\n    <\/div>\n    <div class=\"link\">\n        <a href=\"https:\/\/onlinecasino360.net\/fi\/kasinoarvostelut\/boom-casino\/\" class=\"button outline full-width\">Boom Casino<\/a>\n    <\/div>\n<\/div>\n<div class=\"card-review\">\n    <div class=\"image\">\n        <img decoding=\"async\" src=\"https:\/\/onlinecasino360.net\/wp-content\/uploads\/2022\/06\/caxino-casino.png\" alt=\"Caxino Casino\"\/>\n    <\/div>\n    <div class=\"title\">\n        Caxino Casino\n    <\/div>\n    <div class=\"link\">\n        <a href=\"https:\/\/onlinecasino360.net\/fi\/kasinoarvostelut\/caxino-casino\/\" class=\"button outline full-width\">Caxino Casino<\/a>\n    <\/div>\n<\/div>\n<div class=\"card-review\">\n    <div class=\"image\">\n        <img decoding=\"async\" src=\"https:\/\/onlinecasino360.net\/wp-content\/uploads\/2022\/06\/nopeampi-casino.png\" alt=\"Nopeampi Casino\"\/>\n    <\/div>\n    <div class=\"title\">\n        Nopeampi Casino\n    <\/div>\n    <div class=\"link\">\n        <a href=\"https:\/\/onlinecasino360.net\/fi\/kasinoarvostelut\/nopeampi-casino\/\" class=\"button outline full-width\">Nopeampi Casino<\/a>\n    <\/div>\n<\/div>\n<div class=\"card-review\">\n    <div class=\"image\">\n        <img decoding=\"async\" src=\"https:\/\/onlinecasino360.net\/wp-content\/uploads\/2022\/06\/casumo-casino.png\" alt=\"Casumo Casino\"\/>\n    <\/div>\n    <div class=\"title\">\n        Casumo Casino\n    <\/div>\n    <div class=\"link\">\n        <a href=\"https:\/\/onlinecasino360.net\/fi\/kasinoarvostelut\/casumo-casino\/\" class=\"button outline full-width\">Casumo Casino<\/a>\n    <\/div>\n<\/div>\n<div class=\"card-review\">\n    <div class=\"image\">\n        <img decoding=\"async\" src=\"https:\/\/onlinecasino360.net\/wp-content\/uploads\/2022\/06\/wildz-casino.jpg\" alt=\"Wildz Casino\"\/>\n    <\/div>\n    <div class=\"title\">\n        Wildz Casino\n    <\/div>\n    <div class=\"link\">\n        <a href=\"https:\/\/onlinecasino360.net\/fi\/kasinoarvostelut\/wildz-casino\/\" class=\"button outline full-width\">Wildz Casino<\/a>\n    <\/div>\n<\/div>\n\n\n\n\n<h2 class=\"wp-block-heading\">Kirjoittamamme kasinoarvostelut k\u00e4sittelev\u00e4t kasinoita monesta n\u00e4k\u00f6kulmasta<\/h2>\n\n\n\n<p>Uutena nettikasinoiden harrastajana sinun saattaa olla vaikea tiet\u00e4\u00e4, mill\u00e4 tavalla <a href=\"https:\/\/onlinecasino360.net\/fi\/\">nettikasinot<\/a> ylip\u00e4\u00e4t\u00e4\u00e4n eroavat toisistaan. Some- ja mainosvirrassa tulee vastaan toinen toistaan kiinnostavampia kasinouutuuksia, mutta ne kaikki n\u00e4ytt\u00e4v\u00e4t harjaantumattomalle silm\u00e4lle samankaltaisia.<\/p>\n\n\n\n<p>Alla on lyhyt lista asioista ja ominaisuuksista, joita t\u00e4m\u00e4n sivun kasinoarvostelut k\u00e4yv\u00e4t kasinoissa l\u00e4pi. Listan j\u00e4lkeen k\u00e4sittelemme kutakin asiaa l\u00e4hemmin erityisten alaotsikoiden avulla.<\/p>\n\n\n\n<ul class=\"wp-block-list\"><li>Ulkoasu<\/li><li>Kasinobonukset<\/li><li>Pelivalikoima<\/li><li>Maksutavat<\/li><li>Turvallisuusasiat<\/li><li>Asiakaspalvelu<\/li><li>Kokonaisvaikutelma eli yhteenveto<\/li><\/ul>\n\n\n\n<h2 class=\"wp-block-heading\">Ulkoasu voi paljastaa paljon<\/h2>\n\n\n\n<p>Joskus oivaltavasti sanotaan, ett\u00e4 moni kakku p\u00e4\u00e4lt\u00e4 kaunis. Kauneus on tunnetusti katsojan silm\u00e4ss\u00e4, mutta ulkoasu voi my\u00f6s kertoa paljon kantajastaan.<\/p>\n\n\n\n<p>Jos nettikasino on huolitellun n\u00e4k\u00f6inen, on hyvin mahdollista, ett\u00e4 my\u00f6s sivuston sis\u00e4lt\u00f6\u00f6n on panostettu aikaa ja vaivaa keskim\u00e4\u00e4r\u00e4ist\u00e4 enemm\u00e4n. Samankaltaiset asiathan sin\u00e4ns\u00e4 p\u00e4tev\u00e4t my\u00f6s ihmisiin. Jos ihmisell\u00e4 on reik\u00e4inen paita ja puhki kuluneet keng\u00e4t, saattaa t\u00e4m\u00e4 kertoa jotakin ihmisen luonteesta tai el\u00e4m\u00e4narvoista.<\/p>\n\n\n\n<p>Aina tyylik\u00e4s ulkon\u00e4k\u00f6 ei tietenk\u00e4\u00e4n sen enemp\u00e4\u00e4 kasinolla kuin tavan kansalaisellakaan kerro juuri mit\u00e4\u00e4n. Silti se on luonnollinen asia, johon julkaisemamme kasinoarvostelut ja kasinoammattilaisista koostuva tiimimme pureutuvat mielell\u00e4\u00e4n.<\/p>\n\n\n\n<h2 class=\"wp-block-heading\">Kasinobonukset merkitt\u00e4v\u00e4 kannustin uudelle kasinolle liittyess\u00e4<\/h2>\n\n\n\n<p>Kriitikkomme kiinnitt\u00e4v\u00e4t kaikissa kasinoarvosteluissa aivan erityist\u00e4 huomiota tarjolla mahdollisesti oleviin kasinobonuksiin. Varsin moni suomalainen valitsee kasinonsa nimenomaan sen tarjoamien etujen perusteella, joten n\u00e4m\u00e4 asiat ansaitsevat oikeutetusti paljon palstatilaa.<\/p>\n\n\n\n<p>Sen lis\u00e4ksi, ett\u00e4 esittelemme sit\u00e4, kuinka paljon bonusrahaa ja ilmaiskierroksia kukin casino asiakkailleen jakaa, muistamme kurkistaa my\u00f6s konepellin alle. Pidemp\u00e4\u00e4n netin rahapelej\u00e4 pelanneet nimitt\u00e4in hyvin tiet\u00e4v\u00e4t, ett\u00e4 kaikki bonukset eiv\u00e4t aina ole tulta ja tappuraa. Kirjoittamamme kasinoarvostelut k\u00e4yv\u00e4t l\u00e4pikotaisesti l\u00e4pi kasinoetujen s\u00e4\u00e4nt\u00f6j\u00e4 ja ehtoja. Meilt\u00e4 ei j\u00e4\u00e4 mit\u00e4\u00e4n konnankoukkuja tai piilotettujakaan ukaaseja huomaamatta, ja raportoimme aina l\u00f6yd\u00f6ksist\u00e4mme lukijoille niin rehellisesti kuin vain suinkin mahdollista.<\/p>\n\n\n\n<h2 class=\"wp-block-heading\">Pelivalikoima vaikuttaa kasinokokemuksen viihtyisyyteen<\/h2>\n\n\n\n<p>On ilmiselv\u00e4\u00e4, ett\u00e4 laaja pelivalikoima on aina parempi kuin suppea sellainen. Joillain kasinoilla saattaa olla pelattavana jopa useita tuhansia kolikkopelej\u00e4, kun taas toisilla niit\u00e4 on vain muutama kymmenen kappaletta. Osa kasinoista puolestaan panostaa vain ja ainoastaan yhteen tai pariin eri pelivalmistajaan, kun taas toisilla jo pelkk\u00e4 pelej\u00e4 tehtailevien studioiden lukum\u00e4\u00e4r\u00e4 voi nousta l\u00e4helle sataa.<\/p>\n\n\n\n<p>Mik\u00e4li nettikasinot ja niiden pelit eiv\u00e4t ole sinulle viel\u00e4 kovinkaan tuttua kauraa, ei pelivalikoiman suppeudella tai laajuudella v\u00e4ltt\u00e4m\u00e4tt\u00e4 ole sinulle isoa merkityst\u00e4. Jos kuitenkin olet tyk\u00e4stynyt kovasti vaikka Book of Deadin (Play\u2019n GO) tai Starburstin (NetEnt) kaltaisiin kolikkopeleihin, on tilanne toinen. Kasinoarvostelut sivuillamme kertovat sinulle kaiken tarvittavan siit\u00e4, mit\u00e4 pelintekij\u00f6it\u00e4 kasinolla on k\u00e4yt\u00f6ss\u00e4\u00e4n ja kuinka laajasta pelipaketista keskim\u00e4\u00e4r\u00e4isesti puhutaan!<\/p>\n\n\n\n<h2 class=\"wp-block-heading\">Suomalaisten suosimat maksutavat t\u00e4rke\u00e4 osa k\u00e4ytett\u00e4vyytt\u00e4<\/h2>\n\n\n\n<p>Jo rahapelien nimi kertoo, ett\u00e4 n\u00e4it\u00e4 pelej\u00e4 pelatakseen t\u00e4ytyy panostaa rahaa. Parhaat suomalaiset kasinot tekev\u00e4t t\u00e4st\u00e4 helppoa, sill\u00e4 k\u00e4yt\u00f6ss\u00e4 on liuta meik\u00e4l\u00e4isille suunnattuja maksutapoja.<\/p>\n\n\n\n<p>Jos nettikasino p\u00e4\u00e4st\u00e4\u00e4 tallettamaan rahaa ainoastaan luottokortilla, ei kasino todenn\u00e4k\u00f6isesti muutenkaan ole vaivan v\u00e4\u00e4rti. J\u00e4lleen kerran kasinoarvostelumme tulevat h\u00e4tiin kertoen, mit\u00e4 suomalaisten suosimia menetelmi\u00e4 rahan tallettamiseen ja nostamiseen voi k\u00e4ytt\u00e4\u00e4. Parasta tietenkin on, jos talletukset sujuvat n\u00e4pp\u00e4r\u00e4sti ja turvallisesti suoraan suomalaisilla nettipankkitunnuksilla.<\/p>\n\n\n\n<h2 class=\"wp-block-heading\">Turvallisuus ja luotettavuus ensisijaisessa roolissa<\/h2>\n\n\n\n<p>Aidon rahatalletuksen tekeminen nettikasinolle ei ehk\u00e4 tunnu hyv\u00e4lt\u00e4 idealta, jos turvallisuusasiat askarruttavat. Kasinoarviomme k\u00e4yv\u00e4t turvallisuuteen liittyvi\u00e4 asioita l\u00e4pi erityisen tarkasti, jotta voi huokaista helpotuksesta ja keskitty\u00e4 olennaiseen peleist\u00e4 nauttimiseen.<\/p>\n\n\n\n<p>Meid\u00e4n arvioidemme avulla l\u00f6yd\u00e4t kasinot, jotka eiv\u00e4t huijaa sinulta rahojasi ja maksavat saadut voitot pihalle sovitusti.<\/p>\n\n\n\n<h2 class=\"wp-block-heading\">Asiakaspalvelu on linkki pelaajan ja kasinon v\u00e4lill\u00e4<\/h2>\n\n\n\n<p>Kirjoittamamme luotettavat kasinoarvostelut t\u00e4ll\u00e4 sivulla k\u00e4sittelev\u00e4t yht\u00e4 lailla my\u00f6s jokaisen nettikasinon asiakastukipalveluita. Jos t\u00f6rm\u00e4\u00e4t kasinolla millaisiin tahansa ongelmiin tai haluat muuten vain kysy\u00e4 jotakin, on hyvin toimiva asiakaspalvelu t\u00e4rke\u00e4 olla olemassa.<\/p>\n\n\n\n<p>Useimmat nettikasinot tarjoavat asiakaspalvelua s\u00e4hk\u00f6postin lis\u00e4ksi my\u00f6s reaaliaikaisen live chatin v\u00e4lityksell\u00e4, mutta aina n\u00e4in ei ole. Harvoissa tapauksissa live chat -toiminnallisuus saattaa joko olla k\u00e4yt\u00f6ss\u00e4 vain jo rekister\u00f6ityneille asiakkaille tai puuttua kokonaan. T\u00e4m\u00e4 on todella ik\u00e4v\u00e4\u00e4 tilanteissa, joissa haluaisit varmistua jostakin asiasta ennen tilin luomista kiinnostavalle kasinolle.<\/p>\n\n\n\n<p>L\u00e4hesk\u00e4\u00e4n kaikki netticasinot eiv\u00e4t my\u00f6sk\u00e4\u00e4n tarjoa asiakkailleen suomenkielist\u00e4 asiakaspalvelua, vaan hommat tulee hoitaa englanniksi. N\u00e4it\u00e4kin asioita kasinoarvostelut k\u00e4sittelev\u00e4t juurta jaksaen ja perinpohjaisesti. Parasta olisi, jos englanninkielinen tuki olisi auki 24\/7 ja suomalainenkin edes aamusta my\u00f6h\u00e4\u00e4n y\u00f6h\u00f6n saakka!<\/p>\n\n\n\n<h2 class=\"wp-block-heading\">Yhteenveto tiivist\u00e4\u00e4 kasinon arvon<\/h2>\n\n\n\n<p>Jokainen nettikasino on omanlaisensa kokonaisuus. Joissain tapauksissa kasino saattaa olla jopa suurempi ja mahtavampi kuin osiensa summa. N\u00e4inp\u00e4 on t\u00e4rke\u00e4\u00e4, ett\u00e4 luet jokaisesta kasinoarvostelustamme my\u00f6s kasinosta kirjoittamamme yhteenvedon. Yhteenvedon aikana kerromme, millaisille asiakkaille kasinoa voi suositella tai voiko sit\u00e4 suositella kenellek\u00e4\u00e4n!<\/p>\n\n\n\n<h2 class=\"wp-block-heading\">Lopuksi<\/h2>\n\n\n\n<p>T\u00e4ll\u00e4 alasivulla olet saanut lukea tukun tietoa noregistrationcasino.io:n k\u00e4ytt\u00e4mist\u00e4 nettikasinoiden arvosteluperiaatteista. Arvostelumme auttavat sek\u00e4 uusia kasinoharrastajia ett\u00e4 fakkiintuneita konkareita l\u00f6yt\u00e4m\u00e4\u00e4n pelipaikkoja, joilla pelaaminen on taatusti sulavaa, saumatonta ja hauskaa. Varmoja uhkapelivoittoja emme tietenk\u00e4\u00e4n kenellek\u00e4\u00e4n voi luvata, mutta muissa asioissa kyll\u00e4 kykenemme auttamaan.<\/p>\n\n\n\n<p>Sukella ihmeess\u00e4 mukaan kasinopelien villiin maailmaan luotettavat kasinoarvostelut seuranasi!<\/p>\n","protected":false},"excerpt":{"rendered":"<p>Kasinoarvostelut Nettikasinot eiv\u00e4t maailmasta lopu, ja t\u00e4st\u00e4 syyst\u00e4 kasinoarvostelut ovat nousseet todella t\u00e4rke\u00e4\u00e4n rooliin. Lukemalla kirjoittamiamme ammattimaisia kasinoarvosteluita p\u00e4\u00e4set k\u00e4rryille&#8230;<\/p>\n","protected":false},"author":3,"featured_media":0,"parent":0,"menu_order":0,"comment_status":"closed","ping_status":"closed","template":"","meta":{"_acf_changed":false,"footnotes":""},"class_list":["post-89","page","type-page","status-publish","hentry"],"acf":[],"yoast_head":"<!-- This site is optimized with the Yoast SEO plugin v27.0 - https:\/\/yoast.com\/product\/yoast-seo-wordpress\/ -->\n<title>Kasinoarvostelut helpottavat el\u00e4m\u00e4\u00e4. Tutustu niihin nyt!<\/title>\n<meta name=\"description\" content=\"Kasinoarvostelut sivustollamme auttavat sinua l\u00f6yt\u00e4m\u00e4\u00e4n juuri sinulle sopivat ja luotettavat nettikasinot. Lue nyt heti lis\u00e4\u00e4 arvosteluperiaatteistamme!\" \/>\n<meta name=\"robots\" content=\"index, follow, max-snippet:-1, max-image-preview:large, max-video-preview:-1\" \/>\n<link rel=\"canonical\" href=\"https:\/\/onlinecasino360.net\/fi\/kasinoarvostelut\/\" \/>\n<meta property=\"og:locale\" content=\"fi_FI\" \/>\n<meta property=\"og:type\" content=\"article\" \/>\n<meta property=\"og:title\" content=\"Kasinoarvostelut helpottavat el\u00e4m\u00e4\u00e4. Tutustu niihin nyt!\" \/>\n<meta property=\"og:description\" content=\"Kasinoarvostelut sivustollamme auttavat sinua l\u00f6yt\u00e4m\u00e4\u00e4n juuri sinulle sopivat ja luotettavat nettikasinot. Lue nyt heti lis\u00e4\u00e4 arvosteluperiaatteistamme!\" \/>\n<meta property=\"og:url\" content=\"https:\/\/onlinecasino360.net\/fi\/kasinoarvostelut\/\" \/>\n<meta property=\"og:site_name\" content=\"Online Casino 360\" \/>\n<meta property=\"article:modified_time\" content=\"2022-06-16T10:54:11+00:00\" \/>\n<meta name=\"twitter:card\" content=\"summary_large_image\" \/>\n<meta name=\"twitter:label1\" content=\"Arvioitu lukuaika\" \/>\n\t<meta name=\"twitter:data1\" content=\"4 minuuttia\" \/>\n<script type=\"application\/ld+json\" class=\"yoast-schema-graph\">{\"@context\":\"https:\/\/schema.org\",\"@graph\":[{\"@type\":\"WebPage\",\"@id\":\"https:\/\/onlinecasino360.net\/fi\/kasinoarvostelut\/\",\"url\":\"https:\/\/onlinecasino360.net\/fi\/kasinoarvostelut\/\",\"name\":\"Kasinoarvostelut helpottavat el\u00e4m\u00e4\u00e4. Tutustu niihin nyt!\",\"isPartOf\":{\"@id\":\"https:\/\/onlinecasino360.net\/fi\/#website\"},\"datePublished\":\"2022-06-09T08:58:25+00:00\",\"dateModified\":\"2022-06-16T10:54:11+00:00\",\"description\":\"Kasinoarvostelut sivustollamme auttavat sinua l\u00f6yt\u00e4m\u00e4\u00e4n juuri sinulle sopivat ja luotettavat nettikasinot. Lue nyt heti lis\u00e4\u00e4 arvosteluperiaatteistamme!\",\"breadcrumb\":{\"@id\":\"https:\/\/onlinecasino360.net\/fi\/kasinoarvostelut\/#breadcrumb\"},\"inLanguage\":\"fi\",\"potentialAction\":[{\"@type\":\"ReadAction\",\"target\":[\"https:\/\/onlinecasino360.net\/fi\/kasinoarvostelut\/\"]}]},{\"@type\":\"BreadcrumbList\",\"@id\":\"https:\/\/onlinecasino360.net\/fi\/kasinoarvostelut\/#breadcrumb\",\"itemListElement\":[{\"@type\":\"ListItem\",\"position\":1,\"name\":\"Nettikasinot\",\"item\":\"https:\/\/onlinecasino360.net\/fi\/\"},{\"@type\":\"ListItem\",\"position\":2,\"name\":\"Kasinoarvostelut\"}]},{\"@type\":\"WebSite\",\"@id\":\"https:\/\/onlinecasino360.net\/fi\/#website\",\"url\":\"https:\/\/onlinecasino360.net\/fi\/\",\"name\":\"Online Casino 360\",\"description\":\"Your online casino portal\",\"publisher\":{\"@id\":\"https:\/\/onlinecasino360.net\/fi\/#organization\"},\"potentialAction\":[{\"@type\":\"SearchAction\",\"target\":{\"@type\":\"EntryPoint\",\"urlTemplate\":\"https:\/\/onlinecasino360.net\/fi\/?s={search_term_string}\"},\"query-input\":{\"@type\":\"PropertyValueSpecification\",\"valueRequired\":true,\"valueName\":\"search_term_string\"}}],\"inLanguage\":\"fi\"},{\"@type\":\"Organization\",\"@id\":\"https:\/\/onlinecasino360.net\/fi\/#organization\",\"name\":\"Evoula AB\",\"url\":\"https:\/\/onlinecasino360.net\/fi\/\",\"logo\":{\"@type\":\"ImageObject\",\"inLanguage\":\"fi\",\"@id\":\"https:\/\/onlinecasino360.net\/fi\/#\/schema\/logo\/image\/\",\"url\":\"https:\/\/onlinecasino360.net\/wp-content\/uploads\/2022\/06\/onlinecasino360.svg\",\"contentUrl\":\"https:\/\/onlinecasino360.net\/wp-content\/uploads\/2022\/06\/onlinecasino360.svg\",\"caption\":\"Evoula AB\"},\"image\":{\"@id\":\"https:\/\/onlinecasino360.net\/fi\/#\/schema\/logo\/image\/\"}}]}<\/script>\n<!-- \/ Yoast SEO plugin. -->","yoast_head_json":{"title":"Kasinoarvostelut helpottavat el\u00e4m\u00e4\u00e4. Tutustu niihin nyt!","description":"Kasinoarvostelut sivustollamme auttavat sinua l\u00f6yt\u00e4m\u00e4\u00e4n juuri sinulle sopivat ja luotettavat nettikasinot. Lue nyt heti lis\u00e4\u00e4 arvosteluperiaatteistamme!","robots":{"index":"index","follow":"follow","max-snippet":"max-snippet:-1","max-image-preview":"max-image-preview:large","max-video-preview":"max-video-preview:-1"},"canonical":"https:\/\/onlinecasino360.net\/fi\/kasinoarvostelut\/","og_locale":"fi_FI","og_type":"article","og_title":"Kasinoarvostelut helpottavat el\u00e4m\u00e4\u00e4. Tutustu niihin nyt!","og_description":"Kasinoarvostelut sivustollamme auttavat sinua l\u00f6yt\u00e4m\u00e4\u00e4n juuri sinulle sopivat ja luotettavat nettikasinot. Lue nyt heti lis\u00e4\u00e4 arvosteluperiaatteistamme!","og_url":"https:\/\/onlinecasino360.net\/fi\/kasinoarvostelut\/","og_site_name":"Online Casino 360","article_modified_time":"2022-06-16T10:54:11+00:00","twitter_card":"summary_large_image","twitter_misc":{"Arvioitu lukuaika":"4 minuuttia"},"schema":{"@context":"https:\/\/schema.org","@graph":[{"@type":"WebPage","@id":"https:\/\/onlinecasino360.net\/fi\/kasinoarvostelut\/","url":"https:\/\/onlinecasino360.net\/fi\/kasinoarvostelut\/","name":"Kasinoarvostelut helpottavat el\u00e4m\u00e4\u00e4. Tutustu niihin nyt!","isPartOf":{"@id":"https:\/\/onlinecasino360.net\/fi\/#website"},"datePublished":"2022-06-09T08:58:25+00:00","dateModified":"2022-06-16T10:54:11+00:00","description":"Kasinoarvostelut sivustollamme auttavat sinua l\u00f6yt\u00e4m\u00e4\u00e4n juuri sinulle sopivat ja luotettavat nettikasinot. Lue nyt heti lis\u00e4\u00e4 arvosteluperiaatteistamme!","breadcrumb":{"@id":"https:\/\/onlinecasino360.net\/fi\/kasinoarvostelut\/#breadcrumb"},"inLanguage":"fi","potentialAction":[{"@type":"ReadAction","target":["https:\/\/onlinecasino360.net\/fi\/kasinoarvostelut\/"]}]},{"@type":"BreadcrumbList","@id":"https:\/\/onlinecasino360.net\/fi\/kasinoarvostelut\/#breadcrumb","itemListElement":[{"@type":"ListItem","position":1,"name":"Nettikasinot","item":"https:\/\/onlinecasino360.net\/fi\/"},{"@type":"ListItem","position":2,"name":"Kasinoarvostelut"}]},{"@type":"WebSite","@id":"https:\/\/onlinecasino360.net\/fi\/#website","url":"https:\/\/onlinecasino360.net\/fi\/","name":"Online Casino 360","description":"Your online casino portal","publisher":{"@id":"https:\/\/onlinecasino360.net\/fi\/#organization"},"potentialAction":[{"@type":"SearchAction","target":{"@type":"EntryPoint","urlTemplate":"https:\/\/onlinecasino360.net\/fi\/?s={search_term_string}"},"query-input":{"@type":"PropertyValueSpecification","valueRequired":true,"valueName":"search_term_string"}}],"inLanguage":"fi"},{"@type":"Organization","@id":"https:\/\/onlinecasino360.net\/fi\/#organization","name":"Evoula AB","url":"https:\/\/onlinecasino360.net\/fi\/","logo":{"@type":"ImageObject","inLanguage":"fi","@id":"https:\/\/onlinecasino360.net\/fi\/#\/schema\/logo\/image\/","url":"https:\/\/onlinecasino360.net\/wp-content\/uploads\/2022\/06\/onlinecasino360.svg","contentUrl":"https:\/\/onlinecasino360.net\/wp-content\/uploads\/2022\/06\/onlinecasino360.svg","caption":"Evoula AB"},"image":{"@id":"https:\/\/onlinecasino360.net\/fi\/#\/schema\/logo\/image\/"}}]}},"_links":{"self":[{"href":"https:\/\/onlinecasino360.net\/fi\/wp-json\/wp\/v2\/pages\/89","targetHints":{"allow":["GET"]}}],"collection":[{"href":"https:\/\/onlinecasino360.net\/fi\/wp-json\/wp\/v2\/pages"}],"about":[{"href":"https:\/\/onlinecasino360.net\/fi\/wp-json\/wp\/v2\/types\/page"}],"author":[{"embeddable":true,"href":"https:\/\/onlinecasino360.net\/fi\/wp-json\/wp\/v2\/users\/3"}],"replies":[{"embeddable":true,"href":"https:\/\/onlinecasino360.net\/fi\/wp-json\/wp\/v2\/comments?post=89"}],"version-history":[{"count":3,"href":"https:\/\/onlinecasino360.net\/fi\/wp-json\/wp\/v2\/pages\/89\/revisions"}],"predecessor-version":[{"id":244,"href":"https:\/\/onlinecasino360.net\/fi\/wp-json\/wp\/v2\/pages\/89\/revisions\/244"}],"wp:attachment":[{"href":"https:\/\/onlinecasino360.net\/fi\/wp-json\/wp\/v2\/media?parent=89"}],"curies":[{"name":"wp","href":"https:\/\/api.w.org\/{rel}","templated":true}]}}