{"id":298,"date":"2022-06-08T12:24:47","date_gmt":"2022-06-08T12:24:47","guid":{"rendered":"https:\/\/onlinecasino360.net\/tietoa-meista\/"},"modified":"2023-05-10T10:35:29","modified_gmt":"2023-05-10T10:35:29","slug":"om-oss","status":"publish","type":"page","link":"https:\/\/onlinecasino360.net\/sv\/om-oss\/","title":{"rendered":"Om oss"},"content":{"rendered":"\n<h1 class=\"wp-block-heading\" id=\"h-om-oss\">Om oss&nbsp;<\/h1>\n\n\n\n<p>V\u00e4lkommen till Onlinecasino360.net, en j\u00e4mf\u00f6relse sajt p\u00e5 n\u00e4tet.&nbsp;<\/p>\n\n\n\n<p>Vi fungerar som en gratis guide f\u00f6r snabba casinon. H\u00e4r listar vi svenska casinon med snabba uttag och recenserar dem. Vi vill hj\u00e4lpa alla typer av spelare att hitta nya snabba, sajter att spela p\u00e5.&nbsp;<\/p>\n\n\n\n<p>Vi tycker att det \u00e4r roligare att spela om man vet att man kan f\u00e5 ut sina vinster snabbt och sm\u00e4rtfritt. Det \u00e4r d\u00e4rf\u00f6r v\u00e5r nisch \u00e4r just snabba utbetalningar. Vanligtvis brukar man klassa ett uttag som snabbt om det n\u00e5r ens bankkonto inom 15 minuter, oftast g\u00e5r det dock betydligt snabbare \u00e4n s\u00e5.&nbsp;<\/p>\n\n\n\n<h2 class=\"wp-block-heading\" id=\"h-vilka-r-vi\">Vilka \u00e4r vi?&nbsp;<\/h2>\n\n\n\n<p>Teamet bakom Onlinecasino360 har varit med i matchen l\u00e4nge. Med en gedigen erfarenhet av spelbranschen och ett genuint intresse av casino, k\u00e4nner vi oss tillr\u00e4ckligt s\u00e4kra p\u00e5 v\u00e5r kunskap f\u00f6r att vilja f\u00f6ra den vidare.&nbsp;<\/p>\n\n\n\n<p>Vi anser att vi vet vad som utm\u00e4rker ett casino fr\u00e5n m\u00e4ngden och vi vill ge dig verktygen f\u00f6r att du sj\u00e4lv ska kunna avg\u00f6ra vilka casinon som \u00e4r bra. Vi vill hj\u00e4lpa b\u00e5de nyb\u00f6rjare inom casino och mer erfarna spelare att j\u00e4mf\u00f6ra olika snabba sajter.&nbsp;<\/p>\n\n\n\n<h2 class=\"wp-block-heading\" id=\"h-v-r-ambition\">V\u00e5r ambition&nbsp;<\/h2>\n\n\n\n<p>V\u00e5r ambition \u00e4r kort och gott att vara den b\u00e4sta j\u00e4mf\u00f6relsesajten f\u00f6r svenska, snabba casinon p\u00e5 marknaden. Vi tycker att det ska vara l\u00e4tt att ta ut pengar. Casinon som har snabba uttag ligger d\u00e4rf\u00f6r oss varmt om hj\u00e4rtat.&nbsp;<\/p>\n\n\n\n<p>V\u00e5rt m\u00e5l \u00e4r att samla alla casinon med snabba utbetalningar p\u00e5 ett och samma st\u00e4lle. Genom att ha alla snabba sajter p\u00e5 en plats, vill vi kunna v\u00e4gleda spelare till att enkelt hitta ett casino som uppfyller de krav och preferenser som spelaren har. Samtidigt som man \u00e4r garanterad snabba och s\u00e4kra uttag.&nbsp;<\/p>\n\n\n\n<h2 class=\"wp-block-heading\" id=\"h-hur-recenserar-vi-ett-casino\">Hur recenserar vi ett casino?<\/h2>\n\n\n\n<p>Vi vill ge dig de b\u00e4sta f\u00f6ruts\u00e4ttningarna f\u00f6r att v\u00e4lja r\u00e4tt casino. D\u00e4rf\u00f6r \u00e4r alla v\u00e5ra recensioner ing\u00e5ende och skrivna av experter inom omr\u00e5det. Innan vi skriver en recension testar vi alltid casinot i fr\u00e5ga f\u00f6r att f\u00e5 en s\u00e5 omfattande bild som m\u00f6jligt.&nbsp;<\/p>\n\n\n\n<p>Vi utg\u00e5r ifr\u00e5n flera olika parametrar n\u00e4r vi recenserar ett casino. Vi kollar bland annat p\u00e5 design, anv\u00e4ndarv\u00e4nlighet, bonusar, spellicens, betalmetoder, spelutbud och kundtj\u00e4nst. Genom v\u00e5ra recensioner hoppas vi att underl\u00e4tta f\u00f6r v\u00e5ra bes\u00f6kare. Vi vill f\u00f6rse spelare med all relevant information som beh\u00f6vs f\u00f6r att kunna j\u00e4mf\u00f6ra olika casinon.&nbsp;<\/p>\n\n\n\n<h2 class=\"wp-block-heading\" id=\"h-endast-s-kra-och-p-litliga-casinon\">Endast s\u00e4kra och p\u00e5litliga casinon&nbsp;<\/h2>\n\n\n\n<p>F\u00f6r oss \u00e4r det viktigt att spelandet sker under s\u00e4kra och trygga former. D\u00e4rf\u00f6r rekommenderar vi endast sajter som \u00e4r trygga f\u00f6r svenska spelare att anv\u00e4nda. Alla casinon som vi recenserar och listar p\u00e5 v\u00e5r sida har en svensk spellicens utf\u00e4rdad av Spelinspektionen.&nbsp;<\/p>\n\n\n\n<p>Alla casinon med en svensk licens \u00e4r kopplade till Spelpaus. Spelpaus \u00e4r ett nationellt avst\u00e4ngningssystem som g\u00f6r det m\u00f6jligt att ta en paus fr\u00e5n allt svensk spel. Vi uppmanar och uppmuntrar alla spelare att ta en Spelpaus om man k\u00e4nner att spelandet b\u00f6rjar g\u00e5 \u00f6verstyr. Att spela ansvarsfullt \u00e4r en k\u00e4rnfr\u00e5ga hos oss. Vi tycker att spelande alltid b\u00f6r ske under kontrollerade och ansvarsfulla former.&nbsp;&nbsp;<\/p>\n\n\n\n<h2 class=\"wp-block-heading\" id=\"h-kontakta-oss\">Kontakta oss<\/h2>\n\n\n\n<p>Tanken med v\u00e5r hemsida \u00e4r att den ska vara till hj\u00e4lp och underl\u00e4tta processen f\u00f6r att hitta ett casino att spela p\u00e5. Vi vill fungera som en helt\u00e4ckande j\u00e4mf\u00f6relsesajt f\u00f6r svenska, snabba casinon. Om du tycker att n\u00e5gonting saknas p\u00e5 v\u00e5r sida, eller om du har n\u00e5gra funderingar, f\u00e5r du g\u00e4rna h\u00f6ra av dig.&nbsp;<\/p>\n","protected":false},"excerpt":{"rendered":"<p>Om oss&nbsp; V\u00e4lkommen till Onlinecasino360.net, en j\u00e4mf\u00f6relse sajt p\u00e5 n\u00e4tet.&nbsp; Vi fungerar som en gratis guide f\u00f6r snabba casinon. H\u00e4r&#8230;<\/p>\n","protected":false},"author":3,"featured_media":0,"parent":0,"menu_order":0,"comment_status":"closed","ping_status":"closed","template":"","meta":{"_acf_changed":false,"footnotes":""},"class_list":["post-298","page","type-page","status-publish","hentry"],"acf":[],"yoast_head":"<!-- This site is optimized with the Yoast SEO plugin v27.0 - https:\/\/yoast.com\/product\/yoast-seo-wordpress\/ -->\n<title>Om oss - L\u00e4s mer om oss p\u00e5 Onlinecasino360!<\/title>\n<meta name=\"description\" content=\"V\u00e4lkommen till Onlinecasino360, en gratisguide om snabba casinon. H\u00e4r listar vi svenska casinon med snabba uttag.\" \/>\n<meta name=\"robots\" content=\"index, follow, max-snippet:-1, max-image-preview:large, max-video-preview:-1\" \/>\n<link rel=\"canonical\" href=\"https:\/\/onlinecasino360.net\/sv\/om-oss\/\" \/>\n<meta property=\"og:locale\" content=\"sv_SE\" \/>\n<meta property=\"og:type\" content=\"article\" \/>\n<meta property=\"og:title\" content=\"Om oss - L\u00e4s mer om oss p\u00e5 Onlinecasino360!\" \/>\n<meta property=\"og:description\" content=\"V\u00e4lkommen till Onlinecasino360, en gratisguide om snabba casinon. H\u00e4r listar vi svenska casinon med snabba uttag.\" \/>\n<meta property=\"og:url\" content=\"https:\/\/onlinecasino360.net\/sv\/om-oss\/\" \/>\n<meta property=\"og:site_name\" content=\"Online Casino 360\" \/>\n<meta property=\"article:modified_time\" content=\"2023-05-10T10:35:29+00:00\" \/>\n<meta name=\"twitter:card\" content=\"summary_large_image\" \/>\n<meta name=\"twitter:label1\" content=\"Ber\u00e4knad l\u00e4stid\" \/>\n\t<meta name=\"twitter:data1\" content=\"3 minuter\" \/>\n<script type=\"application\/ld+json\" class=\"yoast-schema-graph\">{\"@context\":\"https:\/\/schema.org\",\"@graph\":[{\"@type\":\"WebPage\",\"@id\":\"https:\/\/onlinecasino360.net\/sv\/om-oss\/\",\"url\":\"https:\/\/onlinecasino360.net\/sv\/om-oss\/\",\"name\":\"Om oss - L\u00e4s mer om oss p\u00e5 Onlinecasino360!\",\"isPartOf\":{\"@id\":\"https:\/\/onlinecasino360.net\/sv\/#website\"},\"datePublished\":\"2022-06-08T12:24:47+00:00\",\"dateModified\":\"2023-05-10T10:35:29+00:00\",\"description\":\"V\u00e4lkommen till Onlinecasino360, en gratisguide om snabba casinon. H\u00e4r listar vi svenska casinon med snabba uttag.\",\"breadcrumb\":{\"@id\":\"https:\/\/onlinecasino360.net\/sv\/om-oss\/#breadcrumb\"},\"inLanguage\":\"sv-SE\",\"potentialAction\":[{\"@type\":\"ReadAction\",\"target\":[\"https:\/\/onlinecasino360.net\/sv\/om-oss\/\"]}]},{\"@type\":\"BreadcrumbList\",\"@id\":\"https:\/\/onlinecasino360.net\/sv\/om-oss\/#breadcrumb\",\"itemListElement\":[{\"@type\":\"ListItem\",\"position\":1,\"name\":\"Svenska Casinon\",\"item\":\"https:\/\/onlinecasino360.net\/sv\/\"},{\"@type\":\"ListItem\",\"position\":2,\"name\":\"Om oss\"}]},{\"@type\":\"WebSite\",\"@id\":\"https:\/\/onlinecasino360.net\/sv\/#website\",\"url\":\"https:\/\/onlinecasino360.net\/sv\/\",\"name\":\"Online Casino 360\",\"description\":\"Your online casino portal\",\"publisher\":{\"@id\":\"https:\/\/onlinecasino360.net\/sv\/#organization\"},\"potentialAction\":[{\"@type\":\"SearchAction\",\"target\":{\"@type\":\"EntryPoint\",\"urlTemplate\":\"https:\/\/onlinecasino360.net\/sv\/?s={search_term_string}\"},\"query-input\":{\"@type\":\"PropertyValueSpecification\",\"valueRequired\":true,\"valueName\":\"search_term_string\"}}],\"inLanguage\":\"sv-SE\"},{\"@type\":\"Organization\",\"@id\":\"https:\/\/onlinecasino360.net\/sv\/#organization\",\"name\":\"Evoula AB\",\"url\":\"https:\/\/onlinecasino360.net\/sv\/\",\"logo\":{\"@type\":\"ImageObject\",\"inLanguage\":\"sv-SE\",\"@id\":\"https:\/\/onlinecasino360.net\/sv\/#\/schema\/logo\/image\/\",\"url\":\"https:\/\/onlinecasino360.net\/wp-content\/uploads\/2022\/06\/onlinecasino360.svg\",\"contentUrl\":\"https:\/\/onlinecasino360.net\/wp-content\/uploads\/2022\/06\/onlinecasino360.svg\",\"caption\":\"Evoula AB\"},\"image\":{\"@id\":\"https:\/\/onlinecasino360.net\/sv\/#\/schema\/logo\/image\/\"}}]}<\/script>\n<!-- \/ Yoast SEO plugin. -->","yoast_head_json":{"title":"Om oss - L\u00e4s mer om oss p\u00e5 Onlinecasino360!","description":"V\u00e4lkommen till Onlinecasino360, en gratisguide om snabba casinon. H\u00e4r listar vi svenska casinon med snabba uttag.","robots":{"index":"index","follow":"follow","max-snippet":"max-snippet:-1","max-image-preview":"max-image-preview:large","max-video-preview":"max-video-preview:-1"},"canonical":"https:\/\/onlinecasino360.net\/sv\/om-oss\/","og_locale":"sv_SE","og_type":"article","og_title":"Om oss - L\u00e4s mer om oss p\u00e5 Onlinecasino360!","og_description":"V\u00e4lkommen till Onlinecasino360, en gratisguide om snabba casinon. H\u00e4r listar vi svenska casinon med snabba uttag.","og_url":"https:\/\/onlinecasino360.net\/sv\/om-oss\/","og_site_name":"Online Casino 360","article_modified_time":"2023-05-10T10:35:29+00:00","twitter_card":"summary_large_image","twitter_misc":{"Ber\u00e4knad l\u00e4stid":"3 minuter"},"schema":{"@context":"https:\/\/schema.org","@graph":[{"@type":"WebPage","@id":"https:\/\/onlinecasino360.net\/sv\/om-oss\/","url":"https:\/\/onlinecasino360.net\/sv\/om-oss\/","name":"Om oss - L\u00e4s mer om oss p\u00e5 Onlinecasino360!","isPartOf":{"@id":"https:\/\/onlinecasino360.net\/sv\/#website"},"datePublished":"2022-06-08T12:24:47+00:00","dateModified":"2023-05-10T10:35:29+00:00","description":"V\u00e4lkommen till Onlinecasino360, en gratisguide om snabba casinon. H\u00e4r listar vi svenska casinon med snabba uttag.","breadcrumb":{"@id":"https:\/\/onlinecasino360.net\/sv\/om-oss\/#breadcrumb"},"inLanguage":"sv-SE","potentialAction":[{"@type":"ReadAction","target":["https:\/\/onlinecasino360.net\/sv\/om-oss\/"]}]},{"@type":"BreadcrumbList","@id":"https:\/\/onlinecasino360.net\/sv\/om-oss\/#breadcrumb","itemListElement":[{"@type":"ListItem","position":1,"name":"Svenska Casinon","item":"https:\/\/onlinecasino360.net\/sv\/"},{"@type":"ListItem","position":2,"name":"Om oss"}]},{"@type":"WebSite","@id":"https:\/\/onlinecasino360.net\/sv\/#website","url":"https:\/\/onlinecasino360.net\/sv\/","name":"Online Casino 360","description":"Your online casino portal","publisher":{"@id":"https:\/\/onlinecasino360.net\/sv\/#organization"},"potentialAction":[{"@type":"SearchAction","target":{"@type":"EntryPoint","urlTemplate":"https:\/\/onlinecasino360.net\/sv\/?s={search_term_string}"},"query-input":{"@type":"PropertyValueSpecification","valueRequired":true,"valueName":"search_term_string"}}],"inLanguage":"sv-SE"},{"@type":"Organization","@id":"https:\/\/onlinecasino360.net\/sv\/#organization","name":"Evoula AB","url":"https:\/\/onlinecasino360.net\/sv\/","logo":{"@type":"ImageObject","inLanguage":"sv-SE","@id":"https:\/\/onlinecasino360.net\/sv\/#\/schema\/logo\/image\/","url":"https:\/\/onlinecasino360.net\/wp-content\/uploads\/2022\/06\/onlinecasino360.svg","contentUrl":"https:\/\/onlinecasino360.net\/wp-content\/uploads\/2022\/06\/onlinecasino360.svg","caption":"Evoula AB"},"image":{"@id":"https:\/\/onlinecasino360.net\/sv\/#\/schema\/logo\/image\/"}}]}},"_links":{"self":[{"href":"https:\/\/onlinecasino360.net\/sv\/wp-json\/wp\/v2\/pages\/298","targetHints":{"allow":["GET"]}}],"collection":[{"href":"https:\/\/onlinecasino360.net\/sv\/wp-json\/wp\/v2\/pages"}],"about":[{"href":"https:\/\/onlinecasino360.net\/sv\/wp-json\/wp\/v2\/types\/page"}],"author":[{"embeddable":true,"href":"https:\/\/onlinecasino360.net\/sv\/wp-json\/wp\/v2\/users\/3"}],"replies":[{"embeddable":true,"href":"https:\/\/onlinecasino360.net\/sv\/wp-json\/wp\/v2\/comments?post=298"}],"version-history":[{"count":6,"href":"https:\/\/onlinecasino360.net\/sv\/wp-json\/wp\/v2\/pages\/298\/revisions"}],"predecessor-version":[{"id":850,"href":"https:\/\/onlinecasino360.net\/sv\/wp-json\/wp\/v2\/pages\/298\/revisions\/850"}],"wp:attachment":[{"href":"https:\/\/onlinecasino360.net\/sv\/wp-json\/wp\/v2\/media?parent=298"}],"curies":[{"name":"wp","href":"https:\/\/api.w.org\/{rel}","templated":true}]}}