{"id":306,"date":"2022-06-14T09:29:31","date_gmt":"2022-06-14T09:29:31","guid":{"rendered":"https:\/\/onlinecasino360.net\/evasteet-sivustolla-2\/"},"modified":"2022-08-29T07:49:39","modified_gmt":"2022-08-29T07:49:39","slug":"privacy-policy","status":"publish","type":"page","link":"https:\/\/onlinecasino360.net\/sv\/privacy-policy\/","title":{"rendered":"Privacy policy"},"content":{"rendered":"\n<h1 class=\"wp-block-heading\">Integritetspolicy &amp; Cookies&nbsp;<\/h1>\n\n\n\n<p>Onlinecasino360.net vill vara den b\u00e4sta svenska sajten f\u00f6r casinon med snabba utbetalningar. F\u00f6r att vi ska kunna optimera v\u00e5r hemsida och erbjuda en s\u00e5 bra helhetsupplevelse som m\u00f6jligt anv\u00e4nder vi oss av cookies. Med hj\u00e4lp av cookies f\u00e5r vi uppgifter som kan hj\u00e4lpa oss att f\u00f6rb\u00e4ttra v\u00e5r sida, f\u00f6r att kunna erbjuda en s\u00e5 pass anv\u00e4ndarv\u00e4nlig hemsida som m\u00f6jligt. P\u00e5 denna sida t\u00e4cker vi v\u00e5r integritetspolicy och anv\u00e4ndning av cookies.\u00a0\u00a0<\/p>\n\n\n\n<p>Anv\u00e4ndande av begreppen \u201cdu\u201d, \u201cbes\u00f6karen\u201d och \u201canv\u00e4ndaren\u201d syftar p\u00e5 bes\u00f6kare av v\u00e5r hemsida. N\u00e4r vi talar om hemsidan casinomedsnabbauttag.com anv\u00e4nder vi termerna \u201cvi\u201d och \u201coss\u201d.&nbsp;&nbsp;<\/p>\n\n\n\n<h2 class=\"wp-block-heading\">Vad \u00e4r cookies?&nbsp;<\/h2>\n\n\n\n<p>Cookies \u00e4r en form av textfiler som sparas p\u00e5 din dator. Dessa textfiler \u00e4r kopplade till olika hemsidor p\u00e5 n\u00e4tet och samlar in information om dina preferenser och beteenden. Denna information anv\u00e4nds d\u00e4refter f\u00f6r att kunna analysera och f\u00f6rb\u00e4ttra hemsidan. <\/p>\n\n\n\n<p>Cookies \u00e4r n\u00e5gonting som anv\u00e4nds p\u00e5 n\u00e4stan alla hemsidor p\u00e5 n\u00e4tet. Det \u00e4r ett s\u00e4kert att s\u00e4tta att h\u00e4mta information utan att det p\u00e5 n\u00e5got s\u00e4tt inkr\u00e4ktar p\u00e5 integriteten hos bes\u00f6karna.&nbsp;&nbsp;<\/p>\n\n\n\n<h3 class=\"wp-block-heading\">S\u00e5 anv\u00e4nder vi cookies&nbsp;<\/h3>\n\n\n\n<p>Genom att samla in statistik genom cookies kan vi utveckla och f\u00f6rb\u00e4ttra v\u00e5r hemsida f\u00f6r att s\u00e4kerst\u00e4lla att den fungerar optimalt. Exempel p\u00e5 information som vi samlar in genom cookies \u00e4r:&nbsp;<\/p>\n\n\n\n<ul class=\"wp-block-list\"><li>Hur l\u00e4nge en bes\u00f6kare stannar p\u00e5 v\u00e5r hemsida<\/li><li>Vilka l\u00e4nkar en bes\u00f6kare klickar p\u00e5 p\u00e5 v\u00e5r hemsida&nbsp;<\/li><li>P\u00e5 vilket s\u00e4tt bes\u00f6kare n\u00e5r v\u00e5r hemsida&nbsp;<\/li><li>Hur m\u00e5nga bes\u00f6kare vi har&nbsp;<\/li><li>Vad en bes\u00f6kare p\u00e5 v\u00e5r hemsida g\u00f6r <\/li><\/ul>\n\n\n\n<h3 class=\"wp-block-heading\">Icke-personlig information&nbsp;<\/h3>\n\n\n\n<p>Vi vill po\u00e4ngtera att vi endast anv\u00e4nder cookies f\u00f6r att f\u00f6rb\u00e4ttra och utveckla v\u00e5r hemsida. V\u00e5ra cookies sparar endast allm\u00e4nna uppgifter och igen information som kan kopplas till dig som individ eller person.&nbsp;&nbsp;<\/p>\n\n\n\n<p>Denna typ av information som vi samlar p\u00e5 onlinecasino kallas f\u00f6r icke-personlig information. Denna information best\u00e5r till exempel av vilket spr\u00e5k du anv\u00e4nder, vilket plats du befinner dig p\u00e5 och vilka \u00f6vriga preferenser du har p\u00e5 v\u00e5r hemsida.\u00a0<\/p>\n\n\n\n<h3 class=\"wp-block-heading\">Justera dina cookie-inst\u00e4llningar&nbsp;<\/h3>\n\n\n\n<p>Du kan sj\u00e4lv st\u00e4lla in dina inst\u00e4llningar f\u00f6r cookies, detta g\u00f6r du i din egna webbl\u00e4sare. Du kan antingen blockera vissa eller alla cookies, eller ta bort cookies som tidigare sparas p\u00e5 din dator.&nbsp;Nedan finner du l\u00e4nkar till mer information om hur du hanterar cookies i specifika webbl\u00e4sare:&nbsp;<\/p>\n\n\n\n<p>Internet Explorer: <a href=\"https:\/\/support.microsoft.com\/sv-se\/help\/278835\/how-to-delete-cookie-files-in-internet-explorer\" rel=\"nofollow\">https:\/\/support.microsoft.com\/sv-se\/help\/278835\/<\/a><\/p>\n\n\n\n<p>Chrome: <a href=\"https:\/\/support.google.com\/chrome\/answer\/95647?hl=en&amp;p=cpn_cookies\" rel=\"nofollow\">https:\/\/support.google.com\/chrome\/answer\/95647?hl=en&amp;p=cpn_cookies<\/a><\/p>\n\n\n\n<p>Safari: <a href=\"https:\/\/support.apple.com\/sv-se\/guide\/safari\/manage-cookies-and-website-data-sfri11471\/mac\" rel=\"nofollow\">https:\/\/support.apple.com\/kb\/ph21411?locale=sv_SE<\/a><\/p>\n\n\n\n<p>Firefox: <a href=\"https:\/\/support.mozilla.org\/sv\/kb\/kakor-information-webbplatser-lagrar-pa-din-dator?redirectlocale=sv&amp;redirectslug=Kakor\" rel=\"nofollow\">https:\/\/support.mozilla.org\/sv\/kb\/kakor<\/a><\/p>\n\n\n\n<p>Opera: <a href=\"https:\/\/help.opera.com\/en\/latest\/security-and-privacy\/\" rel=\"nofollow\">http:\/\/help.opera.com\/Linux\/10.50\/sv\/cookies.html<\/a><\/p>\n\n\n\n<p>Det \u00e4r bra att k\u00e4nna till att v\u00e5r hemsida och v\u00e5ra funktioner kanske inte kommer fungera lika bra om du v\u00e4ljer att inte godk\u00e4nna anv\u00e4ndande av cookies.&nbsp; <\/p>\n","protected":false},"excerpt":{"rendered":"<p>Integritetspolicy &amp; Cookies&nbsp; Onlinecasino360.net vill vara den b\u00e4sta svenska sajten f\u00f6r casinon med snabba utbetalningar. F\u00f6r att vi ska kunna&#8230;<\/p>\n","protected":false},"author":2,"featured_media":0,"parent":0,"menu_order":0,"comment_status":"closed","ping_status":"closed","template":"","meta":{"_acf_changed":false,"footnotes":""},"class_list":["post-306","page","type-page","status-publish","hentry"],"acf":[],"yoast_head":"<!-- This site is optimized with the Yoast SEO plugin v27.0 - https:\/\/yoast.com\/product\/yoast-seo-wordpress\/ -->\n<title>Integritetspolicy och anv\u00e4ndande av Cookies<\/title>\n<meta name=\"description\" content=\"P\u00e5 denna sida t\u00e4cker vi v\u00e5r integritetspolicy och hur vi anv\u00e4nder oss av cookies f\u00f6r att utveckla och f\u00f6rb\u00e4ttra upplevelsen av v\u00e5r hemsida.\" \/>\n<meta name=\"robots\" content=\"index, follow, max-snippet:-1, max-image-preview:large, max-video-preview:-1\" \/>\n<link rel=\"canonical\" href=\"https:\/\/onlinecasino360.net\/sv\/privacy-policy\/\" \/>\n<meta property=\"og:locale\" content=\"sv_SE\" \/>\n<meta property=\"og:type\" content=\"article\" \/>\n<meta property=\"og:title\" content=\"Integritetspolicy och anv\u00e4ndande av Cookies\" \/>\n<meta property=\"og:description\" content=\"P\u00e5 denna sida t\u00e4cker vi v\u00e5r integritetspolicy och hur vi anv\u00e4nder oss av cookies f\u00f6r att utveckla och f\u00f6rb\u00e4ttra upplevelsen av v\u00e5r hemsida.\" \/>\n<meta property=\"og:url\" content=\"https:\/\/onlinecasino360.net\/sv\/privacy-policy\/\" \/>\n<meta property=\"og:site_name\" content=\"Online Casino 360\" \/>\n<meta property=\"article:modified_time\" content=\"2022-08-29T07:49:39+00:00\" \/>\n<meta name=\"twitter:card\" content=\"summary_large_image\" \/>\n<meta name=\"twitter:label1\" content=\"Ber\u00e4knad l\u00e4stid\" \/>\n\t<meta name=\"twitter:data1\" content=\"3 minuter\" \/>\n<script type=\"application\/ld+json\" class=\"yoast-schema-graph\">{\"@context\":\"https:\/\/schema.org\",\"@graph\":[{\"@type\":\"WebPage\",\"@id\":\"https:\/\/onlinecasino360.net\/sv\/privacy-policy\/\",\"url\":\"https:\/\/onlinecasino360.net\/sv\/privacy-policy\/\",\"name\":\"Integritetspolicy och anv\u00e4ndande av Cookies\",\"isPartOf\":{\"@id\":\"https:\/\/onlinecasino360.net\/sv\/#website\"},\"datePublished\":\"2022-06-14T09:29:31+00:00\",\"dateModified\":\"2022-08-29T07:49:39+00:00\",\"description\":\"P\u00e5 denna sida t\u00e4cker vi v\u00e5r integritetspolicy och hur vi anv\u00e4nder oss av cookies f\u00f6r att utveckla och f\u00f6rb\u00e4ttra upplevelsen av v\u00e5r hemsida.\",\"breadcrumb\":{\"@id\":\"https:\/\/onlinecasino360.net\/sv\/privacy-policy\/#breadcrumb\"},\"inLanguage\":\"sv-SE\",\"potentialAction\":[{\"@type\":\"ReadAction\",\"target\":[\"https:\/\/onlinecasino360.net\/sv\/privacy-policy\/\"]}]},{\"@type\":\"BreadcrumbList\",\"@id\":\"https:\/\/onlinecasino360.net\/sv\/privacy-policy\/#breadcrumb\",\"itemListElement\":[{\"@type\":\"ListItem\",\"position\":1,\"name\":\"Svenska Casinon\",\"item\":\"https:\/\/onlinecasino360.net\/sv\/\"},{\"@type\":\"ListItem\",\"position\":2,\"name\":\"Privacy policy\"}]},{\"@type\":\"WebSite\",\"@id\":\"https:\/\/onlinecasino360.net\/sv\/#website\",\"url\":\"https:\/\/onlinecasino360.net\/sv\/\",\"name\":\"Online Casino 360\",\"description\":\"Your online casino portal\",\"publisher\":{\"@id\":\"https:\/\/onlinecasino360.net\/sv\/#organization\"},\"potentialAction\":[{\"@type\":\"SearchAction\",\"target\":{\"@type\":\"EntryPoint\",\"urlTemplate\":\"https:\/\/onlinecasino360.net\/sv\/?s={search_term_string}\"},\"query-input\":{\"@type\":\"PropertyValueSpecification\",\"valueRequired\":true,\"valueName\":\"search_term_string\"}}],\"inLanguage\":\"sv-SE\"},{\"@type\":\"Organization\",\"@id\":\"https:\/\/onlinecasino360.net\/sv\/#organization\",\"name\":\"Evoula AB\",\"url\":\"https:\/\/onlinecasino360.net\/sv\/\",\"logo\":{\"@type\":\"ImageObject\",\"inLanguage\":\"sv-SE\",\"@id\":\"https:\/\/onlinecasino360.net\/sv\/#\/schema\/logo\/image\/\",\"url\":\"https:\/\/onlinecasino360.net\/wp-content\/uploads\/2022\/06\/onlinecasino360.svg\",\"contentUrl\":\"https:\/\/onlinecasino360.net\/wp-content\/uploads\/2022\/06\/onlinecasino360.svg\",\"caption\":\"Evoula AB\"},\"image\":{\"@id\":\"https:\/\/onlinecasino360.net\/sv\/#\/schema\/logo\/image\/\"}}]}<\/script>\n<!-- \/ Yoast SEO plugin. -->","yoast_head_json":{"title":"Integritetspolicy och anv\u00e4ndande av Cookies","description":"P\u00e5 denna sida t\u00e4cker vi v\u00e5r integritetspolicy och hur vi anv\u00e4nder oss av cookies f\u00f6r att utveckla och f\u00f6rb\u00e4ttra upplevelsen av v\u00e5r hemsida.","robots":{"index":"index","follow":"follow","max-snippet":"max-snippet:-1","max-image-preview":"max-image-preview:large","max-video-preview":"max-video-preview:-1"},"canonical":"https:\/\/onlinecasino360.net\/sv\/privacy-policy\/","og_locale":"sv_SE","og_type":"article","og_title":"Integritetspolicy och anv\u00e4ndande av Cookies","og_description":"P\u00e5 denna sida t\u00e4cker vi v\u00e5r integritetspolicy och hur vi anv\u00e4nder oss av cookies f\u00f6r att utveckla och f\u00f6rb\u00e4ttra upplevelsen av v\u00e5r hemsida.","og_url":"https:\/\/onlinecasino360.net\/sv\/privacy-policy\/","og_site_name":"Online Casino 360","article_modified_time":"2022-08-29T07:49:39+00:00","twitter_card":"summary_large_image","twitter_misc":{"Ber\u00e4knad l\u00e4stid":"3 minuter"},"schema":{"@context":"https:\/\/schema.org","@graph":[{"@type":"WebPage","@id":"https:\/\/onlinecasino360.net\/sv\/privacy-policy\/","url":"https:\/\/onlinecasino360.net\/sv\/privacy-policy\/","name":"Integritetspolicy och anv\u00e4ndande av Cookies","isPartOf":{"@id":"https:\/\/onlinecasino360.net\/sv\/#website"},"datePublished":"2022-06-14T09:29:31+00:00","dateModified":"2022-08-29T07:49:39+00:00","description":"P\u00e5 denna sida t\u00e4cker vi v\u00e5r integritetspolicy och hur vi anv\u00e4nder oss av cookies f\u00f6r att utveckla och f\u00f6rb\u00e4ttra upplevelsen av v\u00e5r hemsida.","breadcrumb":{"@id":"https:\/\/onlinecasino360.net\/sv\/privacy-policy\/#breadcrumb"},"inLanguage":"sv-SE","potentialAction":[{"@type":"ReadAction","target":["https:\/\/onlinecasino360.net\/sv\/privacy-policy\/"]}]},{"@type":"BreadcrumbList","@id":"https:\/\/onlinecasino360.net\/sv\/privacy-policy\/#breadcrumb","itemListElement":[{"@type":"ListItem","position":1,"name":"Svenska Casinon","item":"https:\/\/onlinecasino360.net\/sv\/"},{"@type":"ListItem","position":2,"name":"Privacy policy"}]},{"@type":"WebSite","@id":"https:\/\/onlinecasino360.net\/sv\/#website","url":"https:\/\/onlinecasino360.net\/sv\/","name":"Online Casino 360","description":"Your online casino portal","publisher":{"@id":"https:\/\/onlinecasino360.net\/sv\/#organization"},"potentialAction":[{"@type":"SearchAction","target":{"@type":"EntryPoint","urlTemplate":"https:\/\/onlinecasino360.net\/sv\/?s={search_term_string}"},"query-input":{"@type":"PropertyValueSpecification","valueRequired":true,"valueName":"search_term_string"}}],"inLanguage":"sv-SE"},{"@type":"Organization","@id":"https:\/\/onlinecasino360.net\/sv\/#organization","name":"Evoula AB","url":"https:\/\/onlinecasino360.net\/sv\/","logo":{"@type":"ImageObject","inLanguage":"sv-SE","@id":"https:\/\/onlinecasino360.net\/sv\/#\/schema\/logo\/image\/","url":"https:\/\/onlinecasino360.net\/wp-content\/uploads\/2022\/06\/onlinecasino360.svg","contentUrl":"https:\/\/onlinecasino360.net\/wp-content\/uploads\/2022\/06\/onlinecasino360.svg","caption":"Evoula AB"},"image":{"@id":"https:\/\/onlinecasino360.net\/sv\/#\/schema\/logo\/image\/"}}]}},"_links":{"self":[{"href":"https:\/\/onlinecasino360.net\/sv\/wp-json\/wp\/v2\/pages\/306","targetHints":{"allow":["GET"]}}],"collection":[{"href":"https:\/\/onlinecasino360.net\/sv\/wp-json\/wp\/v2\/pages"}],"about":[{"href":"https:\/\/onlinecasino360.net\/sv\/wp-json\/wp\/v2\/types\/page"}],"author":[{"embeddable":true,"href":"https:\/\/onlinecasino360.net\/sv\/wp-json\/wp\/v2\/users\/2"}],"replies":[{"embeddable":true,"href":"https:\/\/onlinecasino360.net\/sv\/wp-json\/wp\/v2\/comments?post=306"}],"version-history":[{"count":5,"href":"https:\/\/onlinecasino360.net\/sv\/wp-json\/wp\/v2\/pages\/306\/revisions"}],"predecessor-version":[{"id":311,"href":"https:\/\/onlinecasino360.net\/sv\/wp-json\/wp\/v2\/pages\/306\/revisions\/311"}],"wp:attachment":[{"href":"https:\/\/onlinecasino360.net\/sv\/wp-json\/wp\/v2\/media?parent=306"}],"curies":[{"name":"wp","href":"https:\/\/api.w.org\/{rel}","templated":true}]}}