{"id":381,"date":"2022-06-08T12:12:56","date_gmt":"2022-06-08T12:12:56","guid":{"rendered":"https:\/\/onlinecasino360.net\/artikkelit-2\/"},"modified":"2023-01-04T10:32:38","modified_gmt":"2023-01-04T10:32:38","slug":"reportage","status":"publish","type":"page","link":"https:\/\/onlinecasino360.net\/sv\/reportage\/","title":{"rendered":"Reportage"},"content":{"rendered":"\n<h1 class=\"wp-block-heading\">Casinoreportage<\/h1>\n\n\n\n<p>Just det! Du \u00e4lskar casinospel och slots, s\u00e5 var det ju. Men du, d\u00e5 har du ju faktiskt hamnat alldeles r\u00e4tt, bland v\u00e5ra inneh\u00e5llsrika casinoreportage!<\/p>\n\n\n\n<p>H\u00e4r, p\u00e5 Onlinecasino360.net hj\u00e4lper vi dig att hitta och j\u00e4mf\u00f6ra nya casinon. Men det vet du ju redan. Det du kanske inte visste \u00e4r att vi ocks\u00e5 hj\u00e4lper dig att f\u00f6rst\u00e5 casinolingot. Speciellt om du \u00e4r ny.<\/p>\n\n\n\n<p>\u00c4r du mer rutinerad som spelare beh\u00f6ver du inte st\u00e5 tomh\u00e4nt heller. Bland v\u00e5ra reportage hittar alla n\u00e5got intressant.<\/p>\n\n\n\n<h2 class=\"wp-block-heading\">V\u00e5ra reportage<\/h2>\n\n\n\n<p>Hur bra \u00e4r v\u00e5ra casinoreportage d\u00e5? Ja, hur l\u00e5ngt \u00e4r ett sn\u00f6re?<\/p>\n\n\n\n<p>Det beror f\u00f6rst\u00e5s p\u00e5 dig, spelaren. Om du \u00e4r j\u00e4tte-erfaren och i stort s\u00e4tt kan allt om casinon och slots s\u00e5 \u00e4r det nog mer strategitipsen du ska leta efter.<\/p>\n\n\n\n<p>\u00c4r du d\u00e4remot helt gr\u00f6n och fullkomligt ny bland n\u00e4tcasinon kan du med stor f\u00f6rdel l\u00e4sa vidare om hur till exemepel vinstchansen p\u00e5 slots fungerar och hur ett oms\u00e4ttningskrav uppfylls p\u00e5 en casinobonus. <\/p>\n\n\n<div class=\"news-wrapper\"><div class=\"news-item \">\n    <div class=\"news-item-image-wrapper\" style=\"background-image:url('https:\/\/onlinecasino360.net\/wp-content\/uploads\/2025\/04\/22fd4248-642b-4306-9bc4-d2097f386f09-scaled.jpeg');\"><\/div>\n    <div class=\"news-item-text-wrapper\">\n        <div class=\"news-title-wrapper\">\n            <div class=\"date\">2025-04-23<\/div>\n            <div class=\"title\">Den tysta revolutionen inom online casinon: Hur spelare f\u00f6r\u00e4ndrar branschen<\/div>\n        <\/div>\n        <div class=\"excerpt\">Den tysta revolutionen inom online casinon: Hur spelare f\u00f6r\u00e4ndrar branschen I takt med att det digitala landskapet forts\u00e4tter att utvecklas...<\/div>\n    <\/div>\n\n    <div class=\"news-item-cta-wrapper\">\n        <a href=\"https:\/\/onlinecasino360.net\/sv\/reportage\/den-tysta-revolutionen-inom-online-casinon-hur-spelare-forandrar-branschen\/\" class=\"button outline\">L\u00e4s mer<\/a>\n    <\/div>\n<\/div><div class=\"news-item \">\n    <div class=\"news-item-image-wrapper\" style=\"background-image:url('');\"><\/div>\n    <div class=\"news-item-text-wrapper\">\n        <div class=\"news-title-wrapper\">\n            <div class=\"date\">2024-06-18<\/div>\n            <div class=\"title\">Online Casinos Tillg\u00e4nglighet \u00e4r d\u00f6den f\u00f6r traditionellt spelande<\/div>\n        <\/div>\n        <div class=\"excerpt\">Online Casinos Tillg\u00e4nglighet \u00e4r d\u00f6den f\u00f6r traditionellt spelande Denna Johnslots.com ger en omfattande lista \u00f6ver de b\u00e4sta svenska onlinekasinon, s\u00e5...<\/div>\n    <\/div>\n\n    <div class=\"news-item-cta-wrapper\">\n        <a href=\"https:\/\/onlinecasino360.net\/sv\/reportage\/online-casinos-tillganglighet-ar-doden-for-traditionellt-spelande\/\" class=\"button outline\">L\u00e4s mer<\/a>\n    <\/div>\n<\/div><div class=\"news-item \">\n    <div class=\"news-item-image-wrapper\" style=\"background-image:url('https:\/\/onlinecasino360.net\/wp-content\/uploads\/2024\/04\/87e5d2a8-3cc7-46be-98f5-affbb16c93de.jpeg');\"><\/div>\n    <div class=\"news-item-text-wrapper\">\n        <div class=\"news-title-wrapper\">\n            <div class=\"date\">2024-04-22<\/div>\n            <div class=\"title\">Hur uppr\u00e4tth\u00e5ller svenska onlinekasinon transparens och r\u00e4ttvisa i sin spelverksamhet?<\/div>\n        <\/div>\n        <div class=\"excerpt\">Hur uppr\u00e4tth\u00e5ller svenska onlinekasinon transparens och r\u00e4ttvisa i sin spelverksamhet? Sverige \u00e4r k\u00e4nt f\u00f6r att vara mottagligt f\u00f6r nya id\u00e9er...<\/div>\n    <\/div>\n\n    <div class=\"news-item-cta-wrapper\">\n        <a href=\"https:\/\/onlinecasino360.net\/sv\/reportage\/hur-uppratthaller-svenska-onlinekasinon-transparens-och-rattvisa-i-sin-spelverksamhet\/\" class=\"button outline\">L\u00e4s mer<\/a>\n    <\/div>\n<\/div><div class=\"news-item \">\n    <div class=\"news-item-image-wrapper\" style=\"background-image:url('https:\/\/onlinecasino360.net\/wp-content\/uploads\/2024\/03\/47C50BBF-4D90-4F61-8464-7BA3EB3A92B8_1-scaled.jpg');\"><\/div>\n    <div class=\"news-item-text-wrapper\">\n        <div class=\"news-title-wrapper\">\n            <div class=\"date\">2024-03-01<\/div>\n            <div class=\"title\">Uppt\u00e4ck n\u00e5gra av de trendigaste online casinona i Sverige<\/div>\n        <\/div>\n        <div class=\"excerpt\">Uppt\u00e4ck n\u00e5gra av de trendigaste online casinona i Sverige I Sverige finns det en m\u00e4ngd popul\u00e4ra online casinon som lockar...<\/div>\n    <\/div>\n\n    <div class=\"news-item-cta-wrapper\">\n        <a href=\"https:\/\/onlinecasino360.net\/sv\/reportage\/upptack-nagra-av-de-trendigaste-online-casinona-i-sverige\/\" class=\"button outline\">L\u00e4s mer<\/a>\n    <\/div>\n<\/div><div class=\"news-item \">\n    <div class=\"news-item-image-wrapper\" style=\"background-image:url('https:\/\/onlinecasino360.net\/wp-content\/uploads\/2024\/02\/spela-las-vegas-patiens-kortspel-som-forbattrar-din-skicklighet-topcontent.com-ai-0.jpg');\"><\/div>\n    <div class=\"news-item-text-wrapper\">\n        <div class=\"news-title-wrapper\">\n            <div class=\"date\">2024-02-20<\/div>\n            <div class=\"title\">Las Vegas (Patiens)<\/div>\n        <\/div>\n        <div class=\"excerpt\">Las Vegas (Patiens) Spela Las Vegas &#8211; ett patiens kortspel som lockar spelare v\u00e4rlden \u00f6ver med dess sp\u00e4nnande och utmanande...<\/div>\n    <\/div>\n\n    <div class=\"news-item-cta-wrapper\">\n        <a href=\"https:\/\/onlinecasino360.net\/sv\/reportage\/las-vegas-patiens\/\" class=\"button outline\">L\u00e4s mer<\/a>\n    <\/div>\n<\/div><div class=\"news-item \">\n    <div class=\"news-item-image-wrapper\" style=\"background-image:url('https:\/\/onlinecasino360.net\/wp-content\/uploads\/2023\/12\/svenska-casinon.webp');\"><\/div>\n    <div class=\"news-item-text-wrapper\">\n        <div class=\"news-title-wrapper\">\n            <div class=\"date\">2023-12-13<\/div>\n            <div class=\"title\">Svenska Casinon J\u00e4mf\u00f6relse: Hitta den perfekta spelplattformen<\/div>\n        <\/div>\n        <div class=\"excerpt\">Svenska Casinon J\u00e4mf\u00f6relse: Hitta den perfekta spelplattformen Den svenska spelindustrin har haft en o\u00f6vertr\u00e4ffad framg\u00e5ng och nya kasinon pryder marknaden...<\/div>\n    <\/div>\n\n    <div class=\"news-item-cta-wrapper\">\n        <a href=\"https:\/\/onlinecasino360.net\/sv\/reportage\/svenska-casinon-jamforelse\/\" class=\"button outline\">L\u00e4s mer<\/a>\n    <\/div>\n<\/div><div class=\"news-item \">\n    <div class=\"news-item-image-wrapper\" style=\"background-image:url('https:\/\/onlinecasino360.net\/wp-content\/uploads\/2022\/06\/cropped-Onlinecasino360-favicon.png');\"><\/div>\n    <div class=\"news-item-text-wrapper\">\n        <div class=\"news-title-wrapper\">\n            <div class=\"date\">2023-10-24<\/div>\n            <div class=\"title\">Zimpler avbryter samarbete med casinon utan svensk spellicens<\/div>\n        <\/div>\n        <div class=\"excerpt\">Zimpler avbryter samarbete med casinon utan svensk spellicens Under 2023 fick det svenska fintechbolaget Zimpler en varning om stora b\u00f6ter....<\/div>\n    <\/div>\n\n    <div class=\"news-item-cta-wrapper\">\n        <a href=\"https:\/\/onlinecasino360.net\/sv\/reportage\/zimpler-avbryter-samarbete-med-casinon-utan-svensk-spellicens\/\" class=\"button outline\">L\u00e4s mer<\/a>\n    <\/div>\n<\/div><div class=\"news-item \">\n    <div class=\"news-item-image-wrapper\" style=\"background-image:url('https:\/\/onlinecasino360.net\/wp-content\/uploads\/2023\/05\/Backgammon-regler.png');\"><\/div>\n    <div class=\"news-item-text-wrapper\">\n        <div class=\"news-title-wrapper\">\n            <div class=\"date\">2023-05-16<\/div>\n            <div class=\"title\">Backgammon regler<\/div>\n        <\/div>\n        <div class=\"excerpt\">Backgammon regler \u00c4r du intresserad av att b\u00f6rja spela Backgammon? D\u00e5 har du hamnat p\u00e5 precis r\u00e4tt plats p\u00e5 internet!...<\/div>\n    <\/div>\n\n    <div class=\"news-item-cta-wrapper\">\n        <a href=\"https:\/\/onlinecasino360.net\/sv\/reportage\/backgammon-regler\/\" class=\"button outline\">L\u00e4s mer<\/a>\n    <\/div>\n<\/div><div class=\"news-item \">\n    <div class=\"news-item-image-wrapper\" style=\"background-image:url('https:\/\/onlinecasino360.net\/wp-content\/uploads\/2023\/04\/casino-kortspel-regler.png');\"><\/div>\n    <div class=\"news-item-text-wrapper\">\n        <div class=\"news-title-wrapper\">\n            <div class=\"date\">2023-04-05<\/div>\n            <div class=\"title\">Casino kortspel\u00a0<\/div>\n        <\/div>\n        <div class=\"excerpt\">Casino kortspel&nbsp; Att spela kort \u00e4r n\u00e5got som under m\u00e5nga \u00e5r varit en popul\u00e4r aktivitet i de svenska hush\u00e5llen. Det...<\/div>\n    <\/div>\n\n    <div class=\"news-item-cta-wrapper\">\n        <a href=\"https:\/\/onlinecasino360.net\/sv\/reportage\/casino-kortspel\/\" class=\"button outline\">L\u00e4s mer<\/a>\n    <\/div>\n<\/div><div class=\"news-item \">\n    <div class=\"news-item-image-wrapper\" style=\"background-image:url('https:\/\/onlinecasino360.net\/wp-content\/uploads\/2022\/08\/Online-casinon.png');\"><\/div>\n    <div class=\"news-item-text-wrapper\">\n        <div class=\"news-title-wrapper\">\n            <div class=\"date\">2023-03-02<\/div>\n            <div class=\"title\">Skattefria casinon<\/div>\n        <\/div>\n        <div class=\"excerpt\">Skattefria casinon N\u00e4r man spelar casino p\u00e5 n\u00e4tet \u00e4r det vanligt att man som spelare vill undvika vinstskatt. Det s\u00e4ger...<\/div>\n    <\/div>\n\n    <div class=\"news-item-cta-wrapper\">\n        <a href=\"https:\/\/onlinecasino360.net\/sv\/reportage\/skattefria-casinon\/\" class=\"button outline\">L\u00e4s mer<\/a>\n    <\/div>\n<\/div><div class=\"news-item \">\n    <div class=\"news-item-image-wrapper\" style=\"background-image:url('https:\/\/onlinecasino360.net\/wp-content\/uploads\/2022\/08\/volatilitet-pa-slots-1.png');\"><\/div>\n    <div class=\"news-item-text-wrapper\">\n        <div class=\"news-title-wrapper\">\n            <div class=\"date\">2022-08-26<\/div>\n            <div class=\"title\">Allt om volatilitet p\u00e5 slots<\/div>\n        <\/div>\n        <div class=\"excerpt\">Allt om volatilitet p\u00e5 slots Om du n\u00e5gonsin har spelat casino p\u00e5 n\u00e4tet har du s\u00e4kert funderat p\u00e5 hur ofta...<\/div>\n    <\/div>\n\n    <div class=\"news-item-cta-wrapper\">\n        <a href=\"https:\/\/onlinecasino360.net\/sv\/reportage\/volatilitet-pa-slots\/\" class=\"button outline\">L\u00e4s mer<\/a>\n    <\/div>\n<\/div><div class=\"news-item \">\n    <div class=\"news-item-image-wrapper\" style=\"background-image:url('https:\/\/onlinecasino360.net\/wp-content\/uploads\/2022\/08\/return-to-player-1.png');\"><\/div>\n    <div class=\"news-item-text-wrapper\">\n        <div class=\"news-title-wrapper\">\n            <div class=\"date\">2022-08-26<\/div>\n            <div class=\"title\">Vad \u00e4r RTP och hur fungerar det?<\/div>\n        <\/div>\n        <div class=\"excerpt\">Vad \u00e4r RTP och hur fungerar det? Om du n\u00e5gon g\u00e5ng har spelat casino p\u00e5 n\u00e4tet har du s\u00e4kerligen kommit...<\/div>\n    <\/div>\n\n    <div class=\"news-item-cta-wrapper\">\n        <a href=\"https:\/\/onlinecasino360.net\/sv\/reportage\/vad-ar-rtp\/\" class=\"button outline\">L\u00e4s mer<\/a>\n    <\/div>\n<\/div><div class=\"news-item \">\n    <div class=\"news-item-image-wrapper\" style=\"background-image:url('https:\/\/onlinecasino360.net\/wp-content\/uploads\/2022\/08\/omsattningskrav.png');\"><\/div>\n    <div class=\"news-item-text-wrapper\">\n        <div class=\"news-title-wrapper\">\n            <div class=\"date\">2022-08-26<\/div>\n            <div class=\"title\">S\u00e5 fungerar oms\u00e4ttningskrav p\u00e5 online casinon<\/div>\n        <\/div>\n        <div class=\"excerpt\">S\u00e5 fungerar oms\u00e4ttningskrav p\u00e5 online casinon Det \u00e4r n\u00e4stintill om\u00f6jligt att spela casino p\u00e5 n\u00e4tet utan att st\u00f6ta p\u00e5 de...<\/div>\n    <\/div>\n\n    <div class=\"news-item-cta-wrapper\">\n        <a href=\"https:\/\/onlinecasino360.net\/sv\/reportage\/sa-fungerar-omsattningskrav\/\" class=\"button outline\">L\u00e4s mer<\/a>\n    <\/div>\n<\/div><\/div>\n","protected":false},"excerpt":{"rendered":"<p>Casinoreportage Just det! Du \u00e4lskar casinospel och slots, s\u00e5 var det ju. Men du, d\u00e5 har du ju faktiskt hamnat&#8230;<\/p>\n","protected":false},"author":3,"featured_media":0,"parent":0,"menu_order":0,"comment_status":"closed","ping_status":"closed","template":"","meta":{"_acf_changed":false,"footnotes":""},"class_list":["post-381","page","type-page","status-publish","hentry"],"acf":[],"yoast_head":"<!-- This site is optimized with the Yoast SEO plugin v27.0 - https:\/\/yoast.com\/product\/yoast-seo-wordpress\/ -->\n<title>Casinoreportage\u00a02023 - Artiklar, guider och nyheter \u2013 OC360<\/title>\n<meta name=\"description\" content=\"L\u00e4r dig allt som r\u00f6r casino branschen och spelande online h\u00e4r. Alla v\u00e5ra artiklar, guider och nyheter samlade p\u00e5 ett st\u00e4lle!\" \/>\n<meta name=\"robots\" content=\"index, follow, max-snippet:-1, max-image-preview:large, max-video-preview:-1\" \/>\n<link rel=\"canonical\" href=\"https:\/\/onlinecasino360.net\/sv\/reportage\/\" \/>\n<meta property=\"og:locale\" content=\"sv_SE\" \/>\n<meta property=\"og:type\" content=\"article\" \/>\n<meta property=\"og:title\" content=\"Casinoreportage\u00a02023 - Artiklar, guider och nyheter \u2013 OC360\" \/>\n<meta property=\"og:description\" content=\"L\u00e4r dig allt som r\u00f6r casino branschen och spelande online h\u00e4r. Alla v\u00e5ra artiklar, guider och nyheter samlade p\u00e5 ett st\u00e4lle!\" \/>\n<meta property=\"og:url\" content=\"https:\/\/onlinecasino360.net\/sv\/reportage\/\" \/>\n<meta property=\"og:site_name\" content=\"Online Casino 360\" \/>\n<meta property=\"article:modified_time\" content=\"2023-01-04T10:32:38+00:00\" \/>\n<meta name=\"twitter:card\" content=\"summary_large_image\" \/>\n<meta name=\"twitter:label1\" content=\"Ber\u00e4knad l\u00e4stid\" \/>\n\t<meta name=\"twitter:data1\" content=\"1 minut\" \/>\n<script type=\"application\/ld+json\" class=\"yoast-schema-graph\">{\"@context\":\"https:\/\/schema.org\",\"@graph\":[{\"@type\":\"WebPage\",\"@id\":\"https:\/\/onlinecasino360.net\/sv\/reportage\/\",\"url\":\"https:\/\/onlinecasino360.net\/sv\/reportage\/\",\"name\":\"Casinoreportage\u00a02023 - Artiklar, guider och nyheter \u2013 OC360\",\"isPartOf\":{\"@id\":\"https:\/\/onlinecasino360.net\/sv\/#website\"},\"datePublished\":\"2022-06-08T12:12:56+00:00\",\"dateModified\":\"2023-01-04T10:32:38+00:00\",\"description\":\"L\u00e4r dig allt som r\u00f6r casino branschen och spelande online h\u00e4r. Alla v\u00e5ra artiklar, guider och nyheter samlade p\u00e5 ett st\u00e4lle!\",\"breadcrumb\":{\"@id\":\"https:\/\/onlinecasino360.net\/sv\/reportage\/#breadcrumb\"},\"inLanguage\":\"sv-SE\",\"potentialAction\":[{\"@type\":\"ReadAction\",\"target\":[\"https:\/\/onlinecasino360.net\/sv\/reportage\/\"]}]},{\"@type\":\"BreadcrumbList\",\"@id\":\"https:\/\/onlinecasino360.net\/sv\/reportage\/#breadcrumb\",\"itemListElement\":[{\"@type\":\"ListItem\",\"position\":1,\"name\":\"Svenska Casinon\",\"item\":\"https:\/\/onlinecasino360.net\/sv\/\"},{\"@type\":\"ListItem\",\"position\":2,\"name\":\"Reportage\"}]},{\"@type\":\"WebSite\",\"@id\":\"https:\/\/onlinecasino360.net\/sv\/#website\",\"url\":\"https:\/\/onlinecasino360.net\/sv\/\",\"name\":\"Online Casino 360\",\"description\":\"Your online casino portal\",\"publisher\":{\"@id\":\"https:\/\/onlinecasino360.net\/sv\/#organization\"},\"potentialAction\":[{\"@type\":\"SearchAction\",\"target\":{\"@type\":\"EntryPoint\",\"urlTemplate\":\"https:\/\/onlinecasino360.net\/sv\/?s={search_term_string}\"},\"query-input\":{\"@type\":\"PropertyValueSpecification\",\"valueRequired\":true,\"valueName\":\"search_term_string\"}}],\"inLanguage\":\"sv-SE\"},{\"@type\":\"Organization\",\"@id\":\"https:\/\/onlinecasino360.net\/sv\/#organization\",\"name\":\"Evoula AB\",\"url\":\"https:\/\/onlinecasino360.net\/sv\/\",\"logo\":{\"@type\":\"ImageObject\",\"inLanguage\":\"sv-SE\",\"@id\":\"https:\/\/onlinecasino360.net\/sv\/#\/schema\/logo\/image\/\",\"url\":\"https:\/\/onlinecasino360.net\/wp-content\/uploads\/2022\/06\/onlinecasino360.svg\",\"contentUrl\":\"https:\/\/onlinecasino360.net\/wp-content\/uploads\/2022\/06\/onlinecasino360.svg\",\"caption\":\"Evoula AB\"},\"image\":{\"@id\":\"https:\/\/onlinecasino360.net\/sv\/#\/schema\/logo\/image\/\"}}]}<\/script>\n<!-- \/ Yoast SEO plugin. -->","yoast_head_json":{"title":"Casinoreportage\u00a02023 - Artiklar, guider och nyheter \u2013 OC360","description":"L\u00e4r dig allt som r\u00f6r casino branschen och spelande online h\u00e4r. Alla v\u00e5ra artiklar, guider och nyheter samlade p\u00e5 ett st\u00e4lle!","robots":{"index":"index","follow":"follow","max-snippet":"max-snippet:-1","max-image-preview":"max-image-preview:large","max-video-preview":"max-video-preview:-1"},"canonical":"https:\/\/onlinecasino360.net\/sv\/reportage\/","og_locale":"sv_SE","og_type":"article","og_title":"Casinoreportage\u00a02023 - Artiklar, guider och nyheter \u2013 OC360","og_description":"L\u00e4r dig allt som r\u00f6r casino branschen och spelande online h\u00e4r. Alla v\u00e5ra artiklar, guider och nyheter samlade p\u00e5 ett st\u00e4lle!","og_url":"https:\/\/onlinecasino360.net\/sv\/reportage\/","og_site_name":"Online Casino 360","article_modified_time":"2023-01-04T10:32:38+00:00","twitter_card":"summary_large_image","twitter_misc":{"Ber\u00e4knad l\u00e4stid":"1 minut"},"schema":{"@context":"https:\/\/schema.org","@graph":[{"@type":"WebPage","@id":"https:\/\/onlinecasino360.net\/sv\/reportage\/","url":"https:\/\/onlinecasino360.net\/sv\/reportage\/","name":"Casinoreportage\u00a02023 - Artiklar, guider och nyheter \u2013 OC360","isPartOf":{"@id":"https:\/\/onlinecasino360.net\/sv\/#website"},"datePublished":"2022-06-08T12:12:56+00:00","dateModified":"2023-01-04T10:32:38+00:00","description":"L\u00e4r dig allt som r\u00f6r casino branschen och spelande online h\u00e4r. Alla v\u00e5ra artiklar, guider och nyheter samlade p\u00e5 ett st\u00e4lle!","breadcrumb":{"@id":"https:\/\/onlinecasino360.net\/sv\/reportage\/#breadcrumb"},"inLanguage":"sv-SE","potentialAction":[{"@type":"ReadAction","target":["https:\/\/onlinecasino360.net\/sv\/reportage\/"]}]},{"@type":"BreadcrumbList","@id":"https:\/\/onlinecasino360.net\/sv\/reportage\/#breadcrumb","itemListElement":[{"@type":"ListItem","position":1,"name":"Svenska Casinon","item":"https:\/\/onlinecasino360.net\/sv\/"},{"@type":"ListItem","position":2,"name":"Reportage"}]},{"@type":"WebSite","@id":"https:\/\/onlinecasino360.net\/sv\/#website","url":"https:\/\/onlinecasino360.net\/sv\/","name":"Online Casino 360","description":"Your online casino portal","publisher":{"@id":"https:\/\/onlinecasino360.net\/sv\/#organization"},"potentialAction":[{"@type":"SearchAction","target":{"@type":"EntryPoint","urlTemplate":"https:\/\/onlinecasino360.net\/sv\/?s={search_term_string}"},"query-input":{"@type":"PropertyValueSpecification","valueRequired":true,"valueName":"search_term_string"}}],"inLanguage":"sv-SE"},{"@type":"Organization","@id":"https:\/\/onlinecasino360.net\/sv\/#organization","name":"Evoula AB","url":"https:\/\/onlinecasino360.net\/sv\/","logo":{"@type":"ImageObject","inLanguage":"sv-SE","@id":"https:\/\/onlinecasino360.net\/sv\/#\/schema\/logo\/image\/","url":"https:\/\/onlinecasino360.net\/wp-content\/uploads\/2022\/06\/onlinecasino360.svg","contentUrl":"https:\/\/onlinecasino360.net\/wp-content\/uploads\/2022\/06\/onlinecasino360.svg","caption":"Evoula AB"},"image":{"@id":"https:\/\/onlinecasino360.net\/sv\/#\/schema\/logo\/image\/"}}]}},"_links":{"self":[{"href":"https:\/\/onlinecasino360.net\/sv\/wp-json\/wp\/v2\/pages\/381","targetHints":{"allow":["GET"]}}],"collection":[{"href":"https:\/\/onlinecasino360.net\/sv\/wp-json\/wp\/v2\/pages"}],"about":[{"href":"https:\/\/onlinecasino360.net\/sv\/wp-json\/wp\/v2\/types\/page"}],"author":[{"embeddable":true,"href":"https:\/\/onlinecasino360.net\/sv\/wp-json\/wp\/v2\/users\/3"}],"replies":[{"embeddable":true,"href":"https:\/\/onlinecasino360.net\/sv\/wp-json\/wp\/v2\/comments?post=381"}],"version-history":[{"count":3,"href":"https:\/\/onlinecasino360.net\/sv\/wp-json\/wp\/v2\/pages\/381\/revisions"}],"predecessor-version":[{"id":386,"href":"https:\/\/onlinecasino360.net\/sv\/wp-json\/wp\/v2\/pages\/381\/revisions\/386"}],"wp:attachment":[{"href":"https:\/\/onlinecasino360.net\/sv\/wp-json\/wp\/v2\/media?parent=381"}],"curies":[{"name":"wp","href":"https:\/\/api.w.org\/{rel}","templated":true}]}}