{"id":387,"date":"2022-06-08T11:46:21","date_gmt":"2022-06-08T11:46:21","guid":{"rendered":"https:\/\/onlinecasino360.net\/maksutavat-2\/"},"modified":"2023-11-17T07:33:17","modified_gmt":"2023-11-17T07:33:17","slug":"betalningsmetoder","status":"publish","type":"page","link":"https:\/\/onlinecasino360.net\/sv\/betalningsmetoder\/","title":{"rendered":"Maksutavat"},"content":{"rendered":"\n<h1 class=\"wp-block-heading\">Maksutavat ja mobiilimaksu casino<\/h1>\n\n<p>Mobiliimaksu casino on sellainen, joka hyv\u00e4ksyy maksamisen k\u00e4tev\u00e4sti suoraan k\u00e4nnyk\u00f6iden ja tablettien avulla. T\u00e4ll\u00e4 alasivulla k\u00e4sittelemmekin kaikenlaista nettikasinoihin liittyv\u00e4\u00e4 maksamista. Mobiilitalletukset ovat nyky\u00e4\u00e4n suosittuja, joten niihin kiinnit\u00e4mme luonnollisesti kaikista eniten huomiota.<\/p>\n\n<p>Artikkelimme vastaa kaikkein yleisimpiin maksamiseen liittyviin kysymyksiin. K\u00e4ymme l\u00e4pi muun muassa sit\u00e4, miten nopeasti rahan talletus onnistuu ja mit\u00e4 kaikkia konsteja suomalaisilla pelaajilla on valittavissaan. Samaten maksujen turvallisuus ja helppous ovat fokuksessa, joten ei muuta kuin itse\u00e4 sivist\u00e4m\u00e4\u00e4n ja tietoa imem\u00e4\u00e4n!<\/p>\n\n<h2 class=\"wp-block-heading\">Miten mobiilimaksu casino ja mobiilitalletukset toimivat?<\/h2>\n\n<p>Kun k\u00e4yt\u00e4mme termi\u00e4 mobiilimaksu casino, ovat viittauskohteenamme k\u00e4yt\u00e4nn\u00f6ss\u00e4 kaikki sellaiset <a href=\"https:\/\/onlinecasino360.net\/sv\/\">nettikasinot<\/a>, joilla pystyy maksamaan nettipankkitunnuksia k\u00e4ytt\u00e4en. Ehk\u00e4p\u00e4 jo tied\u00e4tkin, nettipankilla maksettaessa kasinolle tunnistautuminen hoidetaan aina mobiililaitteen ja yleens\u00e4 juurikin k\u00e4nnyk\u00e4n avulla. <\/p>\n\n<p>Mobiilimaksukasinot siis antavat asiakkaille mahdollisuuden valita k\u00e4ytt\u00f6\u00f6ns\u00e4 muitakin maksutapoja kuin vain ulkomailla suosittuja maksukortteja ja nettilompakoita. My\u00f6s osa suomalaisista pelaajista saattaa toki haluta hoitaa pelitilins\u00e4 rahoittamisen Visan ja Mastercardin kaltaisilla korteilla, mutta yleens\u00e4 nettipankki on kaikkein k\u00e4tevin valinta. Seuraavan alaotsikon alla k\u00e4sittelemme n\u00e4it\u00e4 parhaita ja k\u00e4tevimpi\u00e4 nettikasinoiden maksutapoja viel\u00e4 enemm\u00e4n.<\/p>\n\n<p>Teknisesti tarkasteltuna mobiilimaksu kasinot toimivat niin, ett\u00e4 ensin asiakas valitsee haluamansa talletussumman. Sen j\u00e4lkeen kyseinen talletussumma vahvistetaan nettipankin kautta k\u00e4nnyk\u00f6ihin ja tabletteihin saatavilla olevan tunnuslukusovelluksen kautta. Muistamme viel\u00e4 ajan, kun pankit l\u00e4hettiv\u00e4t asiakkailleen kirjekuoressa nipun kertak\u00e4ytt\u00f6isi\u00e4 koodeja, mutta nykyaikana homma hoituu huomattavasti helpommin t\u00e4ysin digitaalisesti tunnuslukusovelluksen ja asiakkaan p\u00e4\u00e4h\u00e4n painaman koodin kautta.<\/p>\n\n<p>Kun mobiilimaksu on tehty, on pelaaja jo valmis aloittamaan pelaamisen. Jos tuuria on matkassa, voi peli-istunto viel\u00e4p\u00e4 p\u00e4\u00e4tty\u00e4 voittoon, joka voidaan nostaa takaisin tilille.<\/p>\n\n<h2 class=\"wp-block-heading\">Parhaat maksutavat nettikasinoilla<\/h2>\n\n<p>Jokaikinen nettikasino mahdollistaa tallettamisen usealla eri tavalla. N\u00e4in varmistetaan se, ett\u00e4 kasinolla ei turhaan j\u00e4\u00e4 rahaa saamatta. Olisihan kasinoyritt\u00e4j\u00e4lle kurjaa, jos \u00e4veri\u00e4s uhkapelien yst\u00e4v\u00e4 kiikuttaisi muhkean kukkaronsa muualle vain siksi, ett\u00e4 vaikkapa mobiilimaksu ei olisi kasinolla mahdollista.<\/p>\n\n<p>Alla pieni listaus nettikasinoiden eri maksutavoista. K\u00e4sittelemme jokaista maksutapaa lyhyesti erikseen listauksen j\u00e4lkeen. Jos haluat lukea eri maksumenetelmist\u00e4 astetta syv\u00e4llisemp\u00e4\u00e4 tietoa, kannattaa lukea huolella sivustoltamme my\u00f6s niist\u00e4 julkaisemamme erikoisartikkelit.<\/p>\n\n<ul class=\"wp-block-list\"><li>Luotto- ja maksukortit<\/li><li>Nopeat mobiilitalletukset (Trustly, Zimpler, Brite, Euteller)<\/li><li>Siru Mobile<\/li><li>Nettilompakot Neteller, Skrill ja Paypal<\/li><li>Paysafecard<\/li><\/ul>\n\n<h3 class=\"wp-block-heading\">Luotto- ja maksukortit<\/h3>\n\n<p>Visa, Mastercard, Electron ja Maestro ovat kaikki maailmanlaajuisesti tunnettuja maksukortteja. Aika lailla 99 % kaikista nettikasinoista hyv\u00e4ksyy n\u00e4m\u00e4 maksutavat niiden yleisyyden vuoksi. Miinuspuolena korttitalletukset \u2013 ja ennen kaikkea korttinostot \u2013 ovat kuitenkin todella hitaita ja raskaita. Juurikin hitauden takia emme voi suositella korttimaksamista nettikasinoilla.<\/p>\n\n<h3 class=\"wp-block-heading\">Mobiilitalletukset mobiilipankilla<\/h3>\n\n<p>T\u00e4m\u00e4n hetken kaikkein suosituin mobiilimaksu casino maksumenetelm\u00e4 on Trustly. Kyseess\u00e4 on ruotsalainen maksupalvelu, joka on aivan viime aikoina saanut rinnalleen my\u00f6s useita kilpailijoita. Euteller, Zimpler ja Brite tekev\u00e4t kaikki pitk\u00e4lti saman kuin Trustlykin, eik\u00e4 mink\u00e4\u00e4n n\u00e4ist\u00e4 palveluiden k\u00e4ytt\u00e4minen juuri eroa toisistaan. Mobiilimaksu onnistuu jokaisella nelj\u00e4ll\u00e4 kilpailijalla salamannopeasti, ja jopa kotiutukset siirtyv\u00e4t tilille monesti vain muutamassa minuutissa.<\/p>\n\n<h3 class=\"wp-block-heading\">Siru Mobile ja talletus laskussa<\/h3>\n\n<p>Suomalaisen Siru Mobilen avulla onnistuu talletus laskulla. Sinulla ei siis tarvitse olla tilill\u00e4si rahaa, jotta voit tehd\u00e4 talletuksen t\u00e4m\u00e4n maksupalvelun avulla. Kannattaa toisin sanottuna olla todella varovainen, ettet tule pelanneeksi yli varojesi.<\/p>\n\n<h3 class=\"wp-block-heading\">Nettilompakot nopea vaihtoehto<\/h3>\n\n<p>PayPal lienee tuttu l\u00e4hes kaikille netti\u00e4 k\u00e4ytt\u00e4ville suomalaisille. Ebayhin vahvasti liitoksissa olevan PayPalin kehitti alun perin Elon Musk, joka oli ainakin viel\u00e4 kirjoitushetkell\u00e4 edelleen maailman rikkain mies. Valitettavasti PayPal ei kuitenkaan ole syyst\u00e4 tai toisesta k\u00e4ytett\u00e4viss\u00e4 suomalaisille kasinopelaajille, vaikka joidenkin kasinoiden alatunnisteessa voikin olla palvelusta maininta.<\/p>\n\n<p>Skrill ja Neteller puolestaan toimivat suomalaisillekin. Niihin t\u00e4ytyy rekister\u00f6ity\u00e4 erikseen ja sen j\u00e4lkeen tallettaa rahaa. Talletetun rahan voi sitten siirt\u00e4\u00e4 kasinolle pelaamista varten.<\/p>\n\n<h2 class=\"wp-block-heading\">N\u00e4in teet turvallisen rahansiirron kasinolla:<\/h2>\n\n<p>Mobiilimaksu on helppo tehd\u00e4 kasinolle t\u00e4ysin turvallisesti. N\u00e4in se toimii:<\/p>\n\n<ul class=\"wp-block-list\"><li>Valitse itse\u00e4si kiinnostava mobiilimaksu kasino.<\/li><li>Jos valitsemasi kasino on pikakasino, voit hoitaa rekister\u00f6itymisen talletuksen yhteydess\u00e4. Jos puolestaan kyseess\u00e4 on perinteinen kasino, tulee sinun ensin rekister\u00f6ity\u00e4 ja vasta sitten siirty\u00e4 valitsemaan haluamasi rahan talletus keino.<\/li><li>Valitse kasinon talletussivuilta haluamasi talletustapa \u2013 t\u00e4ss\u00e4 tapauksessa Trustly, Brite, Euteller tai Zimpler.<\/li><li>Siirryt talletussumman (ja mahdollisen bonuksen) valittuasi pankkivalikkoon. Valitse t\u00e4st\u00e4 oma pankkisi ja kirjaudu sinne sis\u00e4\u00e4n ruudun ohjeiden mukaan.<\/li><li>Kun talletuksesi on vahvistettu, olet valmis aloittamaan pelaamisen t\u00e4ysin turvallisesti!<\/li><\/ul>\n\n<h2 class=\"wp-block-heading\">Parhaat mobiilimaksu kasinot<\/h2>\n<div class=\"news-wrapper\"><div class=\"news-item \">\n    <div class=\"news-item-image-wrapper\" style=\"background-image:url('https:\/\/onlinecasino360.net\/wp-content\/uploads\/2022\/08\/swish-logo.png');\"><\/div>\n    <div class=\"news-item-text-wrapper\">\n        <div class=\"news-title-wrapper\">\n            <div class=\"date\">2022-08-26<\/div>\n            <div class=\"title\">Swish casino<\/div>\n        <\/div>\n        <div class=\"excerpt\">Swish casino Ett casino med Swish \u00e4r otroligt eftertraktat hos svenska spelare. De senaste \u00e5ren har blixtsnabba ins\u00e4ttningar och casinon...<\/div>\n    <\/div>\n\n    <div class=\"news-item-cta-wrapper\">\n        <a href=\"https:\/\/onlinecasino360.net\/sv\/betalningsmetoder\/swish-casino\/\" class=\"button outline\">L\u00e4s mer<\/a>\n    <\/div>\n<\/div><div class=\"news-item \">\n    <div class=\"news-item-image-wrapper\" style=\"background-image:url('https:\/\/onlinecasino360.net\/wp-content\/uploads\/2022\/06\/trustly-kasinot-logo.png');\"><\/div>\n    <div class=\"news-item-text-wrapper\">\n        <div class=\"news-title-wrapper\">\n            <div class=\"date\">2022-06-08<\/div>\n            <div class=\"title\">Trustly casino<\/div>\n        <\/div>\n        <div class=\"excerpt\">Trustly casino&nbsp; I regel vill svenska casinospelare att allt ska g\u00e5 snabbt och smidigt. Inget kr\u00e5ngel eller l\u00e5nga v\u00e4ntetider ska...<\/div>\n    <\/div>\n\n    <div class=\"news-item-cta-wrapper\">\n        <a href=\"https:\/\/onlinecasino360.net\/sv\/betalningsmetoder\/trustly-casino\/\" class=\"button outline\">L\u00e4s mer<\/a>\n    <\/div>\n<\/div><div class=\"news-item \">\n    <div class=\"news-item-image-wrapper\" style=\"background-image:url('https:\/\/onlinecasino360.net\/wp-content\/uploads\/2022\/06\/zimpler-kasinot-logo.png');\"><\/div>\n    <div class=\"news-item-text-wrapper\">\n        <div class=\"news-title-wrapper\">\n            <div class=\"date\">2022-06-08<\/div>\n            <div class=\"title\">Zimpler casino<\/div>\n        <\/div>\n        <div class=\"excerpt\">Zimpler casino&nbsp; Zimpler \u00e4r en betalningsmetod som blivit allt mer popul\u00e4rt bland svenska casinospelare och m\u00e5nga f\u00f6redrar att spela p\u00e5...<\/div>\n    <\/div>\n\n    <div class=\"news-item-cta-wrapper\">\n        <a href=\"https:\/\/onlinecasino360.net\/sv\/betalningsmetoder\/zimpler-casino\/\" class=\"button outline\">L\u00e4s mer<\/a>\n    <\/div>\n<\/div><\/div>\n\n<h2 class=\"wp-block-heading\">Miten casino talletus laskulla toimii?<\/h2>\n\n<p>Jos casino talletus laskulla kiinnostuu, tulee sinun etsi\u00e4 itsellesi k\u00e4ytt\u00f6\u00f6n Siru Mobilea tukeva nettikasino. Aiemmin my\u00f6s Zimplerill\u00e4 pystyi tallettamaan laskulla, mutta nykyisin t\u00e4m\u00e4 ei ole mahdollista, vaan ainoastaan mobiilimaksukasinot tukevat Zimpleri\u00e4 Trustlyn kaltaisena maksuv\u00e4yl\u00e4n\u00e4.<\/p>\n\n<p>Siru Mobilella pienien mahdollinen rahan talletus on 5 euroa. Maksimissaan voit kuitenkin tallettaa jopa 300 euroa 30 vuorokauden aikana. N\u00e4in se k\u00e4y:<\/p>\n\n<ul class=\"wp-block-list\"><li>Valitse Siru Mobile talletustasi tehdess\u00e4.<\/li><li>Valitse summa v\u00e4lilt\u00e4 5\u2013300 euroa.<\/li><li>Kasino antaa sinulle Siru Mobile -puhelinnumeron. T\u00e4h\u00e4n numeroon soittamalla saat viimeistelty\u00e4 vireill\u00e4 olevan rahatalletuksesi, jonka j\u00e4lkeen raha siirtyy tilillesi.<\/li><li>Casino talletus laskulla maksetaan kirjaimellisesti laskulla eli seuraavan puhelinlaskusi yhteydess\u00e4.<\/li><\/ul>\n\n<h2 class=\"wp-block-heading\">Miten valita paras mobiilimaksu casino<\/h2>\n\n<p>Mobiilimaksukasinot ovat yleistyneet viime aikoina r\u00e4j\u00e4hdysm\u00e4isell\u00e4 tavalla. Yleistymisen syyn\u00e4 on ollut t\u00e4llaisten kasinoiden helppok\u00e4ytt\u00f6isyys ja suoraviivaisuus. Ne tekev\u00e4t nopeudellaan pelikokemuksesta aikaisempaa sulavamman matalakynnyksisemm\u00e4n.<\/p>\n\n<p>Jos mobiilitalletukset kasinolla kiinnostavat, niin valitse ihmeess\u00e4 oma kasinosuosikkisi oheisesta kasinolistastamme! Uskomme vakaasti, ett\u00e4 mobiilimaksu kasinot ovat tulleet j\u00e4\u00e4d\u00e4kseen!<\/p>\n","protected":false},"excerpt":{"rendered":"<p>Maksutavat ja mobiilimaksu casino Mobiliimaksu casino on sellainen, joka hyv\u00e4ksyy maksamisen k\u00e4tev\u00e4sti suoraan k\u00e4nnyk\u00f6iden ja tablettien avulla. T\u00e4ll\u00e4 alasivulla k\u00e4sittelemmekin&#8230;<\/p>\n","protected":false},"author":3,"featured_media":0,"parent":0,"menu_order":0,"comment_status":"closed","ping_status":"closed","template":"","meta":{"_acf_changed":false,"footnotes":""},"class_list":["post-387","page","type-page","status-publish","hentry"],"acf":[],"yoast_head":"<!-- This site is optimized with the Yoast SEO plugin v27.0 - https:\/\/yoast.com\/product\/yoast-seo-wordpress\/ -->\n<title>Mobiilimaksu casino | Talletus ja nosto monella eri tavalla<\/title>\n<meta name=\"description\" content=\"Mobiilimaksu casino mahdollistaa tallettamisen k\u00e4tev\u00e4sti omalla k\u00e4nyk\u00e4ll\u00e4 tai tabletilla. Me kerromme ilmi\u00f6st\u00e4 kaiken tarvittavan tiiviiss\u00e4 paketissa!\" \/>\n<meta name=\"robots\" content=\"index, follow, max-snippet:-1, max-image-preview:large, max-video-preview:-1\" \/>\n<link rel=\"canonical\" href=\"https:\/\/onlinecasino360.net\/sv\/betalningsmetoder\/\" \/>\n<meta property=\"og:locale\" content=\"sv_SE\" \/>\n<meta property=\"og:type\" content=\"article\" \/>\n<meta property=\"og:title\" content=\"Mobiilimaksu casino | Talletus ja nosto monella eri tavalla\" \/>\n<meta property=\"og:description\" content=\"Mobiilimaksu casino mahdollistaa tallettamisen k\u00e4tev\u00e4sti omalla k\u00e4nyk\u00e4ll\u00e4 tai tabletilla. Me kerromme ilmi\u00f6st\u00e4 kaiken tarvittavan tiiviiss\u00e4 paketissa!\" \/>\n<meta property=\"og:url\" content=\"https:\/\/onlinecasino360.net\/sv\/betalningsmetoder\/\" \/>\n<meta property=\"og:site_name\" content=\"Online Casino 360\" \/>\n<meta property=\"article:modified_time\" content=\"2023-11-17T07:33:17+00:00\" \/>\n<meta name=\"twitter:card\" content=\"summary_large_image\" \/>\n<meta name=\"twitter:label1\" content=\"Ber\u00e4knad l\u00e4stid\" \/>\n\t<meta name=\"twitter:data1\" content=\"1 minut\" \/>\n<script type=\"application\/ld+json\" class=\"yoast-schema-graph\">{\"@context\":\"https:\/\/schema.org\",\"@graph\":[{\"@type\":\"WebPage\",\"@id\":\"https:\/\/onlinecasino360.net\/sv\/betalningsmetoder\/\",\"url\":\"https:\/\/onlinecasino360.net\/sv\/betalningsmetoder\/\",\"name\":\"Mobiilimaksu casino | Talletus ja nosto monella eri tavalla\",\"isPartOf\":{\"@id\":\"https:\/\/onlinecasino360.net\/sv\/#website\"},\"datePublished\":\"2022-06-08T11:46:21+00:00\",\"dateModified\":\"2023-11-17T07:33:17+00:00\",\"description\":\"Mobiilimaksu casino mahdollistaa tallettamisen k\u00e4tev\u00e4sti omalla k\u00e4nyk\u00e4ll\u00e4 tai tabletilla. Me kerromme ilmi\u00f6st\u00e4 kaiken tarvittavan tiiviiss\u00e4 paketissa!\",\"breadcrumb\":{\"@id\":\"https:\/\/onlinecasino360.net\/sv\/betalningsmetoder\/#breadcrumb\"},\"inLanguage\":\"sv-SE\",\"potentialAction\":[{\"@type\":\"ReadAction\",\"target\":[\"https:\/\/onlinecasino360.net\/sv\/betalningsmetoder\/\"]}]},{\"@type\":\"BreadcrumbList\",\"@id\":\"https:\/\/onlinecasino360.net\/sv\/betalningsmetoder\/#breadcrumb\",\"itemListElement\":[{\"@type\":\"ListItem\",\"position\":1,\"name\":\"Svenska Casinon\",\"item\":\"https:\/\/onlinecasino360.net\/sv\/\"},{\"@type\":\"ListItem\",\"position\":2,\"name\":\"Maksutavat\"}]},{\"@type\":\"WebSite\",\"@id\":\"https:\/\/onlinecasino360.net\/sv\/#website\",\"url\":\"https:\/\/onlinecasino360.net\/sv\/\",\"name\":\"Online Casino 360\",\"description\":\"Your online casino portal\",\"publisher\":{\"@id\":\"https:\/\/onlinecasino360.net\/sv\/#organization\"},\"potentialAction\":[{\"@type\":\"SearchAction\",\"target\":{\"@type\":\"EntryPoint\",\"urlTemplate\":\"https:\/\/onlinecasino360.net\/sv\/?s={search_term_string}\"},\"query-input\":{\"@type\":\"PropertyValueSpecification\",\"valueRequired\":true,\"valueName\":\"search_term_string\"}}],\"inLanguage\":\"sv-SE\"},{\"@type\":\"Organization\",\"@id\":\"https:\/\/onlinecasino360.net\/sv\/#organization\",\"name\":\"Evoula AB\",\"url\":\"https:\/\/onlinecasino360.net\/sv\/\",\"logo\":{\"@type\":\"ImageObject\",\"inLanguage\":\"sv-SE\",\"@id\":\"https:\/\/onlinecasino360.net\/sv\/#\/schema\/logo\/image\/\",\"url\":\"https:\/\/onlinecasino360.net\/wp-content\/uploads\/2022\/06\/onlinecasino360.svg\",\"contentUrl\":\"https:\/\/onlinecasino360.net\/wp-content\/uploads\/2022\/06\/onlinecasino360.svg\",\"caption\":\"Evoula AB\"},\"image\":{\"@id\":\"https:\/\/onlinecasino360.net\/sv\/#\/schema\/logo\/image\/\"}}]}<\/script>\n<!-- \/ Yoast SEO plugin. -->","yoast_head_json":{"title":"Mobiilimaksu casino | Talletus ja nosto monella eri tavalla","description":"Mobiilimaksu casino mahdollistaa tallettamisen k\u00e4tev\u00e4sti omalla k\u00e4nyk\u00e4ll\u00e4 tai tabletilla. Me kerromme ilmi\u00f6st\u00e4 kaiken tarvittavan tiiviiss\u00e4 paketissa!","robots":{"index":"index","follow":"follow","max-snippet":"max-snippet:-1","max-image-preview":"max-image-preview:large","max-video-preview":"max-video-preview:-1"},"canonical":"https:\/\/onlinecasino360.net\/sv\/betalningsmetoder\/","og_locale":"sv_SE","og_type":"article","og_title":"Mobiilimaksu casino | Talletus ja nosto monella eri tavalla","og_description":"Mobiilimaksu casino mahdollistaa tallettamisen k\u00e4tev\u00e4sti omalla k\u00e4nyk\u00e4ll\u00e4 tai tabletilla. Me kerromme ilmi\u00f6st\u00e4 kaiken tarvittavan tiiviiss\u00e4 paketissa!","og_url":"https:\/\/onlinecasino360.net\/sv\/betalningsmetoder\/","og_site_name":"Online Casino 360","article_modified_time":"2023-11-17T07:33:17+00:00","twitter_card":"summary_large_image","twitter_misc":{"Ber\u00e4knad l\u00e4stid":"1 minut"},"schema":{"@context":"https:\/\/schema.org","@graph":[{"@type":"WebPage","@id":"https:\/\/onlinecasino360.net\/sv\/betalningsmetoder\/","url":"https:\/\/onlinecasino360.net\/sv\/betalningsmetoder\/","name":"Mobiilimaksu casino | Talletus ja nosto monella eri tavalla","isPartOf":{"@id":"https:\/\/onlinecasino360.net\/sv\/#website"},"datePublished":"2022-06-08T11:46:21+00:00","dateModified":"2023-11-17T07:33:17+00:00","description":"Mobiilimaksu casino mahdollistaa tallettamisen k\u00e4tev\u00e4sti omalla k\u00e4nyk\u00e4ll\u00e4 tai tabletilla. Me kerromme ilmi\u00f6st\u00e4 kaiken tarvittavan tiiviiss\u00e4 paketissa!","breadcrumb":{"@id":"https:\/\/onlinecasino360.net\/sv\/betalningsmetoder\/#breadcrumb"},"inLanguage":"sv-SE","potentialAction":[{"@type":"ReadAction","target":["https:\/\/onlinecasino360.net\/sv\/betalningsmetoder\/"]}]},{"@type":"BreadcrumbList","@id":"https:\/\/onlinecasino360.net\/sv\/betalningsmetoder\/#breadcrumb","itemListElement":[{"@type":"ListItem","position":1,"name":"Svenska Casinon","item":"https:\/\/onlinecasino360.net\/sv\/"},{"@type":"ListItem","position":2,"name":"Maksutavat"}]},{"@type":"WebSite","@id":"https:\/\/onlinecasino360.net\/sv\/#website","url":"https:\/\/onlinecasino360.net\/sv\/","name":"Online Casino 360","description":"Your online casino portal","publisher":{"@id":"https:\/\/onlinecasino360.net\/sv\/#organization"},"potentialAction":[{"@type":"SearchAction","target":{"@type":"EntryPoint","urlTemplate":"https:\/\/onlinecasino360.net\/sv\/?s={search_term_string}"},"query-input":{"@type":"PropertyValueSpecification","valueRequired":true,"valueName":"search_term_string"}}],"inLanguage":"sv-SE"},{"@type":"Organization","@id":"https:\/\/onlinecasino360.net\/sv\/#organization","name":"Evoula AB","url":"https:\/\/onlinecasino360.net\/sv\/","logo":{"@type":"ImageObject","inLanguage":"sv-SE","@id":"https:\/\/onlinecasino360.net\/sv\/#\/schema\/logo\/image\/","url":"https:\/\/onlinecasino360.net\/wp-content\/uploads\/2022\/06\/onlinecasino360.svg","contentUrl":"https:\/\/onlinecasino360.net\/wp-content\/uploads\/2022\/06\/onlinecasino360.svg","caption":"Evoula AB"},"image":{"@id":"https:\/\/onlinecasino360.net\/sv\/#\/schema\/logo\/image\/"}}]}},"_links":{"self":[{"href":"https:\/\/onlinecasino360.net\/sv\/wp-json\/wp\/v2\/pages\/387","targetHints":{"allow":["GET"]}}],"collection":[{"href":"https:\/\/onlinecasino360.net\/sv\/wp-json\/wp\/v2\/pages"}],"about":[{"href":"https:\/\/onlinecasino360.net\/sv\/wp-json\/wp\/v2\/types\/page"}],"author":[{"embeddable":true,"href":"https:\/\/onlinecasino360.net\/sv\/wp-json\/wp\/v2\/users\/3"}],"replies":[{"embeddable":true,"href":"https:\/\/onlinecasino360.net\/sv\/wp-json\/wp\/v2\/comments?post=387"}],"version-history":[{"count":10,"href":"https:\/\/onlinecasino360.net\/sv\/wp-json\/wp\/v2\/pages\/387\/revisions"}],"predecessor-version":[{"id":1131,"href":"https:\/\/onlinecasino360.net\/sv\/wp-json\/wp\/v2\/pages\/387\/revisions\/1131"}],"wp:attachment":[{"href":"https:\/\/onlinecasino360.net\/sv\/wp-json\/wp\/v2\/media?parent=387"}],"curies":[{"name":"wp","href":"https:\/\/api.w.org\/{rel}","templated":true}]}}