{"id":936,"date":"2023-10-24T09:14:35","date_gmt":"2023-10-24T09:14:35","guid":{"rendered":"https:\/\/onlinecasino360.net\/?page_id=936"},"modified":"2024-03-15T07:50:06","modified_gmt":"2024-03-15T07:50:06","slug":"betting","status":"publish","type":"page","link":"https:\/\/onlinecasino360.net\/sv\/betting\/","title":{"rendered":"Betting"},"content":{"rendered":"\n<h2 class=\"wp-block-heading\">Online Betting med Svensk Licens<\/h2>\n\n\n\n<p>Att spela online betting med svensk licens, ger h\u00f6g kvalitet och en fantastisk trygghet f\u00f6r alla spelare. Trots det, finns det m\u00e5nga som vill prova spel utan svensk licens. Kanske inte s\u00e5 underligt, d\u00e5 det var vad vi spelade innan 1 januari 2019. H\u00e4r ska skriva om online betting med svensk licens och bena ut om det \u00e4r s\u00e5 bra som alla s\u00e4ger. Kanske kommer \u00e4ven utl\u00e4ndska bettingsidor att vara bra.<\/p>\n\n\n\n<h2 class=\"wp-block-heading\">Skillnader mellan svenska och utl\u00e4ndska bettingsidor<\/h2>\n\n\n\n<p>Vi b\u00f6rjar med det vi kallar skillnader mellan svenska och utl\u00e4ndska bettingsidor. H\u00e4r finns det n\u00e5gra stora, medan det ocks\u00e5 finns ett antal sm\u00e5. Som vi vet beh\u00f6ver inte betting st\u00e5 f\u00f6r enbart sport. H\u00e4r kan du \u00e4ven betta p\u00e5 ditt casino, vilket g\u00f6r att betting omfattar mycket mera.<\/p>\n\n\n\n<p>De tv\u00e5 st\u00f6rsta skillnaderna \u00e4r f\u00f6ljande,<\/p>\n\n\n\n<ul class=\"wp-block-list\">\n<li>Registrering: mera kan du bara utf\u00f6ra snabb och enkel registrering p\u00e5 svenska bettingsidor med svensk licens. P\u00e5 utl\u00e4ndska bettingsidor g\u00e4ller manuell registrering.<\/li>\n\n\n\n<li>Betalningsmetoder: P\u00e5 online betting utan svensk licens, kan du inte l\u00e4ngre anv\u00e4nda Trustly eller Zimpler, vilket g\u00f6r det sv\u00e5rt att anv\u00e4nda direkt bank\u00f6verf\u00f6ring och f\u00e5 snabba uttag. \u00c4ven Skrill och Neteller \u00e4r borta f\u00f6r svenska spelare utomlands.<\/li>\n<\/ul>\n\n\n\n<p>Andra skillnader mellan svenska och utl\u00e4ndska bettingsidor \u00e4r att spelutbudet samt fokus p\u00e5 olika marknader och sporter kan vara annorlunda. Det kan ocks\u00e5 vara skillnader g\u00e4llande om du erh\u00e5ller bonusar och erbjudanden eller f\u00e5r skattefria vinster beroende p\u00e5 vilken spellicens de driver sitt spel med.<\/p>\n\n\n\n<p>Ut\u00f6ver allt detta v\u00e4xer skaran av <a href=\"https:\/\/onlinecasino360.net\/sv\/\">svenska casinon med licens<\/a> som ocks\u00e5 erbjuder online betting.<\/p>\n\n\n\n<h2 class=\"wp-block-heading\">F\u00f6rdelar med svenska bettingsidor<\/h2>\n\n\n\n<ul class=\"wp-block-list\">\n<li>H\u00f6g s\u00e4kerhet och trygghet med kraftigt konsumentskydd.<\/li>\n\n\n\n<li>Alltid skattefria vinster.<\/li>\n\n\n\n<li>Registrering med BankID.<\/li>\n\n\n\n<li>Flera popul\u00e4ra betalningsmetoder.<\/li>\n\n\n\n<li>M\u00f6jligheter att spela p\u00e5 Pay N Play med snabba uttag.<\/li>\n<\/ul>\n\n\n\n<h2 class=\"wp-block-heading\">Nackdelar online betting med svensk licens<\/h2>\n\n\n\n<ul class=\"wp-block-list\">\n<li>Enbart en v\u00e4lkomstbonus.<\/li>\n\n\n\n<li>F\u00f6rbud mot VIP och lojalitetsprogram.<\/li>\n\n\n\n<li>Risk f\u00f6r spelgr\u00e4nser och begr\u00e4sningar.<\/li>\n<\/ul>\n\n\n\n<h2 class=\"wp-block-heading\">S\u00e5 spelar du online betting<\/h2>\n\n\n\n<p>Att komma ig\u00e5ng med online betting \u00e4r mycket enkelt. Detta oavsett om du spelar med eller utan svensk licens. Den enda skillnaden \u00e4r att du f\u00e5r g\u00f6ra en manuell registrering ist\u00e4llet f\u00f6r att den sker automatiskt. Nedan ser du punkterna f\u00f6r att komma ig\u00e5ng p\u00e5 betting med svensk licens.<\/p>\n\n\n\n<ol class=\"wp-block-list\">\n<li>V\u00e4lj en passande spelsida med svensk licens som erbjuder bra betting inom ditt intresseomr\u00e5de.<\/li>\n\n\n\n<li>Skapa ett nytt spelkonto via uppgifter i ditt BankID.<\/li>\n\n\n\n<li>Tacka ja till eventuell v\u00e4lkomstbonus och g\u00f6r din f\u00f6rsta ins\u00e4ttning.<\/li>\n\n\n\n<li>Pengarna finns nu p\u00e5 ditt spelkonto och du kan b\u00f6rja spela online betting.<\/li>\n<\/ol>\n\n\n\n<h2 class=\"wp-block-heading\">Online betting bonusar<\/h2>\n\n\n\n<p>G\u00e4llande bonusar f\u00f6r online betting med svensk licens har det f\u00f6r\u00e4ndrats. Numera kan du bara f\u00e5 en v\u00e4lkomstbonus p\u00e5 betting med svensk licens. D\u00e4rav har det skapat ett stort intresse f\u00f6r utl\u00e4ndska bettingsidor. Dock kommer det inte vara enbart f\u00f6rdelar med flera bonusar.<\/p>\n\n\n\n<p>F\u00f6r att f\u00e5 obegr\u00e4nsat med bonusar m\u00e5ste du v\u00e4lja spel hos utl\u00e4ndska bettingsidor med spellicens utanf\u00f6r EU. N\u00e5got som inneb\u00e4r att du byter flera bonusar mot att ist\u00e4llet betala 30% skatt p\u00e5 alla dina vinster. Detta d\u00e5 EU licensierade spelbolag slutat ge bonusar till svenska spelare.<\/p>\n\n\n\n<p>I det fallet anser vi det b\u00e4ttre att v\u00e4lja en bonus p\u00e5 online betting med svensk licens och p\u00e5 s\u00e5 s\u00e4tt f\u00e5 b\u00e5de bonus och beh\u00e5lla dina skattefria vinster. N\u00e4r sanning ska fram, kommer du som spelar utan bonus ocks\u00e5 slippa oms\u00e4ttningskrav. N\u00e5got som g\u00f6r det lite l\u00e4ttare att vinna.<\/p>\n\n\n\n<h2 class=\"wp-block-heading\">V\u00e4lj b\u00e4sta spels\u00e4tt f\u00f6r online betting med svensk licens<\/h2>\n\n\n\n<p>Att v\u00e4lja b\u00e4sta spels\u00e4tt p\u00e5 online betting, \u00e4r naturligtvis n\u00e5got mycket individuellt. Dock g\u00e5r det att finna det b\u00e4sta genom att se till dina procentuella vinstchanser. I det fallet \u00e4r det utan tvekan 1&#215;2 bets som \u00e4r det r\u00e4tta valet.<\/p>\n\n\n\n<p>V\u00e4ljer du att spela enkelspel p\u00e5 denna spelform, kommer du att ha minst 33,3 % chans att vinna. Vissa g\u00e5nger kommer det bara finnas tv\u00e5 val mellan 1 eller 2. I det fallet har du hela 50% chans sett till slumpen. Har du d\u00e5 ocks\u00e5 kunskaper \u00f6kar dina chanser m\u00e5ngfaldigt.<\/p>\n\n\n\n<h2 class=\"wp-block-heading\">Spela online betting ansvarsfullt<\/h2>\n\n\n\n<p>Som en sista punkt, ska vi ta upp hur viktigt det \u00e4r att verkligen spela ansvarsfullt. H\u00e4r \u00e4r det inte bara spelbolaget som erbjuder online betting som ska ta sitt ansvar. Som spelare har du ocks\u00e5 ett ansvar f\u00f6r din ekonomi, v\u00e4lm\u00e5ende och din eventuella familj.<\/p>\n\n\n\n<p>Med det sagt ska du alltid skapa en spelbudet, och aldrig spela f\u00f6r mera \u00e4n du har r\u00e5d med. Spela ska vara roligt och underh\u00e5llande. K\u00e4nner du ett problem att hantera ditt spelande, kan det vara dags att ta en spelpaus. Det kan du g\u00f6ra p\u00e5 svenska bettingsidor via Spelpaus, eller p\u00e5 utl\u00e4ndska bettingsidor via sj\u00e4lvavst\u00e4ngning.<\/p>\n\n\n<div class=\"news-wrapper\"><div class=\"news-item \">\n    <div class=\"news-item-image-wrapper\" style=\"background-image:url('https:\/\/onlinecasino360.net\/wp-content\/uploads\/2024\/03\/analysera-poangstallningen-i-sveriges-herrlandslag-i-fotboll-topcontent.com-ai-0.jpg');\"><\/div>\n    <div class=\"news-item-text-wrapper\">\n        <div class=\"news-title-wrapper\">\n            <div class=\"date\">2024-03-18<\/div>\n            <div class=\"title\">Po\u00e4ngst\u00e4llningen i Sveriges herrlandslag i fotboll<\/div>\n        <\/div>\n        <div class=\"excerpt\">Po\u00e4ngst\u00e4llningen i Sveriges herrlandslag i fotboll N\u00e4r det g\u00e4ller po\u00e4ngst\u00e4llningen i Sveriges herrlandslag i fotboll finns det alltid en intensiv...<\/div>\n    <\/div>\n\n    <div class=\"news-item-cta-wrapper\">\n        <a href=\"https:\/\/onlinecasino360.net\/sv\/betting\/poangstallningen-i-sveriges-herrlandslag-i-fotboll\/\" class=\"button outline\">L\u00e4s mer<\/a>\n    <\/div>\n<\/div><div class=\"news-item \">\n    <div class=\"news-item-image-wrapper\" style=\"background-image:url('https:\/\/onlinecasino360.net\/wp-content\/uploads\/2024\/03\/Liverpool-FC-mot-Aston-Villa-laguppsta\u0308llning.png');\"><\/div>\n    <div class=\"news-item-text-wrapper\">\n        <div class=\"news-title-wrapper\">\n            <div class=\"date\">2024-03-15<\/div>\n            <div class=\"title\">Liverpool FC mot Aston Villa laguppst\u00e4llning<\/div>\n        <\/div>\n        <div class=\"excerpt\">Liverpool FC mot Aston Villa laguppst\u00e4llning I en av s\u00e4songens mest efterl\u00e4ngtade m\u00f6ten st\u00e5r Liverpool FC redo att ta sig...<\/div>\n    <\/div>\n\n    <div class=\"news-item-cta-wrapper\">\n        <a href=\"https:\/\/onlinecasino360.net\/sv\/betting\/liverpool-fc-mot-aston-villa-laguppstallning\/\" class=\"button outline\">L\u00e4s mer<\/a>\n    <\/div>\n<\/div><div class=\"news-item \">\n    <div class=\"news-item-image-wrapper\" style=\"background-image:url('https:\/\/onlinecasino360.net\/wp-content\/uploads\/2024\/03\/Wolverhampton-mot-Liverpool-laguppsta\u0308llning.png');\"><\/div>\n    <div class=\"news-item-text-wrapper\">\n        <div class=\"news-title-wrapper\">\n            <div class=\"date\">2024-03-15<\/div>\n            <div class=\"title\">Wolverhampton mot Liverpool<\/div>\n        <\/div>\n        <div class=\"excerpt\">Wolverhampton mot Liverpool Den kommande matchen mellan Wolverhampton och Liverpool v\u00e4cker stor uppm\u00e4rksamhet inom fotbollsv\u00e4rlden. B\u00e5da lagen st\u00e5r inf\u00f6r en...<\/div>\n    <\/div>\n\n    <div class=\"news-item-cta-wrapper\">\n        <a href=\"https:\/\/onlinecasino360.net\/sv\/betting\/wolverhampton-mot-liverpool\/\" class=\"button outline\">L\u00e4s mer<\/a>\n    <\/div>\n<\/div><div class=\"news-item \">\n    <div class=\"news-item-image-wrapper\" style=\"background-image:url('https:\/\/onlinecasino360.net\/wp-content\/uploads\/2024\/03\/Newcastle-mot-Man-City-laguppsta\u0308llning.png');\"><\/div>\n    <div class=\"news-item-text-wrapper\">\n        <div class=\"news-title-wrapper\">\n            <div class=\"date\">2024-03-15<\/div>\n            <div class=\"title\">Newcastle mot City laguppst\u00e4llning<\/div>\n        <\/div>\n        <div class=\"excerpt\">Newcastle mot City laguppst\u00e4llning Tv\u00e5 av Premier Leagues st\u00f6rre klubbar, Newcastle United och Manchester City, ska kliva in p\u00e5 gr\u00e4smattan...<\/div>\n    <\/div>\n\n    <div class=\"news-item-cta-wrapper\">\n        <a href=\"https:\/\/onlinecasino360.net\/sv\/betting\/newcastle-mot-city-laguppstallning\/\" class=\"button outline\">L\u00e4s mer<\/a>\n    <\/div>\n<\/div><div class=\"news-item \">\n    <div class=\"news-item-image-wrapper\" style=\"background-image:url('https:\/\/onlinecasino360.net\/wp-content\/uploads\/2024\/02\/spannande-poangstallning-i-em-kvalet-senaste-nyheterna-och-uppdateringarna-topcontent.com-ai-0.jpg');\"><\/div>\n    <div class=\"news-item-text-wrapper\">\n        <div class=\"news-title-wrapper\">\n            <div class=\"date\">2024-02-19<\/div>\n            <div class=\"title\">Po\u00e4ngst\u00e4llning i EM-kvalet<\/div>\n        <\/div>\n        <div class=\"excerpt\">Po\u00e4ngst\u00e4llning i EM-kvalet Den p\u00e5g\u00e5ende kampen och po\u00e4ngst\u00e4llningen i EM-kvalet har varit en nagelbitare f\u00f6r fotbollsfans v\u00e4rlden \u00f6ver. Med senaste...<\/div>\n    <\/div>\n\n    <div class=\"news-item-cta-wrapper\">\n        <a href=\"https:\/\/onlinecasino360.net\/sv\/betting\/poangstallning-i-em-kvalet\/\" class=\"button outline\">L\u00e4s mer<\/a>\n    <\/div>\n<\/div><div class=\"news-item \">\n    <div class=\"news-item-image-wrapper\" style=\"background-image:url('https:\/\/onlinecasino360.net\/wp-content\/uploads\/2024\/02\/arsenal-mot-man-utd-laguppstallning-topcontent.com-ai-0.jpg');\"><\/div>\n    <div class=\"news-item-text-wrapper\">\n        <div class=\"news-title-wrapper\">\n            <div class=\"date\">2024-02-14<\/div>\n            <div class=\"title\">Arsenal mot Man utd laguppst\u00e4llning<\/div>\n        <\/div>\n        <div class=\"excerpt\">Arsenal mot Man utd laguppst\u00e4llning Inf\u00f6r den sp\u00e4nnande fotbollsmatchen mellan Arsenal och Manchester United \u00e4r det dags att unders\u00f6ka lagens...<\/div>\n    <\/div>\n\n    <div class=\"news-item-cta-wrapper\">\n        <a href=\"https:\/\/onlinecasino360.net\/sv\/betting\/arsenal-mot-man-utd-laguppstallning\/\" class=\"button outline\">L\u00e4s mer<\/a>\n    <\/div>\n<\/div><div class=\"news-item \">\n    <div class=\"news-item-image-wrapper\" style=\"background-image:url('https:\/\/onlinecasino360.net\/wp-content\/uploads\/2024\/01\/Osasuna-mot-FC-Barcelona-laguppsta\u0308llning.jpeg');\"><\/div>\n    <div class=\"news-item-text-wrapper\">\n        <div class=\"news-title-wrapper\">\n            <div class=\"date\">2024-01-31<\/div>\n            <div class=\"title\">Osasuna mot FC Barcelona laguppst\u00e4llning<\/div>\n        <\/div>\n        <div class=\"excerpt\">Osasuna mot FC Barcelona laguppst\u00e4llning Den kommande matchen mellan Osasuna och FC Barcelona f\u00f6rv\u00e4ntas bli en intensiv drabbning d\u00e4r tv\u00e5...<\/div>\n    <\/div>\n\n    <div class=\"news-item-cta-wrapper\">\n        <a href=\"https:\/\/onlinecasino360.net\/sv\/betting\/osasuna-mot-fc-barcelona-laguppstallning\/\" class=\"button outline\">L\u00e4s mer<\/a>\n    <\/div>\n<\/div><div class=\"news-item \">\n    <div class=\"news-item-image-wrapper\" style=\"background-image:url('https:\/\/onlinecasino360.net\/wp-content\/uploads\/2022\/06\/onlinecasino360.svg');\"><\/div>\n    <div class=\"news-item-text-wrapper\">\n        <div class=\"news-title-wrapper\">\n            <div class=\"date\">2023-10-25<\/div>\n            <div class=\"title\">\u200b\u200bLiverpool fc mot brighton &#038; hove albion fc laguppst\u00e4llning<\/div>\n        <\/div>\n        <div class=\"excerpt\">\u200b\u200bLiverpool fc mot brighton &amp; hove albion fc laguppst\u00e4llning I den kommande matchen mellan Liverpool och Brighton &amp; Hove Albion...<\/div>\n    <\/div>\n\n    <div class=\"news-item-cta-wrapper\">\n        <a href=\"https:\/\/onlinecasino360.net\/sv\/betting\/liverpool-fc-mot-brighton-hove-albion-fc-laguppstallning\/\" class=\"button outline\">L\u00e4s mer<\/a>\n    <\/div>\n<\/div><\/div>\n\n\n\n<div style=\"height:100px\" aria-hidden=\"true\" class=\"wp-block-spacer\"><\/div>\n","protected":false},"excerpt":{"rendered":"<p>Online Betting med Svensk Licens Att spela online betting med svensk licens, ger h\u00f6g kvalitet och en fantastisk trygghet f\u00f6r&#8230;<\/p>\n","protected":false},"author":1,"featured_media":0,"parent":0,"menu_order":0,"comment_status":"closed","ping_status":"closed","template":"","meta":{"_acf_changed":false,"footnotes":""},"class_list":["post-936","page","type-page","status-publish","hentry"],"acf":[],"yoast_head":"<!-- This site is optimized with the Yoast SEO plugin v27.0 - https:\/\/yoast.com\/product\/yoast-seo-wordpress\/ -->\n<title>Betting - Online Casino 360<\/title>\n<meta name=\"robots\" content=\"index, follow, max-snippet:-1, max-image-preview:large, max-video-preview:-1\" \/>\n<link rel=\"canonical\" href=\"https:\/\/onlinecasino360.net\/sv\/betting\/\" \/>\n<meta property=\"og:locale\" content=\"sv_SE\" \/>\n<meta property=\"og:type\" content=\"article\" \/>\n<meta property=\"og:title\" content=\"Betting - Online Casino 360\" \/>\n<meta property=\"og:description\" content=\"Online Betting med Svensk Licens Att spela online betting med svensk licens, ger h\u00f6g kvalitet och en fantastisk trygghet f\u00f6r...\" \/>\n<meta property=\"og:url\" content=\"https:\/\/onlinecasino360.net\/sv\/betting\/\" \/>\n<meta property=\"og:site_name\" content=\"Online Casino 360\" \/>\n<meta property=\"article:modified_time\" content=\"2024-03-15T07:50:06+00:00\" \/>\n<meta name=\"twitter:card\" content=\"summary_large_image\" \/>\n<meta name=\"twitter:label1\" content=\"Ber\u00e4knad l\u00e4stid\" \/>\n\t<meta name=\"twitter:data1\" content=\"5 minuter\" \/>\n<script type=\"application\/ld+json\" class=\"yoast-schema-graph\">{\"@context\":\"https:\/\/schema.org\",\"@graph\":[{\"@type\":\"WebPage\",\"@id\":\"https:\/\/onlinecasino360.net\/sv\/betting\/\",\"url\":\"https:\/\/onlinecasino360.net\/sv\/betting\/\",\"name\":\"Betting - Online Casino 360\",\"isPartOf\":{\"@id\":\"https:\/\/onlinecasino360.net\/sv\/#website\"},\"datePublished\":\"2023-10-24T09:14:35+00:00\",\"dateModified\":\"2024-03-15T07:50:06+00:00\",\"breadcrumb\":{\"@id\":\"https:\/\/onlinecasino360.net\/sv\/betting\/#breadcrumb\"},\"inLanguage\":\"sv-SE\",\"potentialAction\":[{\"@type\":\"ReadAction\",\"target\":[\"https:\/\/onlinecasino360.net\/sv\/betting\/\"]}]},{\"@type\":\"BreadcrumbList\",\"@id\":\"https:\/\/onlinecasino360.net\/sv\/betting\/#breadcrumb\",\"itemListElement\":[{\"@type\":\"ListItem\",\"position\":1,\"name\":\"Svenska Casinon\",\"item\":\"https:\/\/onlinecasino360.net\/sv\/\"},{\"@type\":\"ListItem\",\"position\":2,\"name\":\"Betting\"}]},{\"@type\":\"WebSite\",\"@id\":\"https:\/\/onlinecasino360.net\/sv\/#website\",\"url\":\"https:\/\/onlinecasino360.net\/sv\/\",\"name\":\"Online Casino 360\",\"description\":\"Your online casino portal\",\"publisher\":{\"@id\":\"https:\/\/onlinecasino360.net\/sv\/#organization\"},\"potentialAction\":[{\"@type\":\"SearchAction\",\"target\":{\"@type\":\"EntryPoint\",\"urlTemplate\":\"https:\/\/onlinecasino360.net\/sv\/?s={search_term_string}\"},\"query-input\":{\"@type\":\"PropertyValueSpecification\",\"valueRequired\":true,\"valueName\":\"search_term_string\"}}],\"inLanguage\":\"sv-SE\"},{\"@type\":\"Organization\",\"@id\":\"https:\/\/onlinecasino360.net\/sv\/#organization\",\"name\":\"Evoula AB\",\"url\":\"https:\/\/onlinecasino360.net\/sv\/\",\"logo\":{\"@type\":\"ImageObject\",\"inLanguage\":\"sv-SE\",\"@id\":\"https:\/\/onlinecasino360.net\/sv\/#\/schema\/logo\/image\/\",\"url\":\"https:\/\/onlinecasino360.net\/wp-content\/uploads\/2022\/06\/onlinecasino360.svg\",\"contentUrl\":\"https:\/\/onlinecasino360.net\/wp-content\/uploads\/2022\/06\/onlinecasino360.svg\",\"caption\":\"Evoula AB\"},\"image\":{\"@id\":\"https:\/\/onlinecasino360.net\/sv\/#\/schema\/logo\/image\/\"}}]}<\/script>\n<!-- \/ Yoast SEO plugin. -->","yoast_head_json":{"title":"Betting - Online Casino 360","robots":{"index":"index","follow":"follow","max-snippet":"max-snippet:-1","max-image-preview":"max-image-preview:large","max-video-preview":"max-video-preview:-1"},"canonical":"https:\/\/onlinecasino360.net\/sv\/betting\/","og_locale":"sv_SE","og_type":"article","og_title":"Betting - Online Casino 360","og_description":"Online Betting med Svensk Licens Att spela online betting med svensk licens, ger h\u00f6g kvalitet och en fantastisk trygghet f\u00f6r...","og_url":"https:\/\/onlinecasino360.net\/sv\/betting\/","og_site_name":"Online Casino 360","article_modified_time":"2024-03-15T07:50:06+00:00","twitter_card":"summary_large_image","twitter_misc":{"Ber\u00e4knad l\u00e4stid":"5 minuter"},"schema":{"@context":"https:\/\/schema.org","@graph":[{"@type":"WebPage","@id":"https:\/\/onlinecasino360.net\/sv\/betting\/","url":"https:\/\/onlinecasino360.net\/sv\/betting\/","name":"Betting - Online Casino 360","isPartOf":{"@id":"https:\/\/onlinecasino360.net\/sv\/#website"},"datePublished":"2023-10-24T09:14:35+00:00","dateModified":"2024-03-15T07:50:06+00:00","breadcrumb":{"@id":"https:\/\/onlinecasino360.net\/sv\/betting\/#breadcrumb"},"inLanguage":"sv-SE","potentialAction":[{"@type":"ReadAction","target":["https:\/\/onlinecasino360.net\/sv\/betting\/"]}]},{"@type":"BreadcrumbList","@id":"https:\/\/onlinecasino360.net\/sv\/betting\/#breadcrumb","itemListElement":[{"@type":"ListItem","position":1,"name":"Svenska Casinon","item":"https:\/\/onlinecasino360.net\/sv\/"},{"@type":"ListItem","position":2,"name":"Betting"}]},{"@type":"WebSite","@id":"https:\/\/onlinecasino360.net\/sv\/#website","url":"https:\/\/onlinecasino360.net\/sv\/","name":"Online Casino 360","description":"Your online casino portal","publisher":{"@id":"https:\/\/onlinecasino360.net\/sv\/#organization"},"potentialAction":[{"@type":"SearchAction","target":{"@type":"EntryPoint","urlTemplate":"https:\/\/onlinecasino360.net\/sv\/?s={search_term_string}"},"query-input":{"@type":"PropertyValueSpecification","valueRequired":true,"valueName":"search_term_string"}}],"inLanguage":"sv-SE"},{"@type":"Organization","@id":"https:\/\/onlinecasino360.net\/sv\/#organization","name":"Evoula AB","url":"https:\/\/onlinecasino360.net\/sv\/","logo":{"@type":"ImageObject","inLanguage":"sv-SE","@id":"https:\/\/onlinecasino360.net\/sv\/#\/schema\/logo\/image\/","url":"https:\/\/onlinecasino360.net\/wp-content\/uploads\/2022\/06\/onlinecasino360.svg","contentUrl":"https:\/\/onlinecasino360.net\/wp-content\/uploads\/2022\/06\/onlinecasino360.svg","caption":"Evoula AB"},"image":{"@id":"https:\/\/onlinecasino360.net\/sv\/#\/schema\/logo\/image\/"}}]}},"_links":{"self":[{"href":"https:\/\/onlinecasino360.net\/sv\/wp-json\/wp\/v2\/pages\/936","targetHints":{"allow":["GET"]}}],"collection":[{"href":"https:\/\/onlinecasino360.net\/sv\/wp-json\/wp\/v2\/pages"}],"about":[{"href":"https:\/\/onlinecasino360.net\/sv\/wp-json\/wp\/v2\/types\/page"}],"author":[{"embeddable":true,"href":"https:\/\/onlinecasino360.net\/sv\/wp-json\/wp\/v2\/users\/1"}],"replies":[{"embeddable":true,"href":"https:\/\/onlinecasino360.net\/sv\/wp-json\/wp\/v2\/comments?post=936"}],"version-history":[{"count":3,"href":"https:\/\/onlinecasino360.net\/sv\/wp-json\/wp\/v2\/pages\/936\/revisions"}],"predecessor-version":[{"id":1294,"href":"https:\/\/onlinecasino360.net\/sv\/wp-json\/wp\/v2\/pages\/936\/revisions\/1294"}],"wp:attachment":[{"href":"https:\/\/onlinecasino360.net\/sv\/wp-json\/wp\/v2\/media?parent=936"}],"curies":[{"name":"wp","href":"https:\/\/api.w.org\/{rel}","templated":true}]}}